{"id":3376,"date":"2025-05-01T13:07:18","date_gmt":"2025-05-01T13:07:18","guid":{"rendered":"https:\/\/innogando.com\/aplicacao-rumi\/"},"modified":"2025-06-24T14:42:53","modified_gmt":"2025-06-24T14:42:53","slug":"aplicacao-rumi","status":"publish","type":"page","link":"https:\/\/innogando.com\/pt-pt\/aplicacao-rumi\/","title":{"rendered":"Aplica\u00e7\u00e3o Rumi"},"content":{"rendered":"<section class=\"l-section wpb_row us_custom_2f808c58 height_custom with_video with_shape\"><div id=\"us_bg_video_iff1\" class=\"l-section-video\"><script id=\"us_bg_video_iff1-script\">!function(w){var node = document.getElementById( 'us_bg_video_iff1' );if ( w.innerWidth <= 100 ) { node.remove() }}(window);<\/script><style>@media(max-width:100px){#us_bg_video_iff1{display:none!important}}<\/style><video  autoplay loop muted playsinline preload=\"auto\"><source type=\"video\/mp4\" src=\"https:\/\/innogando.com\/wp-content\/uploads\/2025\/05\/RumiApp.mp4\" \/><\/video><\/div><div class=\"l-section-overlay\" style=\"background:rgba(0,0,0,0.35)\"><\/div><div class=\"l-section-shape type_triangle-2 pos_bottom on_front hor_flip\" style=\"height:10vmin;\"><svg xmlns=\"http:\/\/www.w3.org\/2000\/svg\" viewBox=\"0 0 64 8\" preserveAspectRatio=\"none\" width=\"100%\" height=\"100%\">\r\n\t<path fill=\"currentColor\" d=\"M64 8 L0 8 L0 0 L48 7.9 L64 0 Z\"\/>\r\n<\/svg><\/div><div class=\"l-section-h i-cf\"><div class=\"g-cols vc_row via_grid cols_3-2 laptops-cols_inherit tablets-cols_inherit mobiles-cols_1 valign_top type_default stacking_default\"><div class=\"wpb_column vc_column_container us_custom_eecd5a9b\"><div class=\"vc_column-inner\"><h1 class=\"w-text us_custom_836f727b has_text_color\"><span class=\"w-text-h\"><span class=\"w-text-value\">A melhor APP de gest\u00e3o de gado: Rumi APP, todo o teu rebanho na ponta dos dedos<\/span><\/span><\/h1><div class=\"wpb_text_column us_custom_836f727b has_text_color\"><div class=\"wpb_wrapper\"><p>Sabes o que vais encontrar hoje na tua quinta?<br \/>\n<strong>Os nossos agricultores sabem<\/strong>.<\/p>\n<p>Na primeira hora do dia, <strong>antes de entrarem no campo<\/strong>, basta um olhar para a aplica\u00e7\u00e3o Rumi para saberem se h\u00e1 vacas doentes, vacas com cio ou vacas que precisam de aten\u00e7\u00e3o r\u00e1pida.<\/p>\n<\/div><\/div><div class=\"w-separator size_custom\" style=\"height:5vh\"><\/div><\/div><\/div><div class=\"wpb_column vc_column_container\"><div class=\"vc_column-inner\"><\/div><\/div><\/div><\/div><\/section><section class=\"l-section wpb_row height_custom\" id=\"section-04\"><div class=\"l-section-h i-cf\"><div class=\"g-cols vc_row via_grid cols_1 laptops-cols_inherit tablets-cols_inherit mobiles-cols_1 valign_top type_default stacking_default\"><div class=\"wpb_column vc_column_container\"><div class=\"vc_column-inner\"><div class=\"wpb_text_column us_custom_eb849559\"><div class=\"wpb_wrapper\"><p>E s\u00e3o as vacas com GPS de medi\u00e7\u00e3o de atividade que permitem um maior controlo do gado.<\/p>\n<\/div><\/div><div class=\"w-separator size_small\"><\/div><div class=\"g-cols wpb_row via_grid cols_3 laptops-cols_inherit tablets-cols_1 mobiles-cols_1 valign_top type_default stacking_default\" style=\"--columns-gap:1.5rem;\"><div class=\"wpb_column vc_column_container us_custom_e668065f has_text_color has_bg_color\"><div class=\"vc_column-inner\"><div class=\"w-iconbox iconpos_top style_default color_primary align_center no_text no_title icontype_img\"><div class=\"w-iconbox-icon\" style=\"font-size:80px;\"><img decoding=\"async\" width=\"128\" height=\"128\" src=\"https:\/\/innogando.com\/wp-content\/uploads\/2025\/05\/salud-animal.png\" class=\"attachment-full size-full\" alt=\"Salud de los animales\" \/><\/div><div class=\"w-iconbox-meta\"><\/div><\/div><div class=\"w-separator size_small\"><\/div><h3 class=\"w-text\"><span class=\"w-text-h\"><span class=\"w-text-value\">Sa\u00fade animal<\/span><\/span><\/h3><div class=\"wpb_text_column\"><div class=\"wpb_wrapper\"><p>Antecipa a doen\u00e7a at\u00e9 48 horas antes de observares os sintomas cl\u00ednicos.<\/p>\n<\/div><\/div><\/div><\/div><div class=\"wpb_column vc_column_container us_custom_e668065f has_text_color has_bg_color\"><div class=\"vc_column-inner\"><div class=\"w-iconbox iconpos_top style_default color_primary align_center no_text no_title icontype_img\"><div class=\"w-iconbox-icon\" style=\"font-size:80px;\"><img decoding=\"async\" width=\"128\" height=\"128\" src=\"https:\/\/innogando.com\/wp-content\/uploads\/2025\/05\/celos-partos.png\" class=\"attachment-full size-full\" alt=\"Rumi App: Celos y partos\" \/><\/div><div class=\"w-iconbox-meta\"><\/div><\/div><div class=\"w-separator size_small\"><\/div><h3 class=\"w-text\"><span class=\"w-text-h\"><span class=\"w-text-value\">O ci\u00fame e o parto  <\/span><\/span><\/h3><div class=\"wpb_text_column\"><div class=\"wpb_wrapper\"><p>Optimiza a produtividade do teu rebanho e evita perdas.<\/p>\n<\/div><\/div><\/div><\/div><div class=\"wpb_column vc_column_container us_custom_e668065f has_text_color has_bg_color\"><div class=\"vc_column-inner\"><div class=\"w-iconbox iconpos_top style_default color_primary align_center no_text no_title icontype_img\"><div class=\"w-iconbox-icon\" style=\"font-size:80px;\"><img decoding=\"async\" width=\"128\" height=\"128\" src=\"https:\/\/innogando.com\/wp-content\/uploads\/2025\/05\/alerta-app.png\" class=\"attachment-full size-full\" alt=\"Alerta App\" \/><\/div><div class=\"w-iconbox-meta\"><\/div><\/div><div class=\"w-separator size_small\"><\/div><h3 class=\"w-text\"><span class=\"w-text-h\"><span class=\"w-text-value\">Alertas instant\u00e2neos<\/span><\/span><\/h3><div class=\"wpb_text_column\"><div class=\"wpb_wrapper\"><p>Rumi avisa-te sobre fugas de propriedades, ci\u00fames, mudan\u00e7as de comportamento, queda de Rumia e muito mais.<\/p>\n<\/div><\/div><\/div><\/div><\/div><\/div><\/div><\/div><\/div><\/section><section class=\"l-section wpb_row us_custom_887a049b height_custom\"><div class=\"l-section-h i-cf\"><div class=\"g-cols vc_row via_grid cols_2-3 laptops-cols_inherit tablets-cols_inherit mobiles-cols_1 valign_middle type_default stacking_default\"><div class=\"wpb_column vc_column_container\"><div class=\"vc_column-inner\"><div class=\"w-image align_none\"><div class=\"w-image-h\"><img loading=\"lazy\" decoding=\"async\" width=\"800\" height=\"843\" src=\"https:\/\/innogando.com\/wp-content\/uploads\/2025\/05\/Geofencing.png\" class=\"attachment-large size-large\" alt=\"Geofencing\" loading=\"lazy\" srcset=\"https:\/\/innogando.com\/wp-content\/uploads\/2025\/05\/Geofencing.png 800w, https:\/\/innogando.com\/wp-content\/uploads\/2025\/05\/Geofencing-285x300.png 285w\" sizes=\"auto, (max-width: 800px) 100vw, 800px\" \/><\/div><\/div><\/div><\/div><div class=\"wpb_column vc_column_container\"><div class=\"vc_column-inner\"><h2 class=\"w-text\"><span class=\"w-text-h\"><span class=\"w-text-value\">Geofencing<\/span><\/span><\/h2><div class=\"wpb_text_column\"><div class=\"wpb_wrapper\"><p>Divide e controla os teus lotes na palma da tua m\u00e3o.<\/p>\n<p><strong>Poupa o tempo e o combust\u00edvel de viajar<\/strong> para verificar se os animais est\u00e3o na quinta. Ativa a geofencing na tua APP Rumi, e ser\u00e1s imediatamente alertado se algum deles sair dos limites virtuais. <\/p>\n<\/div><\/div><\/div><\/div><\/div><\/div><\/section><section class=\"l-section wpb_row us_custom_c70c97eb height_custom\"><div class=\"l-section-h i-cf\"><div class=\"g-cols vc_row via_grid cols_3-2 laptops-cols_inherit tablets-cols_inherit mobiles-cols_1 valign_middle type_default stacking_default\"><div class=\"wpb_column vc_column_container\"><div class=\"vc_column-inner\"><h2 class=\"w-text\"><span class=\"w-text-h\"><span class=\"w-text-value\">Vis\u00e3o da produ\u00e7\u00e3o anual  <\/span><\/span><\/h2><div class=\"wpb_text_column\"><div class=\"wpb_wrapper\"><p>Os dados s\u00e3o apresentados de forma clara e simples para que possas tomar decis\u00f5es informadas.<\/p>\n<p>Com eventos autom\u00e1ticos e personalizados, esta tecnologia pecu\u00e1ria<strong> calcula os dados de produ\u00e7\u00e3o por ti<\/strong> e informa-te sobre os pr\u00f3ximos calores.<\/p>\n<p>A APP Rumi Cattle est\u00e1 inclu\u00edda no pre\u00e7o das coleiras gps para vacas, bem como todas as actualiza\u00e7\u00f5es futuras.<\/p>\n<\/div><\/div><div class=\"w-btn-wrapper align_none\"><a class=\"w-btn us-btn-style_2\" href=\"http:\/\/localhost\/contacto\/\"><span class=\"w-btn-label\">Quero Rumi APP no meu gado<\/span><\/a><\/div><\/div><\/div><div class=\"wpb_column vc_column_container\"><div class=\"vc_column-inner\"><div class=\"w-image align_none\"><div class=\"w-image-h\"><img loading=\"lazy\" decoding=\"async\" width=\"800\" height=\"547\" src=\"https:\/\/innogando.com\/wp-content\/uploads\/2025\/05\/vision-productiva.png\" class=\"attachment-large size-large\" alt=\"Visi\u00f3n productiva anual\" loading=\"lazy\" srcset=\"https:\/\/innogando.com\/wp-content\/uploads\/2025\/05\/vision-productiva.png 800w, https:\/\/innogando.com\/wp-content\/uploads\/2025\/05\/vision-productiva-300x205.png 300w\" sizes=\"auto, (max-width: 800px) 100vw, 800px\" \/><\/div><\/div><\/div><\/div><\/div><\/div><\/section>\n","protected":false},"excerpt":{"rendered":"A melhor APP de gest\u00e3o de gado: Rumi APP, todo o teu rebanho na ponta dos dedosSabes o que vais encontrar hoje na tua quinta? Os nossos agricultores sabem. Na primeira hora do dia, antes de entrarem no campo, basta um olhar para a aplica\u00e7\u00e3o Rumi para saberem se h\u00e1 vacas doentes, vacas com cio...","protected":false},"author":5,"featured_media":0,"parent":0,"menu_order":0,"comment_status":"closed","ping_status":"closed","template":"","meta":{"_monsterinsights_skip_tracking":false,"_monsterinsights_sitenote_active":false,"_monsterinsights_sitenote_note":"","_monsterinsights_sitenote_category":0,"_joinchat":[],"footnotes":""},"class_list":["post-3376","page","type-page","status-publish","hentry"],"yoast_head":"<!-- This site is optimized with the Yoast SEO plugin v24.6 - https:\/\/yoast.com\/wordpress\/plugins\/seo\/ -->\n<title>Aplica\u00e7\u00e3o Rumi - Innogando<\/title>\n<meta name=\"description\" content=\"Gado disperso? A Rumi App avisa 48h antes dos sintomas, detecta ci\u00fames e evita fugas. Toda a informa\u00e7\u00e3o sobre a tua quinta no teu smartphone.\" \/>\n<meta name=\"robots\" content=\"index, follow, max-snippet:-1, max-image-preview:large, max-video-preview:-1\" \/>\n<link rel=\"canonical\" href=\"https:\/\/innogando.com\/pt-pt\/aplicacao-rumi\/\" \/>\n<meta property=\"og:locale\" content=\"pt_PT\" \/>\n<meta property=\"og:type\" content=\"article\" \/>\n<meta property=\"og:title\" content=\"Aplica\u00e7\u00e3o Rumi - Innogando\" \/>\n<meta property=\"og:description\" content=\"Gado disperso? A Rumi App avisa 48h antes dos sintomas, detecta ci\u00fames e evita fugas. Toda a informa\u00e7\u00e3o sobre a tua quinta no teu smartphone.\" \/>\n<meta property=\"og:url\" content=\"https:\/\/innogando.com\/pt-pt\/aplicacao-rumi\/\" \/>\n<meta property=\"og:site_name\" content=\"Innogando\" \/>\n<meta property=\"article:publisher\" content=\"https:\/\/www.facebook.com\/innogando?locale=es_ES\" \/>\n<meta property=\"article:modified_time\" content=\"2025-06-24T14:42:53+00:00\" \/>\n<meta property=\"og:image\" content=\"https:\/\/innogando.com\/wp-content\/uploads\/2025\/04\/vacas-rumi-app.jpg\" \/>\n\t<meta property=\"og:image:width\" content=\"1200\" \/>\n\t<meta property=\"og:image:height\" content=\"675\" \/>\n\t<meta property=\"og:image:type\" content=\"image\/jpeg\" \/>\n<meta name=\"twitter:card\" content=\"summary_large_image\" \/>\n<meta name=\"twitter:site\" content=\"@innogando\" \/>\n<meta name=\"twitter:label1\" content=\"Tempo estimado de leitura\" \/>\n\t<meta name=\"twitter:data1\" content=\"4 minutos\" \/>\n<script type=\"application\/ld+json\" class=\"yoast-schema-graph\">{\"@context\":\"https:\/\/schema.org\",\"@graph\":[{\"@type\":\"WebPage\",\"@id\":\"https:\/\/innogando.com\/pt-pt\/aplicacao-rumi\/\",\"url\":\"https:\/\/innogando.com\/pt-pt\/aplicacao-rumi\/\",\"name\":\"Aplica\u00e7\u00e3o Rumi - Innogando\",\"isPartOf\":{\"@id\":\"https:\/\/innogando.com\/#website\"},\"datePublished\":\"2025-05-01T13:07:18+00:00\",\"dateModified\":\"2025-06-24T14:42:53+00:00\",\"description\":\"Gado disperso? A Rumi App avisa 48h antes dos sintomas, detecta ci\u00fames e evita fugas. Toda a informa\u00e7\u00e3o sobre a tua quinta no teu smartphone.\",\"breadcrumb\":{\"@id\":\"https:\/\/innogando.com\/pt-pt\/aplicacao-rumi\/#breadcrumb\"},\"inLanguage\":\"pt-PT\",\"potentialAction\":[{\"@type\":\"ReadAction\",\"target\":[\"https:\/\/innogando.com\/pt-pt\/aplicacao-rumi\/\"]}]},{\"@type\":\"BreadcrumbList\",\"@id\":\"https:\/\/innogando.com\/pt-pt\/aplicacao-rumi\/#breadcrumb\",\"itemListElement\":[{\"@type\":\"ListItem\",\"position\":1,\"name\":\"Portada\",\"item\":\"https:\/\/innogando.com\/pt-pt\/\"},{\"@type\":\"ListItem\",\"position\":2,\"name\":\"Aplica\u00e7\u00e3o Rumi\"}]},{\"@type\":\"WebSite\",\"@id\":\"https:\/\/innogando.com\/#website\",\"url\":\"https:\/\/innogando.com\/\",\"name\":\"Innogando\",\"description\":\"Utilizamos la tecnolog\u00eda aplicada al ganado vacuno para ofrecer a los ganaderos una mayor rentabilidad de su explotaci\u00f3n\",\"publisher\":{\"@id\":\"https:\/\/innogando.com\/#organization\"},\"potentialAction\":[{\"@type\":\"SearchAction\",\"target\":{\"@type\":\"EntryPoint\",\"urlTemplate\":\"https:\/\/innogando.com\/?s={search_term_string}\"},\"query-input\":{\"@type\":\"PropertyValueSpecification\",\"valueRequired\":true,\"valueName\":\"search_term_string\"}}],\"inLanguage\":\"pt-PT\"},{\"@type\":\"Organization\",\"@id\":\"https:\/\/innogando.com\/#organization\",\"name\":\"Innogando\",\"url\":\"https:\/\/innogando.com\/\",\"logo\":{\"@type\":\"ImageObject\",\"inLanguage\":\"pt-PT\",\"@id\":\"https:\/\/innogando.com\/#\/schema\/logo\/image\/\",\"url\":\"https:\/\/innogando.com\/wp-content\/uploads\/2025\/03\/innogando-logo.png\",\"contentUrl\":\"https:\/\/innogando.com\/wp-content\/uploads\/2025\/03\/innogando-logo.png\",\"width\":234,\"height\":200,\"caption\":\"Innogando\"},\"image\":{\"@id\":\"https:\/\/innogando.com\/#\/schema\/logo\/image\/\"},\"sameAs\":[\"https:\/\/www.facebook.com\/innogando?locale=es_ES\",\"https:\/\/x.com\/innogando\",\"https:\/\/www.instagram.com\/innogando\/\",\"https:\/\/www.youtube.com\/@innogando2463\",\"https:\/\/www.linkedin.com\/company\/innogando\/\",\"https:\/\/www.tiktok.com\/@innogando\"]}]}<\/script>\n<!-- \/ Yoast SEO plugin. -->","yoast_head_json":{"title":"Aplica\u00e7\u00e3o Rumi - Innogando","description":"Gado disperso? A Rumi App avisa 48h antes dos sintomas, detecta ci\u00fames e evita fugas. Toda a informa\u00e7\u00e3o sobre a tua quinta no teu smartphone.","robots":{"index":"index","follow":"follow","max-snippet":"max-snippet:-1","max-image-preview":"max-image-preview:large","max-video-preview":"max-video-preview:-1"},"canonical":"https:\/\/innogando.com\/pt-pt\/aplicacao-rumi\/","og_locale":"pt_PT","og_type":"article","og_title":"Aplica\u00e7\u00e3o Rumi - Innogando","og_description":"Gado disperso? A Rumi App avisa 48h antes dos sintomas, detecta ci\u00fames e evita fugas. Toda a informa\u00e7\u00e3o sobre a tua quinta no teu smartphone.","og_url":"https:\/\/innogando.com\/pt-pt\/aplicacao-rumi\/","og_site_name":"Innogando","article_publisher":"https:\/\/www.facebook.com\/innogando?locale=es_ES","article_modified_time":"2025-06-24T14:42:53+00:00","og_image":[{"width":1200,"height":675,"url":"https:\/\/innogando.com\/wp-content\/uploads\/2025\/04\/vacas-rumi-app.jpg","type":"image\/jpeg"}],"twitter_card":"summary_large_image","twitter_site":"@innogando","twitter_misc":{"Tempo estimado de leitura":"4 minutos"},"schema":{"@context":"https:\/\/schema.org","@graph":[{"@type":"WebPage","@id":"https:\/\/innogando.com\/pt-pt\/aplicacao-rumi\/","url":"https:\/\/innogando.com\/pt-pt\/aplicacao-rumi\/","name":"Aplica\u00e7\u00e3o Rumi - Innogando","isPartOf":{"@id":"https:\/\/innogando.com\/#website"},"datePublished":"2025-05-01T13:07:18+00:00","dateModified":"2025-06-24T14:42:53+00:00","description":"Gado disperso? A Rumi App avisa 48h antes dos sintomas, detecta ci\u00fames e evita fugas. Toda a informa\u00e7\u00e3o sobre a tua quinta no teu smartphone.","breadcrumb":{"@id":"https:\/\/innogando.com\/pt-pt\/aplicacao-rumi\/#breadcrumb"},"inLanguage":"pt-PT","potentialAction":[{"@type":"ReadAction","target":["https:\/\/innogando.com\/pt-pt\/aplicacao-rumi\/"]}]},{"@type":"BreadcrumbList","@id":"https:\/\/innogando.com\/pt-pt\/aplicacao-rumi\/#breadcrumb","itemListElement":[{"@type":"ListItem","position":1,"name":"Portada","item":"https:\/\/innogando.com\/pt-pt\/"},{"@type":"ListItem","position":2,"name":"Aplica\u00e7\u00e3o Rumi"}]},{"@type":"WebSite","@id":"https:\/\/innogando.com\/#website","url":"https:\/\/innogando.com\/","name":"Innogando","description":"Utilizamos la tecnolog\u00eda aplicada al ganado vacuno para ofrecer a los ganaderos una mayor rentabilidad de su explotaci\u00f3n","publisher":{"@id":"https:\/\/innogando.com\/#organization"},"potentialAction":[{"@type":"SearchAction","target":{"@type":"EntryPoint","urlTemplate":"https:\/\/innogando.com\/?s={search_term_string}"},"query-input":{"@type":"PropertyValueSpecification","valueRequired":true,"valueName":"search_term_string"}}],"inLanguage":"pt-PT"},{"@type":"Organization","@id":"https:\/\/innogando.com\/#organization","name":"Innogando","url":"https:\/\/innogando.com\/","logo":{"@type":"ImageObject","inLanguage":"pt-PT","@id":"https:\/\/innogando.com\/#\/schema\/logo\/image\/","url":"https:\/\/innogando.com\/wp-content\/uploads\/2025\/03\/innogando-logo.png","contentUrl":"https:\/\/innogando.com\/wp-content\/uploads\/2025\/03\/innogando-logo.png","width":234,"height":200,"caption":"Innogando"},"image":{"@id":"https:\/\/innogando.com\/#\/schema\/logo\/image\/"},"sameAs":["https:\/\/www.facebook.com\/innogando?locale=es_ES","https:\/\/x.com\/innogando","https:\/\/www.instagram.com\/innogando\/","https:\/\/www.youtube.com\/@innogando2463","https:\/\/www.linkedin.com\/company\/innogando\/","https:\/\/www.tiktok.com\/@innogando"]}]}},"_links":{"self":[{"href":"https:\/\/innogando.com\/pt-pt\/wp-json\/wp\/v2\/pages\/3376","targetHints":{"allow":["GET"]}}],"collection":[{"href":"https:\/\/innogando.com\/pt-pt\/wp-json\/wp\/v2\/pages"}],"about":[{"href":"https:\/\/innogando.com\/pt-pt\/wp-json\/wp\/v2\/types\/page"}],"author":[{"embeddable":true,"href":"https:\/\/innogando.com\/pt-pt\/wp-json\/wp\/v2\/users\/5"}],"replies":[{"embeddable":true,"href":"https:\/\/innogando.com\/pt-pt\/wp-json\/wp\/v2\/comments?post=3376"}],"version-history":[{"count":3,"href":"https:\/\/innogando.com\/pt-pt\/wp-json\/wp\/v2\/pages\/3376\/revisions"}],"predecessor-version":[{"id":3380,"href":"https:\/\/innogando.com\/pt-pt\/wp-json\/wp\/v2\/pages\/3376\/revisions\/3380"}],"wp:attachment":[{"href":"https:\/\/innogando.com\/pt-pt\/wp-json\/wp\/v2\/media?parent=3376"}],"curies":[{"name":"wp","href":"https:\/\/api.w.org\/{rel}","templated":true}]}}