{"id":3075,"date":"2025-03-14T21:08:54","date_gmt":"2025-03-14T21:08:54","guid":{"rendered":"https:\/\/innogando.com\/politica-de-privacidade\/"},"modified":"2025-06-24T14:43:15","modified_gmt":"2025-06-24T14:43:15","slug":"politica-de-privacidade","status":"publish","type":"page","link":"https:\/\/innogando.com\/pt-pt\/politica-de-privacidade\/","title":{"rendered":"Pol\u00edtica de privacidade"},"content":{"rendered":"<section class=\"l-section wpb_row us_custom_278d8c57 height_custom\"><div class=\"l-section-h i-cf\"><div class=\"g-cols vc_row via_grid cols_1 laptops-cols_inherit tablets-cols_inherit mobiles-cols_1 valign_top type_default stacking_default\"><div class=\"wpb_column vc_column_container\"><div class=\"vc_column-inner\"><h2 class=\"w-text\"><span class=\"w-text-h\"><span class=\"w-text-value\">Informa\u00e7\u00f5es sobre a prote\u00e7\u00e3o de dados<\/span><\/span><\/h2><\/div><\/div><\/div><\/div><\/section><section class=\"l-section wpb_row us_custom_19737bc8 height_custom\"><div class=\"l-section-h i-cf\"><div class=\"g-cols vc_row via_grid cols_1 laptops-cols_inherit tablets-cols_inherit mobiles-cols_1 valign_top type_default stacking_default\"><div class=\"wpb_column vc_column_container\"><div class=\"vc_column-inner\"><div class=\"g-cols wpb_row via_grid cols_1-3 laptops-cols_inherit tablets-cols_inherit mobiles-cols_1 valign_top type_default stacking_default\" style=\"--columns-gap:3rem;--laptops-columns-gap:3rem;--tablets-columns-gap:3rem;--mobiles-columns-gap:1.5rem;\"><div class=\"wpb_column vc_column_container\"><div class=\"vc_column-inner\"><p class=\"w-text\"><span class=\"w-text-h\"><span class=\"w-text-value\">Respons\u00e1vel<\/span><\/span><\/p><\/div><\/div><div class=\"wpb_column vc_column_container\"><div class=\"vc_column-inner\"><div class=\"wpb_text_column\"><div class=\"wpb_wrapper\"><p><strong>Quem \u00e9 respons\u00e1vel pelo tratamento dos teus dados?<\/strong><br \/>\n<strong>Identidade<\/strong>: INNOGANDO SL<br \/>\n<strong>Endere\u00e7o postal <\/strong>: LG. A GRA\u00d1A, SN - 27730 ABADIN (Lugo)<br \/>\n<strong>Telefone<\/strong>: 644 58 62 45<br \/>\n<strong>E-mail<\/strong>: hola@innogando.com<br \/>\nRespons\u00e1vel pela prote\u00e7\u00e3o de dados:<\/p>\n<\/div><\/div><\/div><\/div><\/div><div class=\"g-cols wpb_row us_custom_cdf14ffd via_grid cols_1-3 laptops-cols_inherit tablets-cols_inherit mobiles-cols_1 valign_top type_default stacking_default\" style=\"--columns-gap:3rem;--laptops-columns-gap:3rem;--tablets-columns-gap:3rem;--mobiles-columns-gap:1.5rem;\"><div class=\"wpb_column vc_column_container\"><div class=\"vc_column-inner\"><p class=\"w-text\"><span class=\"w-text-h\"><span class=\"w-text-value\">Objetivo<\/span><\/span><\/p><\/div><\/div><div class=\"wpb_column vc_column_container\"><div class=\"vc_column-inner\"><div class=\"wpb_text_column\"><div class=\"wpb_wrapper\"><p><strong>Com que finalidade tratamos os teus dados pessoais?<\/strong><br \/>\n<strong>Se \u00e9s cliente<\/strong>:<br \/>\nTratamos a informa\u00e7\u00e3o para permitir a correta presta\u00e7\u00e3o do servi\u00e7o acordado, a fatura\u00e7\u00e3o, o desenvolvimento de ac\u00e7\u00f5es comerciais e a oferta e\/ou contrata\u00e7\u00e3o de produtos e servi\u00e7os.<\/p>\n<p><strong>Se nos contactaste<\/strong>:<br \/>\nTratamos a informa\u00e7\u00e3o para gerir a tua consulta, queixa, sugest\u00e3o e\/ou reclama\u00e7\u00e3o.<\/p>\n<p><strong>Se \u00e9s candidato<\/strong>:<br \/>\nTratamos a informa\u00e7\u00e3o para gerir a rela\u00e7\u00e3o com os candidatos que se candidatam a uma vaga na empresa.<\/p>\n<\/div><\/div><\/div><\/div><\/div><div class=\"g-cols wpb_row us_custom_cdf14ffd via_grid cols_1-3 laptops-cols_inherit tablets-cols_inherit mobiles-cols_1 valign_top type_default stacking_default\" style=\"--columns-gap:3rem;--laptops-columns-gap:3rem;--tablets-columns-gap:3rem;--mobiles-columns-gap:1.5rem;\"><div class=\"wpb_column vc_column_container\"><div class=\"vc_column-inner\"><p class=\"w-text\"><span class=\"w-text-h\"><span class=\"w-text-value\">Tempos<\/span><\/span><\/p><\/div><\/div><div class=\"wpb_column vc_column_container\"><div class=\"vc_column-inner\"><div class=\"wpb_text_column\"><div class=\"wpb_wrapper\"><p><strong>Durante quanto tempo conservaremos os teus dados?<\/strong><br \/>\nOs dados pessoais fornecidos ser\u00e3o conservados enquanto a rela\u00e7\u00e3o comercial se mantiver e a sua elimina\u00e7\u00e3o n\u00e3o for solicitada pela pessoa em causa. Tendo em conta os prazos previstos na lei no que respeita \u00e0 prescri\u00e7\u00e3o de responsabilidades.<\/p>\n<\/div><\/div><\/div><\/div><\/div><div class=\"g-cols wpb_row us_custom_cdf14ffd via_grid cols_1-3 laptops-cols_inherit tablets-cols_inherit mobiles-cols_1 valign_top type_default stacking_default\" style=\"--columns-gap:3rem;--laptops-columns-gap:3rem;--tablets-columns-gap:3rem;--mobiles-columns-gap:1.5rem;\"><div class=\"wpb_column vc_column_container\"><div class=\"vc_column-inner\"><p class=\"w-text\"><span class=\"w-text-h\"><span class=\"w-text-value\">Legitima\u00e7\u00e3o<\/span><\/span><\/p><\/div><\/div><div class=\"wpb_column vc_column_container\"><div class=\"vc_column-inner\"><div class=\"wpb_text_column\"><div class=\"wpb_wrapper\"><p><strong>Qual \u00e9 a legitimidade do tratamento dos teus dados?<\/strong><br \/>\nBaseamo-nos no consentimento do titular dos dados e\/ou na execu\u00e7\u00e3o do contrato.<\/p>\n<\/div><\/div><\/div><\/div><\/div><div class=\"g-cols wpb_row us_custom_cdf14ffd via_grid cols_1-3 laptops-cols_inherit tablets-cols_inherit mobiles-cols_1 valign_top type_default stacking_default\" style=\"--columns-gap:3rem;--laptops-columns-gap:3rem;--tablets-columns-gap:3rem;--mobiles-columns-gap:1.5rem;\"><div class=\"wpb_column vc_column_container\"><div class=\"vc_column-inner\"><p class=\"w-text\"><span class=\"w-text-h\"><span class=\"w-text-value\">Destinat\u00e1rios<\/span><\/span><\/p><\/div><\/div><div class=\"wpb_column vc_column_container\"><div class=\"vc_column-inner\"><div class=\"wpb_text_column\"><div class=\"wpb_wrapper\"><p><strong>A que destinat\u00e1rios ser\u00e3o comunicados os teus dados?<\/strong><br \/>\nOs dados ser\u00e3o transferidos para terceiros sempre que exista uma obriga\u00e7\u00e3o legal.<br \/>\nOs seguintes subcontratantes poder\u00e3o tratar e\/ou aceder aos teus dados:<br \/>\n-Consultoria, com a finalidade de prestar servi\u00e7os de gest\u00e3o e consultoria fiscal e contabil\u00edstica.<br \/>\n-Empresas de transporte com a finalidade de efetuar a entrega de mercadorias. -Empresas de transporte com a finalidade de efetuar a entrega de mercadorias. -Empresas de inform\u00e1tica com a finalidade de efetuar a manuten\u00e7\u00e3o de aplica\u00e7\u00f5es e sistemas inform\u00e1ticos . .Empresas de transporte com a finalidade de efetuar a entrega de mercadorias.<br \/>\n-Empresas de inform\u00e1tica com a finalidade de efetuar a manuten\u00e7\u00e3o de aplica\u00e7\u00f5es e sistemas inform\u00e1ticos<br \/>\n.<br \/>\n-Empresas de consultoria, certifica\u00e7\u00e3o e\/ou assessoria jur\u00eddica.<\/p>\n<\/div><\/div><\/div><\/div><\/div><div class=\"g-cols wpb_row us_custom_cdf14ffd via_grid cols_1-3 laptops-cols_inherit tablets-cols_inherit mobiles-cols_1 valign_top type_default stacking_default\" style=\"--columns-gap:3rem;--laptops-columns-gap:3rem;--tablets-columns-gap:3rem;--mobiles-columns-gap:1.5rem;\"><div class=\"wpb_column vc_column_container\"><div class=\"vc_column-inner\"><p class=\"w-text\"><span class=\"w-text-h\"><span class=\"w-text-value\">Direitos<\/span><\/span><\/p><\/div><\/div><div class=\"wpb_column vc_column_container\"><div class=\"vc_column-inner\"><div class=\"wpb_text_column\"><div class=\"wpb_wrapper\"><p><strong>Quais s\u00e3o os teus direitos quando nos forneces os teus dados?<\/strong><br \/>\nQualquer pessoa tem o direito de obter confirma\u00e7\u00e3o sobre se a INNOGANDO SL est\u00e1 ou n\u00e3o a processar dados pessoais que lhe dizem respeito. Tens o direito de solicitar o acesso aos dados pessoais relativos ao titular dos dados, a sua retifica\u00e7\u00e3o ou elimina\u00e7\u00e3o, a limita\u00e7\u00e3o do seu tratamento, de te opores ao tratamento e \u00e0<br \/>\nportabilidade dos dados. Informamos-te que tens o direito de retirar o consentimento que nos foi dado para uma finalidade espec\u00edfica; bem como de apresentar uma reclama\u00e7\u00e3o perante qualquer autoridade de controlo.<br \/>\nPodes exercer os teus direitos de Prote\u00e7\u00e3o de Dados escrevendo para LG. A GRA\u00d1A, SN - 27730 ABADIN (Lugo).<\/p>\n<\/div><\/div><\/div><\/div><\/div><div class=\"g-cols wpb_row us_custom_cdf14ffd via_grid cols_1-3 laptops-cols_inherit tablets-cols_inherit mobiles-cols_1 valign_top type_default stacking_default\" style=\"--columns-gap:3rem;--laptops-columns-gap:3rem;--tablets-columns-gap:3rem;--mobiles-columns-gap:1.5rem;\"><div class=\"wpb_column vc_column_container\"><div class=\"vc_column-inner\"><p class=\"w-text\"><span class=\"w-text-h\"><span class=\"w-text-value\">Fonte<\/span><\/span><\/p><\/div><\/div><div class=\"wpb_column vc_column_container\"><div class=\"vc_column-inner\"><div class=\"wpb_text_column\"><div class=\"wpb_wrapper\"><p><strong>Como obtivemos os teus dados?<\/strong><br \/>\nOs dados foram obtidos diretamente do interessado ou do seu representante legal.<br \/>\nAs categorias de dados utilizadas s\u00e3o:<br \/>\n-Dados de identifica\u00e7\u00e3o: nome e apelido, NIF, endere\u00e7o postal, n\u00fameros de telefone, e-mail.<br \/>\n-Dados banc\u00e1rios: para d\u00e9bito direto de pagamento.<br \/>\n-Os necess\u00e1rios para a manuten\u00e7\u00e3o da rela\u00e7\u00e3o comercial. Fatura\u00e7\u00e3o.<\/p>\n<\/div><\/div><\/div><\/div><\/div><div class=\"g-cols wpb_row us_custom_cdf14ffd via_grid cols_1-3 laptops-cols_inherit tablets-cols_inherit mobiles-cols_1 valign_top type_default stacking_default\" style=\"--columns-gap:3rem;--laptops-columns-gap:3rem;--tablets-columns-gap:3rem;--mobiles-columns-gap:1.5rem;\"><div class=\"wpb_column vc_column_container\"><div class=\"vc_column-inner\"><p class=\"w-text\"><span class=\"w-text-h\"><span class=\"w-text-value\">Informa\u00e7\u00f5es adicionais<\/span><\/span><\/p><\/div><\/div><div class=\"wpb_column vc_column_container\"><div class=\"vc_column-inner\"><div class=\"wpb_text_column\"><div class=\"wpb_wrapper\"><p>A INNOGANDO SL, quando atuar como subcontratante, utilizar\u00e1 os dados de terceiros com a finalidade de prestar os servi\u00e7os confiados, tratando-os exclusivamente de acordo com as instru\u00e7\u00f5es do Respons\u00e1vel pelo Tratamento, comprometendo-se a n\u00e3o os aplicar ou utilizar para outros fins, nem a comunic\u00e1-los a outras pessoas. A INNOGANDO SL adoptar\u00e1 as medidas t\u00e9cnicas e organizativas necess\u00e1rias para garantir a seguran\u00e7a dos dados pessoais, e para evitar a sua altera\u00e7\u00e3o, perda, tratamento ou acesso n\u00e3o autorizado, tendo em conta o estado da tecnologia, a natureza dos dados e os riscos a que est\u00e3o expostos, de acordo com a legisla\u00e7\u00e3o vigente.<\/p>\n<\/div><\/div><\/div><\/div><\/div><\/div><\/div><\/div><\/div><\/section>\n","protected":false},"excerpt":{"rendered":"Informa\u00e7\u00f5es sobre a prote\u00e7\u00e3o de dadosRespons\u00e1velQuem \u00e9 respons\u00e1vel pelo tratamento dos teus dados? Identidade: INNOGANDO SL Endere\u00e7o postal : LG. A GRA\u00d1A, SN - 27730 ABADIN (Lugo) Telefone: 644 58 62 45 E-mail: hola@innogando.com Respons\u00e1vel pela prote\u00e7\u00e3o de dados: ObjetivoCom que finalidade tratamos os teus dados pessoais? Se \u00e9s cliente: Tratamos a informa\u00e7\u00e3o para permitir...","protected":false},"author":5,"featured_media":0,"parent":0,"menu_order":0,"comment_status":"closed","ping_status":"closed","template":"","meta":{"_monsterinsights_skip_tracking":false,"_monsterinsights_sitenote_active":false,"_monsterinsights_sitenote_note":"","_monsterinsights_sitenote_category":0,"_joinchat":[],"footnotes":""},"class_list":["post-3075","page","type-page","status-publish","hentry"],"yoast_head":"<!-- This site is optimized with the Yoast SEO plugin v24.6 - https:\/\/yoast.com\/wordpress\/plugins\/seo\/ -->\n<title>Pol\u00edtica de privacidade - Innogando<\/title>\n<meta name=\"description\" content=\"Na Innogando, procuramos a tua confian\u00e7a. Por conseguinte, devemos informar-te de que recolhemos determinados dados dos nossos utilizadores e fornecemos-te a nossa pol\u00edtica de privacidade para que saibas que dados recolhemos e como os utilizamos.\" \/>\n<meta name=\"robots\" content=\"noindex, follow\" \/>\n<meta property=\"og:locale\" content=\"pt_PT\" \/>\n<meta property=\"og:type\" content=\"article\" \/>\n<meta property=\"og:title\" content=\"Pol\u00edtica de privacidade - Innogando\" \/>\n<meta property=\"og:description\" content=\"Na Innogando, procuramos a tua confian\u00e7a. Por conseguinte, devemos informar-te de que recolhemos determinados dados dos nossos utilizadores e fornecemos-te a nossa pol\u00edtica de privacidade para que saibas que dados recolhemos e como os utilizamos.\" \/>\n<meta property=\"og:url\" content=\"https:\/\/innogando.com\/pt-pt\/politica-de-privacidade\/\" \/>\n<meta property=\"og:site_name\" content=\"Innogando\" \/>\n<meta property=\"article:publisher\" content=\"https:\/\/www.facebook.com\/innogando?locale=es_ES\" \/>\n<meta property=\"article:modified_time\" content=\"2025-06-24T14:43:15+00:00\" \/>\n<meta property=\"og:image\" content=\"https:\/\/innogando.com\/wp-content\/uploads\/2025\/04\/vacas-rumi-app.jpg\" \/>\n\t<meta property=\"og:image:width\" content=\"1200\" \/>\n\t<meta property=\"og:image:height\" content=\"675\" \/>\n\t<meta property=\"og:image:type\" content=\"image\/jpeg\" \/>\n<meta name=\"twitter:card\" content=\"summary_large_image\" \/>\n<meta name=\"twitter:site\" content=\"@innogando\" \/>\n<meta name=\"twitter:label1\" content=\"Tempo estimado de leitura\" \/>\n\t<meta name=\"twitter:data1\" content=\"6 minutos\" \/>\n<script type=\"application\/ld+json\" class=\"yoast-schema-graph\">{\"@context\":\"https:\/\/schema.org\",\"@graph\":[{\"@type\":\"WebPage\",\"@id\":\"https:\/\/innogando.com\/pt-pt\/politica-de-privacidade\/\",\"url\":\"https:\/\/innogando.com\/pt-pt\/politica-de-privacidade\/\",\"name\":\"Pol\u00edtica de privacidade - Innogando\",\"isPartOf\":{\"@id\":\"https:\/\/innogando.com\/#website\"},\"datePublished\":\"2025-03-14T21:08:54+00:00\",\"dateModified\":\"2025-06-24T14:43:15+00:00\",\"description\":\"Na Innogando, procuramos a tua confian\u00e7a. Por conseguinte, devemos informar-te de que recolhemos determinados dados dos nossos utilizadores e fornecemos-te a nossa pol\u00edtica de privacidade para que saibas que dados recolhemos e como os utilizamos.\",\"breadcrumb\":{\"@id\":\"https:\/\/innogando.com\/pt-pt\/politica-de-privacidade\/#breadcrumb\"},\"inLanguage\":\"pt-PT\",\"potentialAction\":[{\"@type\":\"ReadAction\",\"target\":[\"https:\/\/innogando.com\/pt-pt\/politica-de-privacidade\/\"]}]},{\"@type\":\"BreadcrumbList\",\"@id\":\"https:\/\/innogando.com\/pt-pt\/politica-de-privacidade\/#breadcrumb\",\"itemListElement\":[{\"@type\":\"ListItem\",\"position\":1,\"name\":\"Portada\",\"item\":\"https:\/\/innogando.com\/pt-pt\/\"},{\"@type\":\"ListItem\",\"position\":2,\"name\":\"Pol\u00edtica de privacidade\"}]},{\"@type\":\"WebSite\",\"@id\":\"https:\/\/innogando.com\/#website\",\"url\":\"https:\/\/innogando.com\/\",\"name\":\"Innogando\",\"description\":\"Utilizamos la tecnolog\u00eda aplicada al ganado vacuno para ofrecer a los ganaderos una mayor rentabilidad de su explotaci\u00f3n\",\"publisher\":{\"@id\":\"https:\/\/innogando.com\/#organization\"},\"potentialAction\":[{\"@type\":\"SearchAction\",\"target\":{\"@type\":\"EntryPoint\",\"urlTemplate\":\"https:\/\/innogando.com\/?s={search_term_string}\"},\"query-input\":{\"@type\":\"PropertyValueSpecification\",\"valueRequired\":true,\"valueName\":\"search_term_string\"}}],\"inLanguage\":\"pt-PT\"},{\"@type\":\"Organization\",\"@id\":\"https:\/\/innogando.com\/#organization\",\"name\":\"Innogando\",\"url\":\"https:\/\/innogando.com\/\",\"logo\":{\"@type\":\"ImageObject\",\"inLanguage\":\"pt-PT\",\"@id\":\"https:\/\/innogando.com\/#\/schema\/logo\/image\/\",\"url\":\"https:\/\/innogando.com\/wp-content\/uploads\/2025\/03\/innogando-logo.png\",\"contentUrl\":\"https:\/\/innogando.com\/wp-content\/uploads\/2025\/03\/innogando-logo.png\",\"width\":234,\"height\":200,\"caption\":\"Innogando\"},\"image\":{\"@id\":\"https:\/\/innogando.com\/#\/schema\/logo\/image\/\"},\"sameAs\":[\"https:\/\/www.facebook.com\/innogando?locale=es_ES\",\"https:\/\/x.com\/innogando\",\"https:\/\/www.instagram.com\/innogando\/\",\"https:\/\/www.youtube.com\/@innogando2463\",\"https:\/\/www.linkedin.com\/company\/innogando\/\",\"https:\/\/www.tiktok.com\/@innogando\"]}]}<\/script>\n<!-- \/ Yoast SEO plugin. -->","yoast_head_json":{"title":"Pol\u00edtica de privacidade - Innogando","description":"Na Innogando, procuramos a tua confian\u00e7a. Por conseguinte, devemos informar-te de que recolhemos determinados dados dos nossos utilizadores e fornecemos-te a nossa pol\u00edtica de privacidade para que saibas que dados recolhemos e como os utilizamos.","robots":{"index":"noindex","follow":"follow"},"og_locale":"pt_PT","og_type":"article","og_title":"Pol\u00edtica de privacidade - Innogando","og_description":"Na Innogando, procuramos a tua confian\u00e7a. Por conseguinte, devemos informar-te de que recolhemos determinados dados dos nossos utilizadores e fornecemos-te a nossa pol\u00edtica de privacidade para que saibas que dados recolhemos e como os utilizamos.","og_url":"https:\/\/innogando.com\/pt-pt\/politica-de-privacidade\/","og_site_name":"Innogando","article_publisher":"https:\/\/www.facebook.com\/innogando?locale=es_ES","article_modified_time":"2025-06-24T14:43:15+00:00","og_image":[{"width":1200,"height":675,"url":"https:\/\/innogando.com\/wp-content\/uploads\/2025\/04\/vacas-rumi-app.jpg","type":"image\/jpeg"}],"twitter_card":"summary_large_image","twitter_site":"@innogando","twitter_misc":{"Tempo estimado de leitura":"6 minutos"},"schema":{"@context":"https:\/\/schema.org","@graph":[{"@type":"WebPage","@id":"https:\/\/innogando.com\/pt-pt\/politica-de-privacidade\/","url":"https:\/\/innogando.com\/pt-pt\/politica-de-privacidade\/","name":"Pol\u00edtica de privacidade - Innogando","isPartOf":{"@id":"https:\/\/innogando.com\/#website"},"datePublished":"2025-03-14T21:08:54+00:00","dateModified":"2025-06-24T14:43:15+00:00","description":"Na Innogando, procuramos a tua confian\u00e7a. Por conseguinte, devemos informar-te de que recolhemos determinados dados dos nossos utilizadores e fornecemos-te a nossa pol\u00edtica de privacidade para que saibas que dados recolhemos e como os utilizamos.","breadcrumb":{"@id":"https:\/\/innogando.com\/pt-pt\/politica-de-privacidade\/#breadcrumb"},"inLanguage":"pt-PT","potentialAction":[{"@type":"ReadAction","target":["https:\/\/innogando.com\/pt-pt\/politica-de-privacidade\/"]}]},{"@type":"BreadcrumbList","@id":"https:\/\/innogando.com\/pt-pt\/politica-de-privacidade\/#breadcrumb","itemListElement":[{"@type":"ListItem","position":1,"name":"Portada","item":"https:\/\/innogando.com\/pt-pt\/"},{"@type":"ListItem","position":2,"name":"Pol\u00edtica de privacidade"}]},{"@type":"WebSite","@id":"https:\/\/innogando.com\/#website","url":"https:\/\/innogando.com\/","name":"Innogando","description":"Utilizamos la tecnolog\u00eda aplicada al ganado vacuno para ofrecer a los ganaderos una mayor rentabilidad de su explotaci\u00f3n","publisher":{"@id":"https:\/\/innogando.com\/#organization"},"potentialAction":[{"@type":"SearchAction","target":{"@type":"EntryPoint","urlTemplate":"https:\/\/innogando.com\/?s={search_term_string}"},"query-input":{"@type":"PropertyValueSpecification","valueRequired":true,"valueName":"search_term_string"}}],"inLanguage":"pt-PT"},{"@type":"Organization","@id":"https:\/\/innogando.com\/#organization","name":"Innogando","url":"https:\/\/innogando.com\/","logo":{"@type":"ImageObject","inLanguage":"pt-PT","@id":"https:\/\/innogando.com\/#\/schema\/logo\/image\/","url":"https:\/\/innogando.com\/wp-content\/uploads\/2025\/03\/innogando-logo.png","contentUrl":"https:\/\/innogando.com\/wp-content\/uploads\/2025\/03\/innogando-logo.png","width":234,"height":200,"caption":"Innogando"},"image":{"@id":"https:\/\/innogando.com\/#\/schema\/logo\/image\/"},"sameAs":["https:\/\/www.facebook.com\/innogando?locale=es_ES","https:\/\/x.com\/innogando","https:\/\/www.instagram.com\/innogando\/","https:\/\/www.youtube.com\/@innogando2463","https:\/\/www.linkedin.com\/company\/innogando\/","https:\/\/www.tiktok.com\/@innogando"]}]}},"_links":{"self":[{"href":"https:\/\/innogando.com\/pt-pt\/wp-json\/wp\/v2\/pages\/3075","targetHints":{"allow":["GET"]}}],"collection":[{"href":"https:\/\/innogando.com\/pt-pt\/wp-json\/wp\/v2\/pages"}],"about":[{"href":"https:\/\/innogando.com\/pt-pt\/wp-json\/wp\/v2\/types\/page"}],"author":[{"embeddable":true,"href":"https:\/\/innogando.com\/pt-pt\/wp-json\/wp\/v2\/users\/5"}],"replies":[{"embeddable":true,"href":"https:\/\/innogando.com\/pt-pt\/wp-json\/wp\/v2\/comments?post=3075"}],"version-history":[{"count":5,"href":"https:\/\/innogando.com\/pt-pt\/wp-json\/wp\/v2\/pages\/3075\/revisions"}],"predecessor-version":[{"id":4212,"href":"https:\/\/innogando.com\/pt-pt\/wp-json\/wp\/v2\/pages\/3075\/revisions\/4212"}],"wp:attachment":[{"href":"https:\/\/innogando.com\/pt-pt\/wp-json\/wp\/v2\/media?parent=3075"}],"curies":[{"name":"wp","href":"https:\/\/api.w.org\/{rel}","templated":true}]}}