{"id":3055,"date":"2025-04-01T19:38:05","date_gmt":"2025-04-01T19:38:05","guid":{"rendered":"https:\/\/innogando.com\/leite-rumi\/"},"modified":"2025-06-24T14:43:10","modified_gmt":"2025-06-24T14:43:10","slug":"leite-rumi","status":"publish","type":"page","link":"https:\/\/innogando.com\/pt-pt\/leite-rumi\/","title":{"rendered":"Leite Rumi"},"content":{"rendered":"<div class=\"w-text\"><span class=\"w-text-h\"><span class=\"w-text-value\">Consegue uma sincroniza\u00e7\u00e3o perfeita dos dados, evitando duplica\u00e7\u00f5es e facilitando uma gest\u00e3o mais eficiente do efetivo, centralizando todas as informa\u00e7\u00f5es relevantes num \u00fanico ambiente de trabalho. Isto permite ao agricultor tomar decis\u00f5es mais r\u00e1pidas e mais informadas. <\/span><\/span><\/div><section class=\"l-section wpb_row us_custom_ba6d3d90 height_custom with_shape\"><div class=\"l-section-overlay\" style=\"background:rgba(0,0,0,0.55)\"><\/div><div class=\"l-section-shape type_triangle-2 pos_bottom on_front hor_flip\" style=\"height:10vmin;\"><svg xmlns=\"http:\/\/www.w3.org\/2000\/svg\" viewBox=\"0 0 64 8\" preserveAspectRatio=\"none\" width=\"100%\" height=\"100%\">\r\n\t<path fill=\"currentColor\" d=\"M64 8 L0 8 L0 0 L48 7.9 L64 0 Z\"\/>\r\n<\/svg><\/div><div class=\"l-section-h i-cf\"><div class=\"g-cols vc_row via_grid cols_3-2 laptops-cols_inherit tablets-cols_inherit mobiles-cols_1 valign_top type_default stacking_default\"><div class=\"wpb_column vc_column_container us_custom_eecd5a9b\"><div class=\"vc_column-inner\"><h1 class=\"w-text us_custom_836f727b has_text_color\"><span class=\"w-text-h\"><span class=\"w-text-value\">Rumi Dairy: Gest\u00e3o inteligente das vacas leiteiras<\/span><\/span><\/h1><div class=\"wpb_text_column us_custom_836f727b has_text_color\"><div class=\"wpb_wrapper\"><p>Rumi Dairy \u00e9 a solu\u00e7\u00e3o ideal para melhorar a efici\u00eancia da tua explora\u00e7\u00e3o leiteira.<\/p>\n<p>Com um<strong> sistema de monitoriza\u00e7\u00e3o cont\u00ednua<\/strong>, ajuda-te a detetar o cio, a prevenir doen\u00e7as e a melhorar o desempenho reprodutivo sem esfor\u00e7o.<\/p>\n<p><strong>Cuida das tuas vacas e ganha paz de esp\u00edrito todos os dias.<\/strong><\/p>\n<\/div><\/div><div class=\"w-btn-wrapper align_none\"><a class=\"w-btn us-btn-style_2\" href=\"https:\/\/innogando.com\/pt-pt\/coleiras-inteligentes-para-vacas\/#probar-demo\"><span class=\"w-btn-label\">Solicita uma demonstra\u00e7\u00e3o<\/span><\/a><\/div><div class=\"w-separator size_custom\" style=\"height:5vh\"><\/div><\/div><\/div><div class=\"wpb_column vc_column_container\"><div class=\"vc_column-inner\"><\/div><\/div><\/div><\/div><\/section><section class=\"l-section wpb_row height_custom\"><div class=\"l-section-h i-cf\"><div class=\"g-cols vc_row via_grid cols_1 laptops-cols_inherit tablets-cols_inherit mobiles-cols_1 valign_top type_default stacking_default\"><div class=\"wpb_column vc_column_container\"><div class=\"vc_column-inner\"><div class=\"w-video us_custom_fca8cc99 align_center ratio_16x9 has_border_radius\"><div class=\"w-video-h\"><video  preload=\"metadata\" playsinline autoplay loop><source type=\"video\/mp4\" src=\"https:\/\/innogando.com\/wp-content\/uploads\/2025\/05\/Video-Intensivo-WEB-2.mp4\" \/><\/video><\/div><div class=\"w-video-icon\" style=\"font-size:1.5rem;background:rgba(0,0,0,0.5);color:#fff\"><\/div><\/div><\/div><\/div><\/div><\/div><\/section><section class=\"l-section wpb_row us_custom_eac59c77 height_custom\"><div class=\"l-section-h i-cf\"><div class=\"g-cols vc_row via_grid cols_2 laptops-cols_inherit tablets-cols_inherit mobiles-cols_1 valign_middle type_default stacking_default\"><div class=\"wpb_column vc_column_container us_custom_eecd5a9b\"><div class=\"vc_column-inner\"><h2 class=\"w-text\"><span class=\"w-text-h\"><span class=\"w-text-value\">Mais controlo, mais sa\u00fade, mais produ\u00e7\u00e3o<\/span><\/span><\/h2><div class=\"wpb_text_column\"><div class=\"wpb_wrapper\"><p>Com a Rumi Dairy podes saber o que se passa dentro do est\u00e1bulo sem teres de l\u00e1 estar sempre. Obt\u00e9m dados objectivos e fi\u00e1veis sobre cada vaca para <strong>tomar melhores decis\u00f5es com menos esfor\u00e7o<\/strong>, com esta tecnologia para detetar o cio e a doen\u00e7a nas vacas. <\/p>\n<p><strong>Mant\u00e9ns as vacas leiteiras no pasto?<\/strong><\/p>\n<\/div><\/div><div class=\"w-btn-wrapper align_none\"><a class=\"w-btn us-btn-style_2\" href=\"https:\/\/innogando.com\/pt-pt\/contacto\/\"><span class=\"w-btn-label\">Pede-nos a melhor op\u00e7\u00e3o<\/span><\/a><\/div><\/div><\/div><div class=\"wpb_column vc_column_container\"><div class=\"vc_column-inner\"><div class=\"w-image us_custom_213e151c has_ratio align_center\"><div class=\"w-image-h\"><div style=\"padding-bottom:75%\"><\/div><img loading=\"lazy\" decoding=\"async\" width=\"800\" height=\"533\" src=\"https:\/\/innogando.com\/wp-content\/uploads\/2025\/05\/control-y-produccion.jpg\" class=\"attachment-large size-large\" alt=\"Obt\u00e9n datos objetivos y fiables sobre cada vaca\" loading=\"lazy\" \/><\/div><\/div><\/div><\/div><\/div><\/div><\/section><section class=\"l-section wpb_row height_custom\" id=\"section-04\"><div class=\"l-section-h i-cf\"><div class=\"g-cols vc_row via_grid cols_1 laptops-cols_inherit tablets-cols_inherit mobiles-cols_1 valign_top type_default stacking_default\"><div class=\"wpb_column vc_column_container\"><div class=\"vc_column-inner\"><h2 class=\"w-text us_custom_e22d6cb6\"><span class=\"w-text-h\"><span class=\"w-text-value\">Vantagens da Rumi Dairy para a tua explora\u00e7\u00e3o leiteira<\/span><\/span><\/h2><div class=\"w-separator size_medium\"><\/div><div class=\"g-cols wpb_row via_grid cols_5 laptops-cols_inherit tablets-cols_1 mobiles-cols_1 valign_top type_default stacking_default\" style=\"--columns-gap:1.5rem;\"><div class=\"wpb_column vc_column_container us_custom_e668065f has_text_color has_bg_color\"><div class=\"vc_column-inner\"><div class=\"w-iconbox iconpos_top style_default color_primary align_center no_text no_title icontype_img\"><div class=\"w-iconbox-icon\" style=\"font-size:80px;\"><img decoding=\"async\" width=\"128\" height=\"128\" src=\"https:\/\/innogando.com\/wp-content\/uploads\/2025\/04\/bar-chart.png\" class=\"attachment-full size-full\" alt=\"Monitorizaci\u00f3n de la rumia y la actividad\" \/><\/div><div class=\"w-iconbox-meta\"><\/div><\/div><div class=\"w-separator size_small\"><\/div><h3 class=\"w-text\"><span class=\"w-text-h\"><span class=\"w-text-value\">Monitoriza\u00e7\u00e3o da rumina\u00e7\u00e3o e da atividade<\/span><\/span><\/h3><div class=\"wpb_text_column with_collapsible_content\" data-content-height=\"100px\"><div class=\"wpb_wrapper\"><p>Conhecer a atividade digestiva \u00e9 fundamental para antecipar problemas de sa\u00fade. Rumi Dairy regista a rumina\u00e7\u00e3o e outros padr\u00f5es de comportamento para que possas <strong>agir antes que seja tarde demais<\/strong>.<\/p>\n<\/div><div class=\"toggle-links align_none\"><button class=\"collapsible-content-more\">Mostra mais<\/button><button class=\"collapsible-content-less\">Mostra menos<\/button><\/div><\/div><\/div><\/div><div class=\"wpb_column vc_column_container us_custom_e668065f has_text_color has_bg_color\"><div class=\"vc_column-inner\"><div class=\"w-iconbox iconpos_top style_default color_primary align_center no_text no_title icontype_img\"><div class=\"w-iconbox-icon\" style=\"font-size:80px;\"><img decoding=\"async\" width=\"128\" height=\"128\" src=\"https:\/\/innogando.com\/wp-content\/uploads\/2025\/04\/evaluacion.png\" class=\"attachment-full size-full\" alt=\"Detecci\u00f3n de celos autom\u00e1tica\" \/><\/div><div class=\"w-iconbox-meta\"><\/div><\/div><div class=\"w-separator size_small\"><\/div><h3 class=\"w-text\"><span class=\"w-text-h\"><span class=\"w-text-value\">Dete\u00e7\u00e3o autom\u00e1tica de calor<\/span><\/span><\/h3><div class=\"wpb_text_column with_collapsible_content\" data-content-height=\"100px\"><div class=\"wpb_wrapper\"><p>Esquece os ciclos perdidos. Recebe alertas quando s\u00e3o detectados sinais de cio e melhora a efici\u00eancia reprodutiva da sua manada.<\/p>\n<\/div><div class=\"toggle-links align_none\"><button class=\"collapsible-content-more\">Mostra mais<\/button><button class=\"collapsible-content-less\">Mostra menos<\/button><\/div><\/div><\/div><\/div><div class=\"wpb_column vc_column_container us_custom_e668065f has_text_color has_bg_color\"><div class=\"vc_column-inner\"><div class=\"w-iconbox iconpos_top style_default color_primary align_center no_text no_title icontype_img\"><div class=\"w-iconbox-icon\" style=\"font-size:80px;\"><img decoding=\"async\" width=\"128\" height=\"128\" src=\"https:\/\/innogando.com\/wp-content\/uploads\/2025\/04\/prevencion.png\" class=\"attachment-full size-full\" alt=\"Prevenci\u00f3n de enfermedades\" \/><\/div><div class=\"w-iconbox-meta\"><\/div><\/div><div class=\"w-separator size_small\"><\/div><h3 class=\"w-text us_custom_676c3de3\"><span class=\"w-text-h\"><span class=\"w-text-value\">Preven\u00e7\u00e3o de doen\u00e7as<\/span><\/span><\/h3><div class=\"wpb_text_column with_collapsible_content\" data-content-height=\"100px\"><div class=\"wpb_wrapper\"><p>Identifica altera\u00e7\u00f5es de comportamento que possam indicar o in\u00edcio de um problema. A a\u00e7\u00e3o precoce reduz os custos veterin\u00e1rios e melhora o bem-estar dos animais.<\/p>\n<\/div><div class=\"toggle-links align_none\"><button class=\"collapsible-content-more\">Mostra mais<\/button><button class=\"collapsible-content-less\">Mostra menos<\/button><\/div><\/div><\/div><\/div><div class=\"wpb_column vc_column_container us_custom_e668065f has_text_color has_bg_color\"><div class=\"vc_column-inner\"><div class=\"w-iconbox iconpos_top style_default color_primary align_center no_text no_title icontype_img\"><div class=\"w-iconbox-icon\" style=\"font-size:80px;\"><img loading=\"lazy\" decoding=\"async\" width=\"128\" height=\"128\" src=\"https:\/\/innogando.com\/wp-content\/uploads\/2025\/04\/bateria-llena.png\" class=\"attachment-full size-full\" alt=\"Bater\u00eda de gran autonom\u00eda\" \/><\/div><div class=\"w-iconbox-meta\"><\/div><\/div><div class=\"w-separator size_small\"><\/div><h3 class=\"w-text us_custom_676c3de3\"><span class=\"w-text-h\"><span class=\"w-text-value\">Bateria de longa dura\u00e7\u00e3o<\/span><\/span><\/h3><div class=\"wpb_text_column with_collapsible_content\" data-content-height=\"100px\"><div class=\"wpb_wrapper\"><p>Concebido especificamente para ambientes de est\u00e1bulo, o Rumi Dairy \u00e9 uma solu\u00e7\u00e3o mais leve, mais precisa e adaptada \u00e0 tua explora\u00e7\u00e3o leiteira. A sua autonomia pode ir at\u00e9 5 ou mesmo 7 anos.<\/p>\n<\/div><div class=\"toggle-links align_none\"><button class=\"collapsible-content-more\">Mostra mais<\/button><button class=\"collapsible-content-less\">Mostra menos<\/button><\/div><\/div><\/div><\/div><div class=\"wpb_column vc_column_container us_custom_e668065f has_text_color has_bg_color\"><div class=\"vc_column-inner\"><div class=\"w-iconbox iconpos_top style_default color_primary align_center no_text no_title icontype_img\"><div class=\"w-iconbox-icon\" style=\"font-size:80px;\"><img loading=\"lazy\" decoding=\"async\" width=\"128\" height=\"128\" src=\"https:\/\/innogando.com\/wp-content\/uploads\/2025\/04\/comprobado.png\" class=\"attachment-full size-full\" alt=\"Tranquilidad para el ganadero\" \/><\/div><div class=\"w-iconbox-meta\"><\/div><\/div><div class=\"w-separator size_small\"><\/div><h3 class=\"w-text us_custom_99b3ab14\"><span class=\"w-text-h\"><span class=\"w-text-value\">Tranquilidade para o agricultor<\/span><\/span><\/h3><div class=\"wpb_text_column with_collapsible_content\" data-content-height=\"100px\"><div class=\"wpb_wrapper\"><p>Menos incerteza, mais informa\u00e7\u00e3o. Tens o controlo da manada a partir do teu telem\u00f3vel ou PC, onde quer que estejas.<\/p>\n<\/div><div class=\"toggle-links align_none\"><button class=\"collapsible-content-more\">Mostra mais<\/button><button class=\"collapsible-content-less\">Mostra menos<\/button><\/div><\/div><\/div><\/div><\/div><\/div><\/div><\/div><\/div><\/section><section class=\"l-section wpb_row us_custom_eac59c77 height_custom\"><div class=\"l-section-h i-cf\"><div class=\"g-cols vc_row via_grid cols_2 laptops-cols_inherit tablets-cols_inherit mobiles-cols_1 valign_middle type_default stacking_default\"><div class=\"wpb_column vc_column_container\"><div class=\"vc_column-inner\"><div class=\"w-image align_center\"><div class=\"w-image-h\"><img loading=\"lazy\" decoding=\"async\" width=\"800\" height=\"668\" src=\"https:\/\/innogando.com\/wp-content\/uploads\/2025\/05\/funcionamiento-rumy-dairy.png\" class=\"attachment-large size-large\" alt=\"Cada vaca lleva un collar inteligente que mide su rumia\" loading=\"lazy\" srcset=\"https:\/\/innogando.com\/wp-content\/uploads\/2025\/05\/funcionamiento-rumy-dairy.png 800w, https:\/\/innogando.com\/wp-content\/uploads\/2025\/05\/funcionamiento-rumy-dairy-300x251.png 300w\" sizes=\"auto, (max-width: 800px) 100vw, 800px\" \/><\/div><\/div><\/div><\/div><div class=\"wpb_column vc_column_container us_custom_eeb3f3af\"><div class=\"vc_column-inner\"><h2 class=\"w-text us_custom_eecd5a9b\"><span class=\"w-text-h\"><span class=\"w-text-value\">Como \u00e9 que a Rumi Dairy funciona?<\/span><\/span><\/h2><div class=\"wpb_text_column us_custom_eecd5a9b\"><div class=\"wpb_wrapper\"><p>Cada vaca usa um colar inteligente que mede a sua rumina\u00e7\u00e3o, 4 actividades e poss\u00edveis perturba\u00e7\u00f5es. Esta informa\u00e7\u00e3o \u00e9 transmitida automaticamente para a aplica\u00e7\u00e3o Rumi, onde podes verificar o estado de cada animal e receber alertas quando algo est\u00e1 errado. <\/p>\n<p><strong>Optimiza a tua explora\u00e7\u00e3o leiteira com tecnologia f\u00e1cil e eficiente.<\/strong><\/p>\n<p>Rumi Dairy foi concebido para te ajudar:<\/p>\n<\/div><\/div><div class=\"wpb_text_column\"><div class=\"wpb_wrapper\"><ul>\n<li>Reduzir a utiliza\u00e7\u00e3o de hormonas e tratamentos desnecess\u00e1rios.<\/li>\n<li>Melhora a taxa de gravidez e o bem-estar dos animais.<\/li>\n<li>Poupa tempo e custos na monitoriza\u00e7\u00e3o di\u00e1ria.<\/li>\n<\/ul>\n<\/div><\/div><\/div><\/div><\/div><\/div><\/section><section class=\"l-section wpb_row height_custom\"><div class=\"l-section-h i-cf\"><div class=\"g-cols vc_row via_grid cols_1 laptops-cols_inherit tablets-cols_inherit mobiles-cols_1 valign_top type_default stacking_default\"><div class=\"wpb_column vc_column_container\"><div class=\"vc_column-inner\"><div class=\"g-cols wpb_row via_grid cols_2 laptops-cols_inherit tablets-cols_inherit mobiles-cols_1 valign_top type_default stacking_default\" style=\"--columns-gap:3rem;\"><div class=\"wpb_column vc_column_container\"><div class=\"vc_column-inner\"><h2 class=\"w-text\"><span class=\"w-text-h\"><span class=\"w-text-value\">Integra\u00e7\u00e3o com outras plataformas<\/span><\/span><\/h2><h3 class=\"w-text\"><span class=\"w-text-h\"><span class=\"w-text-value\">A Rumi Dairy foi concebida para se adaptar \u00e0 realidade das explora\u00e7\u00f5es leiteiras actuais.<\/span><\/span><\/h3><div class=\"wpb_text_column\"><div class=\"wpb_wrapper\"><p><strong>Todas as informa\u00e7\u00f5es relevantes em um s\u00f3 lugar.<\/strong> Obtenha uma sincroniza\u00e7\u00e3o de dados perfeita e gerencie seu rebanho com mais efici\u00eancia.<br \/>\nAs plataformas com as quais a Rumi Dairy pode se integrar incluem: <strong>GEA, Uniform e Gando.<\/strong><\/p>\n<p><strong>Tome decis\u00f5es melhores e mais r\u00e1pidas.<\/strong><\/p>\n<\/div><\/div><div class=\"w-btn-wrapper align_none\"><a class=\"w-btn us-btn-style_1\" href=\"https:\/\/innogando.com\/pt-pt\/contacto\/\"><span class=\"w-btn-label\">Descobre a Leitaria Rumi<\/span><\/a><\/div><\/div><\/div><div class=\"wpb_column vc_column_container\"><div class=\"vc_column-inner\"><div class=\"w-image us_custom_e8fa2e72 align_right\"><div class=\"w-image-h\"><img loading=\"lazy\" decoding=\"async\" width=\"1020\" height=\"813\" src=\"https:\/\/innogando.com\/wp-content\/uploads\/2025\/05\/Compatibilidad-1.png\" class=\"attachment-large size-large\" alt=\"\" loading=\"lazy\" srcset=\"https:\/\/innogando.com\/wp-content\/uploads\/2025\/05\/Compatibilidad-1.png 1020w, https:\/\/innogando.com\/wp-content\/uploads\/2025\/05\/Compatibilidad-1-300x239.png 300w\" sizes=\"auto, (max-width: 1020px) 100vw, 1020px\" \/><\/div><\/div><\/div><\/div><\/div><\/div><\/div><\/div><\/div><\/section><section class=\"l-section wpb_row us_custom_628f0c86 has_text_color height_custom width_custom\" style=\"--site-content-width:1300px;\"><div class=\"l-section-h i-cf\"><div class=\"g-cols vc_row via_grid cols_3-1 laptops-cols_inherit tablets-cols_inherit mobiles-cols_1 valign_middle type_default stacking_default\"><div class=\"wpb_column vc_column_container\"><div class=\"vc_column-inner\"><h2 class=\"w-text\"><span class=\"w-text-h\"><span class=\"w-text-value\">Come\u00e7a hoje a melhorar o desempenho do teu gado.<\/span><\/span><\/h2><div class=\"wpb_text_column\"><div class=\"wpb_wrapper\"><p>Solicita uma demonstra\u00e7\u00e3o sem compromisso e descobre como a Rumi Dairy pode melhorar a produ\u00e7\u00e3o leiteira com tecnologia.<\/p>\n<\/div><\/div><\/div><\/div><div class=\"wpb_column vc_column_container\"><div class=\"vc_column-inner\"><div class=\"w-btn-wrapper align_center\"><a class=\"w-btn us-btn-style_6\" href=\"https:\/\/innogando.com\/pt-pt\/coleiras-inteligentes-para-vacas\/#probar-demo\"><span class=\"w-btn-label\">Solicita uma demonstra\u00e7\u00e3o<\/span><\/a><\/div><\/div><\/div><\/div><\/div><\/section>\n","protected":false},"excerpt":{"rendered":"Consegue uma sincroniza\u00e7\u00e3o perfeita dos dados, evitando duplica\u00e7\u00f5es e facilitando uma gest\u00e3o mais eficiente do efetivo, centralizando todas as informa\u00e7\u00f5es relevantes num \u00fanico ambiente de trabalho. Isto permite ao agricultor tomar decis\u00f5es mais r\u00e1pidas e mais informadas. Rumi Dairy: Gest\u00e3o inteligente das vacas leiteirasRumi Dairy \u00e9 a solu\u00e7\u00e3o ideal para melhorar a efici\u00eancia da tua...","protected":false},"author":5,"featured_media":0,"parent":0,"menu_order":0,"comment_status":"closed","ping_status":"closed","template":"","meta":{"_monsterinsights_skip_tracking":false,"_monsterinsights_sitenote_active":false,"_monsterinsights_sitenote_note":"","_monsterinsights_sitenote_category":0,"_joinchat":[],"footnotes":""},"class_list":["post-3055","page","type-page","status-publish","hentry"],"yoast_head":"<!-- This site is optimized with the Yoast SEO plugin v24.6 - https:\/\/yoast.com\/wordpress\/plugins\/seo\/ -->\n<title>RUMI Milk - Tecnologia Inteligente para Gado Leiteiro<\/title>\n<meta name=\"description\" content=\"Est\u00e1s a pastar vacas? A Rumi Dairy detecta o cio e as doen\u00e7as e melhora a reprodu\u00e7\u00e3o com dados em tempo real. Tecnologia facilitada para os agricultores\" \/>\n<meta name=\"robots\" content=\"index, follow, max-snippet:-1, max-image-preview:large, max-video-preview:-1\" \/>\n<link rel=\"canonical\" href=\"https:\/\/innogando.com\/pt-pt\/leite-rumi\/\" \/>\n<meta property=\"og:locale\" content=\"pt_PT\" \/>\n<meta property=\"og:type\" content=\"article\" \/>\n<meta property=\"og:title\" content=\"RUMI Milk - Tecnologia Inteligente para Gado Leiteiro\" \/>\n<meta property=\"og:description\" content=\"Est\u00e1s a pastar vacas? A Rumi Dairy detecta o cio e as doen\u00e7as e melhora a reprodu\u00e7\u00e3o com dados em tempo real. Tecnologia facilitada para os agricultores\" \/>\n<meta property=\"og:url\" content=\"https:\/\/innogando.com\/pt-pt\/leite-rumi\/\" \/>\n<meta property=\"og:site_name\" content=\"Innogando\" \/>\n<meta property=\"article:publisher\" content=\"https:\/\/www.facebook.com\/innogando?locale=es_ES\" \/>\n<meta property=\"article:modified_time\" content=\"2025-06-24T14:43:10+00:00\" \/>\n<meta property=\"og:image\" content=\"https:\/\/innogando.com\/wp-content\/uploads\/2025\/04\/vacas-rumi-app.jpg\" \/>\n\t<meta property=\"og:image:width\" content=\"1200\" \/>\n\t<meta property=\"og:image:height\" content=\"675\" \/>\n\t<meta property=\"og:image:type\" content=\"image\/jpeg\" \/>\n<meta name=\"twitter:card\" content=\"summary_large_image\" \/>\n<meta name=\"twitter:site\" content=\"@innogando\" \/>\n<meta name=\"twitter:label1\" content=\"Tempo estimado de leitura\" \/>\n\t<meta name=\"twitter:data1\" content=\"9 minutos\" \/>\n<script type=\"application\/ld+json\" class=\"yoast-schema-graph\">{\"@context\":\"https:\/\/schema.org\",\"@graph\":[{\"@type\":\"WebPage\",\"@id\":\"https:\/\/innogando.com\/pt-pt\/leite-rumi\/\",\"url\":\"https:\/\/innogando.com\/pt-pt\/leite-rumi\/\",\"name\":\"RUMI Milk - Tecnologia Inteligente para Gado Leiteiro\",\"isPartOf\":{\"@id\":\"https:\/\/innogando.com\/#website\"},\"datePublished\":\"2025-04-01T19:38:05+00:00\",\"dateModified\":\"2025-06-24T14:43:10+00:00\",\"description\":\"Est\u00e1s a pastar vacas? A Rumi Dairy detecta o cio e as doen\u00e7as e melhora a reprodu\u00e7\u00e3o com dados em tempo real. Tecnologia facilitada para os agricultores\",\"breadcrumb\":{\"@id\":\"https:\/\/innogando.com\/pt-pt\/leite-rumi\/#breadcrumb\"},\"inLanguage\":\"pt-PT\",\"potentialAction\":[{\"@type\":\"ReadAction\",\"target\":[\"https:\/\/innogando.com\/pt-pt\/leite-rumi\/\"]}]},{\"@type\":\"BreadcrumbList\",\"@id\":\"https:\/\/innogando.com\/pt-pt\/leite-rumi\/#breadcrumb\",\"itemListElement\":[{\"@type\":\"ListItem\",\"position\":1,\"name\":\"Portada\",\"item\":\"https:\/\/innogando.com\/pt-pt\/\"},{\"@type\":\"ListItem\",\"position\":2,\"name\":\"Leite Rumi\"}]},{\"@type\":\"WebSite\",\"@id\":\"https:\/\/innogando.com\/#website\",\"url\":\"https:\/\/innogando.com\/\",\"name\":\"Innogando\",\"description\":\"Utilizamos la tecnolog\u00eda aplicada al ganado vacuno para ofrecer a los ganaderos una mayor rentabilidad de su explotaci\u00f3n\",\"publisher\":{\"@id\":\"https:\/\/innogando.com\/#organization\"},\"potentialAction\":[{\"@type\":\"SearchAction\",\"target\":{\"@type\":\"EntryPoint\",\"urlTemplate\":\"https:\/\/innogando.com\/?s={search_term_string}\"},\"query-input\":{\"@type\":\"PropertyValueSpecification\",\"valueRequired\":true,\"valueName\":\"search_term_string\"}}],\"inLanguage\":\"pt-PT\"},{\"@type\":\"Organization\",\"@id\":\"https:\/\/innogando.com\/#organization\",\"name\":\"Innogando\",\"url\":\"https:\/\/innogando.com\/\",\"logo\":{\"@type\":\"ImageObject\",\"inLanguage\":\"pt-PT\",\"@id\":\"https:\/\/innogando.com\/#\/schema\/logo\/image\/\",\"url\":\"https:\/\/innogando.com\/wp-content\/uploads\/2025\/03\/innogando-logo.png\",\"contentUrl\":\"https:\/\/innogando.com\/wp-content\/uploads\/2025\/03\/innogando-logo.png\",\"width\":234,\"height\":200,\"caption\":\"Innogando\"},\"image\":{\"@id\":\"https:\/\/innogando.com\/#\/schema\/logo\/image\/\"},\"sameAs\":[\"https:\/\/www.facebook.com\/innogando?locale=es_ES\",\"https:\/\/x.com\/innogando\",\"https:\/\/www.instagram.com\/innogando\/\",\"https:\/\/www.youtube.com\/@innogando2463\",\"https:\/\/www.linkedin.com\/company\/innogando\/\",\"https:\/\/www.tiktok.com\/@innogando\"]}]}<\/script>\n<!-- \/ Yoast SEO plugin. -->","yoast_head_json":{"title":"RUMI Milk - Tecnologia Inteligente para Gado Leiteiro","description":"Est\u00e1s a pastar vacas? A Rumi Dairy detecta o cio e as doen\u00e7as e melhora a reprodu\u00e7\u00e3o com dados em tempo real. Tecnologia facilitada para os agricultores","robots":{"index":"index","follow":"follow","max-snippet":"max-snippet:-1","max-image-preview":"max-image-preview:large","max-video-preview":"max-video-preview:-1"},"canonical":"https:\/\/innogando.com\/pt-pt\/leite-rumi\/","og_locale":"pt_PT","og_type":"article","og_title":"RUMI Milk - Tecnologia Inteligente para Gado Leiteiro","og_description":"Est\u00e1s a pastar vacas? A Rumi Dairy detecta o cio e as doen\u00e7as e melhora a reprodu\u00e7\u00e3o com dados em tempo real. Tecnologia facilitada para os agricultores","og_url":"https:\/\/innogando.com\/pt-pt\/leite-rumi\/","og_site_name":"Innogando","article_publisher":"https:\/\/www.facebook.com\/innogando?locale=es_ES","article_modified_time":"2025-06-24T14:43:10+00:00","og_image":[{"width":1200,"height":675,"url":"https:\/\/innogando.com\/wp-content\/uploads\/2025\/04\/vacas-rumi-app.jpg","type":"image\/jpeg"}],"twitter_card":"summary_large_image","twitter_site":"@innogando","twitter_misc":{"Tempo estimado de leitura":"9 minutos"},"schema":{"@context":"https:\/\/schema.org","@graph":[{"@type":"WebPage","@id":"https:\/\/innogando.com\/pt-pt\/leite-rumi\/","url":"https:\/\/innogando.com\/pt-pt\/leite-rumi\/","name":"RUMI Milk - Tecnologia Inteligente para Gado Leiteiro","isPartOf":{"@id":"https:\/\/innogando.com\/#website"},"datePublished":"2025-04-01T19:38:05+00:00","dateModified":"2025-06-24T14:43:10+00:00","description":"Est\u00e1s a pastar vacas? A Rumi Dairy detecta o cio e as doen\u00e7as e melhora a reprodu\u00e7\u00e3o com dados em tempo real. Tecnologia facilitada para os agricultores","breadcrumb":{"@id":"https:\/\/innogando.com\/pt-pt\/leite-rumi\/#breadcrumb"},"inLanguage":"pt-PT","potentialAction":[{"@type":"ReadAction","target":["https:\/\/innogando.com\/pt-pt\/leite-rumi\/"]}]},{"@type":"BreadcrumbList","@id":"https:\/\/innogando.com\/pt-pt\/leite-rumi\/#breadcrumb","itemListElement":[{"@type":"ListItem","position":1,"name":"Portada","item":"https:\/\/innogando.com\/pt-pt\/"},{"@type":"ListItem","position":2,"name":"Leite Rumi"}]},{"@type":"WebSite","@id":"https:\/\/innogando.com\/#website","url":"https:\/\/innogando.com\/","name":"Innogando","description":"Utilizamos la tecnolog\u00eda aplicada al ganado vacuno para ofrecer a los ganaderos una mayor rentabilidad de su explotaci\u00f3n","publisher":{"@id":"https:\/\/innogando.com\/#organization"},"potentialAction":[{"@type":"SearchAction","target":{"@type":"EntryPoint","urlTemplate":"https:\/\/innogando.com\/?s={search_term_string}"},"query-input":{"@type":"PropertyValueSpecification","valueRequired":true,"valueName":"search_term_string"}}],"inLanguage":"pt-PT"},{"@type":"Organization","@id":"https:\/\/innogando.com\/#organization","name":"Innogando","url":"https:\/\/innogando.com\/","logo":{"@type":"ImageObject","inLanguage":"pt-PT","@id":"https:\/\/innogando.com\/#\/schema\/logo\/image\/","url":"https:\/\/innogando.com\/wp-content\/uploads\/2025\/03\/innogando-logo.png","contentUrl":"https:\/\/innogando.com\/wp-content\/uploads\/2025\/03\/innogando-logo.png","width":234,"height":200,"caption":"Innogando"},"image":{"@id":"https:\/\/innogando.com\/#\/schema\/logo\/image\/"},"sameAs":["https:\/\/www.facebook.com\/innogando?locale=es_ES","https:\/\/x.com\/innogando","https:\/\/www.instagram.com\/innogando\/","https:\/\/www.youtube.com\/@innogando2463","https:\/\/www.linkedin.com\/company\/innogando\/","https:\/\/www.tiktok.com\/@innogando"]}]}},"_links":{"self":[{"href":"https:\/\/innogando.com\/pt-pt\/wp-json\/wp\/v2\/pages\/3055","targetHints":{"allow":["GET"]}}],"collection":[{"href":"https:\/\/innogando.com\/pt-pt\/wp-json\/wp\/v2\/pages"}],"about":[{"href":"https:\/\/innogando.com\/pt-pt\/wp-json\/wp\/v2\/types\/page"}],"author":[{"embeddable":true,"href":"https:\/\/innogando.com\/pt-pt\/wp-json\/wp\/v2\/users\/5"}],"replies":[{"embeddable":true,"href":"https:\/\/innogando.com\/pt-pt\/wp-json\/wp\/v2\/comments?post=3055"}],"version-history":[{"count":13,"href":"https:\/\/innogando.com\/pt-pt\/wp-json\/wp\/v2\/pages\/3055\/revisions"}],"predecessor-version":[{"id":4272,"href":"https:\/\/innogando.com\/pt-pt\/wp-json\/wp\/v2\/pages\/3055\/revisions\/4272"}],"wp:attachment":[{"href":"https:\/\/innogando.com\/pt-pt\/wp-json\/wp\/v2\/media?parent=3055"}],"curies":[{"name":"wp","href":"https:\/\/api.w.org\/{rel}","templated":true}]}}