{"id":3037,"date":"2025-03-14T21:02:55","date_gmt":"2025-03-14T21:02:55","guid":{"rendered":"https:\/\/innogando.com\/aviso-legal\/"},"modified":"2025-07-01T11:25:46","modified_gmt":"2025-07-01T11:25:46","slug":"aviso-legal","status":"publish","type":"page","link":"https:\/\/innogando.com\/pt-pt\/aviso-legal\/","title":{"rendered":"Aviso legal"},"content":{"rendered":"<section class=\"l-section wpb_row height_custom\"><div class=\"l-section-h i-cf\"><div class=\"g-cols vc_row via_grid cols_1 laptops-cols_inherit tablets-cols_inherit mobiles-cols_1 valign_top type_default stacking_default\"><div class=\"wpb_column vc_column_container\"><div class=\"vc_column-inner\"><div class=\"wpb_text_column\"><div class=\"wpb_wrapper\"><p>A INNOGANDO SL, respons\u00e1vel pelo site, doravante RESPONS\u00c1VEL, coloca \u00e0 disposi\u00e7\u00e3o dos utilizadores o presente documento, com o qual pretende cumprir as obriga\u00e7\u00f5es estabelecidas na Lei 34\/2002, de 11 de julho, de Servi\u00e7os da Sociedade da Informa\u00e7\u00e3o e Com\u00e9rcio Eletr\u00f3nico (LSSICE), BOE n\u00ba 166, bem como informar todos os utilizadores do site sobre as condi\u00e7\u00f5es de utiliza\u00e7\u00e3o.<\/p>\n<p>Qualquer pessoa que aceda a este site assume o papel de utilizador, comprometendo-se a observar e a cumprir rigorosamente as disposi\u00e7\u00f5es aqui contidas, bem como qualquer outra disposi\u00e7\u00e3o legal que seja aplic\u00e1vel.<\/p>\n<p>A INNOGANDO SL reserva-se o direito de modificar qualquer tipo de informa\u00e7\u00e3o que possa aparecer no site, sem qualquer obriga\u00e7\u00e3o de aviso pr\u00e9vio ou de informar os utilizadores de tais obriga\u00e7\u00f5es, entendendo-se como suficiente a publica\u00e7\u00e3o no site da INNOGANDO SL.<\/p>\n<h3>1. DADOS DE IDENTIFICA\u00c7\u00c3O<\/h3>\n<p><strong>Nome do dom\u00ednio<\/strong>: innogando.com<\/p>\n<p><strong>Nome comercial<\/strong>: Innogando<\/p>\n<p><strong>Nome da empresa<\/strong>: INNOGANDO SL<\/p>\n<p><strong>N.\u00ba DE IVA<\/strong>: B27518547<\/p>\n<p><strong>Sede social<\/strong>: R\u00faa dos Artes\u00e1ns n\u00ba19 Bajo, pol ind Ceao 27003 Lugo.<\/p>\n<p><strong>Telefone<\/strong>: <a href=\"tel:34982892008\">+34 982 892 008<\/a><\/p>\n<p><strong>Correio eletr\u00f3nico<\/strong>: <a href=\"mailto:hola@innogando.com\">hola@innogando.com<\/a><\/p>\n<h3>2. DIREITOS DE PROPRIEDADE INTELECTUAL E INDUSTRIAL<\/h3>\n<p>O s\u00edtio Web, incluindo, a t\u00edtulo enunciativo mas n\u00e3o limitativo, a sua programa\u00e7\u00e3o, edi\u00e7\u00e3o, compila\u00e7\u00e3o e demais elementos necess\u00e1rios para o seu funcionamento, desenhos, log\u00f3tipos, textos e\/ou gr\u00e1ficos, s\u00e3o propriedade do RESPONS\u00c1VEL ou, se for o caso, disp\u00f5e de licen\u00e7a ou autoriza\u00e7\u00e3o expressa dos autores. Todos os conte\u00fados do s\u00edtio Web est\u00e3o devidamente protegidos pelas normas de propriedade intelectual e industrial, bem como inscritos nos registos p\u00fablicos correspondentes. Independentemente do fim a que se destinam, a reprodu\u00e7\u00e3o, utiliza\u00e7\u00e3o, explora\u00e7\u00e3o, distribui\u00e7\u00e3o e comercializa\u00e7\u00e3o, total ou parcial, requer, em qualquer caso, a autoriza\u00e7\u00e3o pr\u00e9via e por escrito do RESPONS\u00c1VEL. Qualquer utiliza\u00e7\u00e3o n\u00e3o autorizada previamente \u00e9 considerada uma viola\u00e7\u00e3o grave dos direitos de propriedade intelectual ou industrial do autor.<\/p>\n<p>Os desenhos, log\u00f3tipos, textos e\/ou gr\u00e1ficos que n\u00e3o perten\u00e7am ao RESPONS\u00c1VEL e que possam aparecer no s\u00edtio Web pertencem aos seus respectivos propriet\u00e1rios, sendo eles pr\u00f3prios respons\u00e1veis por qualquer poss\u00edvel controv\u00e9rsia que possa surgir em rela\u00e7\u00e3o aos mesmos. O RESPONS\u00c1VEL autoriza expressamente que terceiros redireccionem diretamente para os conte\u00fados espec\u00edficos do s\u00edtio web e, em qualquer caso, que redireccionem para o s\u00edtio web principal de innogando.com.<\/p>\n<p>O RESPONS\u00c1VEL reconhece os correspondentes direitos de propriedade intelectual e industrial a favor dos seus titulares, pelo que a sua simples men\u00e7\u00e3o ou apari\u00e7\u00e3o no s\u00edtio Web n\u00e3o implica a exist\u00eancia de quaisquer direitos ou responsabilidades sobre os mesmos, nem o seu aval, patroc\u00ednio ou recomenda\u00e7\u00e3o por parte do mesmo.<\/p>\n<p>Para fazer qualquer coment\u00e1rio sobre poss\u00edveis viola\u00e7\u00f5es dos direitos de propriedade intelectual ou industrial, bem como sobre qualquer conte\u00fado do site, podes faz\u00ea-lo enviando um e-mail para <a href=\"mailto:hola@innogando.com\">hola@innogando.com.<\/a><\/p>\n<h3>3. ISEN\u00c7\u00c3O DE RESPONSABILIDADE<\/h3>\n<p>O RESPONS\u00c1VEL est\u00e1 isento de qualquer tipo de responsabilidade derivada da informa\u00e7\u00e3o publicada no seu s\u00edtio web, sempre que n\u00e3o tenha conhecimento efetivo de que esta informa\u00e7\u00e3o tenha sido manipulada ou introduzida por um terceiro alheio ao mesmo ou, se o tiver, tenha actuado diligentemente para eliminar os dados ou impossibilitar o acesso aos mesmos.<\/p>\n<h3>Utiliza\u00e7\u00e3o de cookies<\/h3>\n<p>Este site pode utilizar cookies t\u00e9cnicos (pequenos ficheiros de informa\u00e7\u00e3o que o servidor envia para o computador da pessoa que acede \u00e0 p\u00e1gina) para realizar determinadas fun\u00e7\u00f5es que s\u00e3o consideradas essenciais para o correto funcionamento e visualiza\u00e7\u00e3o do site. Os cookies utilizados s\u00e3o, em qualquer caso, de natureza tempor\u00e1ria, com o \u00fanico objetivo de tornar a navega\u00e7\u00e3o mais eficiente, e desaparecem no final da sess\u00e3o do utilizador. Estes cookies n\u00e3o fornecem, em caso algum, dados de car\u00e1cter pessoal e n\u00e3o ser\u00e3o utilizados para recolher tais dados.<\/p>\n<p>Atrav\u00e9s da utiliza\u00e7\u00e3o de cookies tamb\u00e9m \u00e9 poss\u00edvel que o servidor onde se encontra o site reconhe\u00e7a o browser utilizado pelo utilizador para facilitar a navega\u00e7\u00e3o, permitindo, por exemplo, o acesso dos utilizadores previamente registados \u00e0s \u00e1reas, servi\u00e7os, promo\u00e7\u00f5es ou concursos reservados exclusivamente para eles, sem terem de se registar em cada visita. Tamb\u00e9m podem ser utilizados para medir a audi\u00eancia, par\u00e2metros de tr\u00e1fego, controlar o progresso e o n\u00famero de entradas, etc., sendo nestes casos cookies tecnicamente dispens\u00e1veis, mas ben\u00e9ficos para o utilizador. Este site n\u00e3o instalar\u00e1 cookies dispens\u00e1veis sem o consentimento pr\u00e9vio do utilizador.<\/p>\n<p>O utilizador tem a possibilidade de configurar o seu navegador para ser avisado da rece\u00e7\u00e3o de cookies e para impedir a sua instala\u00e7\u00e3o no seu computador. Para mais informa\u00e7\u00f5es, consulta as instru\u00e7\u00f5es do teu browser.<\/p>\n<h3>Pol\u00edtica de liga\u00e7\u00e3o<\/h3>\n<p>A partir do site, \u00e9 poss\u00edvel que sejas redireccionado para conte\u00fados de sites de terceiros. Dado que o RESPONS\u00c1VEL nem sempre pode controlar os conte\u00fados introduzidos por terceiros nos seus respectivos s\u00edtios Web, n\u00e3o assume qualquer tipo de responsabilidade relativamente a esses conte\u00fados. Em qualquer caso, proceder\u00e1 \u00e0 elimina\u00e7\u00e3o imediata de qualquer conte\u00fado que possa infringir a legisla\u00e7\u00e3o nacional ou internacional, a moral ou a ordem p\u00fablica, procedendo \u00e0 retirada imediata do redireccionamento para o referido s\u00edtio web, informando as autoridades competentes do conte\u00fado em quest\u00e3o.<\/p>\n<p>O RESPONS\u00c1VEL n\u00e3o se responsabiliza pelas informa\u00e7\u00f5es e conte\u00fados armazenados, incluindo, entre outros, em f\u00f3runs, chats, geradores de blogs, coment\u00e1rios, redes sociais ou qualquer outro meio que permita a terceiros publicar conte\u00fados de forma independente no site do RESPONS\u00c1VEL. No entanto, e em conformidade com o disposto nos artigos 11 e 16 da LSSICE, coloca-se \u00e0 disposi\u00e7\u00e3o de todos os utilizadores, autoridades e for\u00e7as de seguran\u00e7a, colaborando ativamente na elimina\u00e7\u00e3o ou, se for caso disso, no bloqueio de todos os conte\u00fados que possam afetar ou infringir a legisla\u00e7\u00e3o nacional ou internacional, os direitos de terceiros ou a moral e a ordem p\u00fablica. No caso de o utilizador considerar que existe algum conte\u00fado no s\u00edtio Web que possa ser suscet\u00edvel de ser classificado como tal, deve notificar imediatamente o administrador do s\u00edtio Web.<\/p>\n<p>Este s\u00edtio Web foi verificado e testado para garantir o seu correto funcionamento. Em princ\u00edpio, \u00e9 poss\u00edvel garantir o seu bom funcionamento 365 dias por ano, 24 horas por dia. No entanto, o RESPONS\u00c1VEL n\u00e3o exclui a possibilidade de ocorrerem determinados erros de programa\u00e7\u00e3o, nem a ocorr\u00eancia de casos de for\u00e7a maior, cat\u00e1strofes naturais, greves ou circunst\u00e2ncias semelhantes que impossibilitem o acesso ao s\u00edtio Web.<\/p>\n<h3>Endere\u00e7os IP<\/h3>\n<p>Os servidores do s\u00edtio Web poder\u00e3o detetar automaticamente o endere\u00e7o IP e o nome de dom\u00ednio utilizados pelo utilizador. Um endere\u00e7o IP \u00e9 um n\u00famero atribu\u00eddo automaticamente a um computador quando este se liga \u00e0 Internet. Todas estas informa\u00e7\u00f5es s\u00e3o registadas num ficheiro de atividade do servidor que permite o tratamento posterior dos dados para obter medi\u00e7\u00f5es puramente estat\u00edsticas que permitem conhecer o n\u00famero de impress\u00f5es de p\u00e1ginas, o n\u00famero de visitas efectuadas aos servidores Web, a ordem das visitas, o ponto de acesso, etc.<\/p>\n<h3>4. LEI APLIC\u00c1VEL E JURISDI\u00c7\u00c3O<\/h3>\n<p>Para a resolu\u00e7\u00e3o de todos os lit\u00edgios ou quest\u00f5es relacionadas com este site ou com as actividades nele desenvolvidas, ser\u00e1 aplic\u00e1vel a legisla\u00e7\u00e3o espanhola, \u00e0 qual as partes se submetem expressamente, sendo competentes para a resolu\u00e7\u00e3o de todos os lit\u00edgios derivados ou relacionados com a sua utiliza\u00e7\u00e3o os Tribunais do domic\u00edlio do UTILIZADOR ou do local de cumprimento da obriga\u00e7\u00e3o.<\/p>\n<\/div><\/div><\/div><\/div><\/div><\/div><\/section>\n","protected":false},"excerpt":{"rendered":"A INNOGANDO SL, respons\u00e1vel pelo site, doravante RESPONS\u00c1VEL, coloca \u00e0 disposi\u00e7\u00e3o dos utilizadores o presente documento, com o qual pretende cumprir as obriga\u00e7\u00f5es estabelecidas na Lei 34\/2002, de 11 de julho, de Servi\u00e7os da Sociedade da Informa\u00e7\u00e3o e Com\u00e9rcio Eletr\u00f3nico (LSSICE), BOE n\u00ba 166, bem como informar todos os utilizadores do site sobre as condi\u00e7\u00f5es...","protected":false},"author":5,"featured_media":0,"parent":0,"menu_order":0,"comment_status":"closed","ping_status":"closed","template":"","meta":{"_monsterinsights_skip_tracking":false,"_monsterinsights_sitenote_active":false,"_monsterinsights_sitenote_note":"","_monsterinsights_sitenote_category":0,"_joinchat":[],"footnotes":""},"class_list":["post-3037","page","type-page","status-publish","hentry"],"yoast_head":"<!-- This site is optimized with the Yoast SEO plugin v24.6 - https:\/\/yoast.com\/wordpress\/plugins\/seo\/ -->\n<title>Aviso legal - Innogando<\/title>\n<meta name=\"description\" content=\"INNOGANDO SL, respons\u00e1vel pelo site, a seguir RESPONS\u00c1VEL, coloca \u00e0 disposi\u00e7\u00e3o dos usu\u00e1rios o presente documento, com o qual pretende dar\" \/>\n<meta name=\"robots\" content=\"noindex, follow\" \/>\n<meta property=\"og:locale\" content=\"pt_PT\" \/>\n<meta property=\"og:type\" content=\"article\" \/>\n<meta property=\"og:title\" content=\"Aviso legal - Innogando\" \/>\n<meta property=\"og:description\" content=\"INNOGANDO SL, respons\u00e1vel pelo site, a seguir RESPONS\u00c1VEL, coloca \u00e0 disposi\u00e7\u00e3o dos usu\u00e1rios o presente documento, com o qual pretende dar\" \/>\n<meta property=\"og:url\" content=\"https:\/\/innogando.com\/aviso-legal\/\" \/>\n<meta property=\"og:site_name\" content=\"Innogando\" \/>\n<meta property=\"article:publisher\" content=\"https:\/\/www.facebook.com\/innogando?locale=es_ES\" \/>\n<meta property=\"article:modified_time\" content=\"2025-07-01T11:25:46+00:00\" \/>\n<meta property=\"og:image\" content=\"https:\/\/innogando.com\/wp-content\/uploads\/2025\/04\/vacas-rumi-app.jpg\" \/>\n\t<meta property=\"og:image:width\" content=\"1200\" \/>\n\t<meta property=\"og:image:height\" content=\"675\" \/>\n\t<meta property=\"og:image:type\" content=\"image\/jpeg\" \/>\n<meta name=\"twitter:card\" content=\"summary_large_image\" \/>\n<meta name=\"twitter:site\" content=\"@innogando\" \/>\n<meta name=\"twitter:label1\" content=\"Tempo estimado de leitura\" \/>\n\t<meta name=\"twitter:data1\" content=\"7 minutos\" \/>\n<script type=\"application\/ld+json\" class=\"yoast-schema-graph\">{\"@context\":\"https:\/\/schema.org\",\"@graph\":[{\"@type\":\"WebPage\",\"@id\":\"https:\/\/innogando.com\/aviso-legal\/\",\"url\":\"https:\/\/innogando.com\/aviso-legal\/\",\"name\":\"Aviso legal - Innogando\",\"isPartOf\":{\"@id\":\"https:\/\/innogando.com\/#website\"},\"datePublished\":\"2025-03-14T21:02:55+00:00\",\"dateModified\":\"2025-07-01T11:25:46+00:00\",\"description\":\"INNOGANDO SL, respons\u00e1vel pelo site, a seguir RESPONS\u00c1VEL, coloca \u00e0 disposi\u00e7\u00e3o dos usu\u00e1rios o presente documento, com o qual pretende dar\",\"breadcrumb\":{\"@id\":\"https:\/\/innogando.com\/aviso-legal\/#breadcrumb\"},\"inLanguage\":\"pt-PT\",\"potentialAction\":[{\"@type\":\"ReadAction\",\"target\":[\"https:\/\/innogando.com\/aviso-legal\/\"]}]},{\"@type\":\"BreadcrumbList\",\"@id\":\"https:\/\/innogando.com\/aviso-legal\/#breadcrumb\",\"itemListElement\":[{\"@type\":\"ListItem\",\"position\":1,\"name\":\"Portada\",\"item\":\"https:\/\/innogando.com\/pt-pt\/\"},{\"@type\":\"ListItem\",\"position\":2,\"name\":\"Aviso legal\"}]},{\"@type\":\"WebSite\",\"@id\":\"https:\/\/innogando.com\/#website\",\"url\":\"https:\/\/innogando.com\/\",\"name\":\"Innogando\",\"description\":\"Utilizamos la tecnolog\u00eda aplicada al ganado vacuno para ofrecer a los ganaderos una mayor rentabilidad de su explotaci\u00f3n\",\"publisher\":{\"@id\":\"https:\/\/innogando.com\/#organization\"},\"potentialAction\":[{\"@type\":\"SearchAction\",\"target\":{\"@type\":\"EntryPoint\",\"urlTemplate\":\"https:\/\/innogando.com\/?s={search_term_string}\"},\"query-input\":{\"@type\":\"PropertyValueSpecification\",\"valueRequired\":true,\"valueName\":\"search_term_string\"}}],\"inLanguage\":\"pt-PT\"},{\"@type\":\"Organization\",\"@id\":\"https:\/\/innogando.com\/#organization\",\"name\":\"Innogando\",\"url\":\"https:\/\/innogando.com\/\",\"logo\":{\"@type\":\"ImageObject\",\"inLanguage\":\"pt-PT\",\"@id\":\"https:\/\/innogando.com\/#\/schema\/logo\/image\/\",\"url\":\"https:\/\/innogando.com\/wp-content\/uploads\/2025\/03\/innogando-logo.png\",\"contentUrl\":\"https:\/\/innogando.com\/wp-content\/uploads\/2025\/03\/innogando-logo.png\",\"width\":234,\"height\":200,\"caption\":\"Innogando\"},\"image\":{\"@id\":\"https:\/\/innogando.com\/#\/schema\/logo\/image\/\"},\"sameAs\":[\"https:\/\/www.facebook.com\/innogando?locale=es_ES\",\"https:\/\/x.com\/innogando\",\"https:\/\/www.instagram.com\/innogando\/\",\"https:\/\/www.youtube.com\/@innogando2463\",\"https:\/\/www.linkedin.com\/company\/innogando\/\",\"https:\/\/www.tiktok.com\/@innogando\"]}]}<\/script>\n<!-- \/ Yoast SEO plugin. -->","yoast_head_json":{"title":"Aviso legal - Innogando","description":"INNOGANDO SL, respons\u00e1vel pelo site, a seguir RESPONS\u00c1VEL, coloca \u00e0 disposi\u00e7\u00e3o dos usu\u00e1rios o presente documento, com o qual pretende dar","robots":{"index":"noindex","follow":"follow"},"og_locale":"pt_PT","og_type":"article","og_title":"Aviso legal - Innogando","og_description":"INNOGANDO SL, respons\u00e1vel pelo site, a seguir RESPONS\u00c1VEL, coloca \u00e0 disposi\u00e7\u00e3o dos usu\u00e1rios o presente documento, com o qual pretende dar","og_url":"https:\/\/innogando.com\/aviso-legal\/","og_site_name":"Innogando","article_publisher":"https:\/\/www.facebook.com\/innogando?locale=es_ES","article_modified_time":"2025-07-01T11:25:46+00:00","og_image":[{"width":1200,"height":675,"url":"https:\/\/innogando.com\/wp-content\/uploads\/2025\/04\/vacas-rumi-app.jpg","type":"image\/jpeg"}],"twitter_card":"summary_large_image","twitter_site":"@innogando","twitter_misc":{"Tempo estimado de leitura":"7 minutos"},"schema":{"@context":"https:\/\/schema.org","@graph":[{"@type":"WebPage","@id":"https:\/\/innogando.com\/aviso-legal\/","url":"https:\/\/innogando.com\/aviso-legal\/","name":"Aviso legal - Innogando","isPartOf":{"@id":"https:\/\/innogando.com\/#website"},"datePublished":"2025-03-14T21:02:55+00:00","dateModified":"2025-07-01T11:25:46+00:00","description":"INNOGANDO SL, respons\u00e1vel pelo site, a seguir RESPONS\u00c1VEL, coloca \u00e0 disposi\u00e7\u00e3o dos usu\u00e1rios o presente documento, com o qual pretende dar","breadcrumb":{"@id":"https:\/\/innogando.com\/aviso-legal\/#breadcrumb"},"inLanguage":"pt-PT","potentialAction":[{"@type":"ReadAction","target":["https:\/\/innogando.com\/aviso-legal\/"]}]},{"@type":"BreadcrumbList","@id":"https:\/\/innogando.com\/aviso-legal\/#breadcrumb","itemListElement":[{"@type":"ListItem","position":1,"name":"Portada","item":"https:\/\/innogando.com\/pt-pt\/"},{"@type":"ListItem","position":2,"name":"Aviso legal"}]},{"@type":"WebSite","@id":"https:\/\/innogando.com\/#website","url":"https:\/\/innogando.com\/","name":"Innogando","description":"Utilizamos la tecnolog\u00eda aplicada al ganado vacuno para ofrecer a los ganaderos una mayor rentabilidad de su explotaci\u00f3n","publisher":{"@id":"https:\/\/innogando.com\/#organization"},"potentialAction":[{"@type":"SearchAction","target":{"@type":"EntryPoint","urlTemplate":"https:\/\/innogando.com\/?s={search_term_string}"},"query-input":{"@type":"PropertyValueSpecification","valueRequired":true,"valueName":"search_term_string"}}],"inLanguage":"pt-PT"},{"@type":"Organization","@id":"https:\/\/innogando.com\/#organization","name":"Innogando","url":"https:\/\/innogando.com\/","logo":{"@type":"ImageObject","inLanguage":"pt-PT","@id":"https:\/\/innogando.com\/#\/schema\/logo\/image\/","url":"https:\/\/innogando.com\/wp-content\/uploads\/2025\/03\/innogando-logo.png","contentUrl":"https:\/\/innogando.com\/wp-content\/uploads\/2025\/03\/innogando-logo.png","width":234,"height":200,"caption":"Innogando"},"image":{"@id":"https:\/\/innogando.com\/#\/schema\/logo\/image\/"},"sameAs":["https:\/\/www.facebook.com\/innogando?locale=es_ES","https:\/\/x.com\/innogando","https:\/\/www.instagram.com\/innogando\/","https:\/\/www.youtube.com\/@innogando2463","https:\/\/www.linkedin.com\/company\/innogando\/","https:\/\/www.tiktok.com\/@innogando"]}]}},"_links":{"self":[{"href":"https:\/\/innogando.com\/pt-pt\/wp-json\/wp\/v2\/pages\/3037","targetHints":{"allow":["GET"]}}],"collection":[{"href":"https:\/\/innogando.com\/pt-pt\/wp-json\/wp\/v2\/pages"}],"about":[{"href":"https:\/\/innogando.com\/pt-pt\/wp-json\/wp\/v2\/types\/page"}],"author":[{"embeddable":true,"href":"https:\/\/innogando.com\/pt-pt\/wp-json\/wp\/v2\/users\/5"}],"replies":[{"embeddable":true,"href":"https:\/\/innogando.com\/pt-pt\/wp-json\/wp\/v2\/comments?post=3037"}],"version-history":[{"count":3,"href":"https:\/\/innogando.com\/pt-pt\/wp-json\/wp\/v2\/pages\/3037\/revisions"}],"predecessor-version":[{"id":4382,"href":"https:\/\/innogando.com\/pt-pt\/wp-json\/wp\/v2\/pages\/3037\/revisions\/4382"}],"wp:attachment":[{"href":"https:\/\/innogando.com\/pt-pt\/wp-json\/wp\/v2\/media?parent=3037"}],"curies":[{"name":"wp","href":"https:\/\/api.w.org\/{rel}","templated":true}]}}