{"id":3159,"date":"2025-03-27T14:15:56","date_gmt":"2025-03-27T14:15:56","guid":{"rendered":"https:\/\/innogando.com\/contacto\/"},"modified":"2025-06-24T14:39:33","modified_gmt":"2025-06-24T14:39:33","slug":"contacto","status":"publish","type":"page","link":"https:\/\/innogando.com\/gl\/contacto\/","title":{"rendered":"Contacto"},"content":{"rendered":"<section class=\"l-section wpb_row us_custom_3749bff3 has_text_color height_custom\"><div class=\"l-section-h i-cf\"><div class=\"g-cols vc_row via_grid cols_1 laptops-cols_inherit tablets-cols_inherit mobiles-cols_1 valign_top type_default stacking_default\"><div class=\"wpb_column vc_column_container\"><div class=\"vc_column-inner\"><h1 class=\"w-post-elm post_title entry-title color_link_inherit\">Contacto<\/h1><\/div><\/div><\/div><\/div><\/section><section class=\"l-section wpb_row height_auto width_full\" id=\"section-20\"><div class=\"l-section-h i-cf\"><div class=\"g-cols vc_row via_grid cols_2 laptops-cols_inherit tablets-cols_inherit mobiles-cols_1 valign_top type_boxes stacking_default\" style=\"--columns-gap:0rem;\"><div class=\"wpb_column vc_column_container us_custom_c70c97eb has_bg_color type_sticky\"><div class=\"vc_column-inner\"><h2 class=\"w-text\"><span class=\"w-text-h\"><span class=\"w-text-value\">Falemos! Estamos aqu\u00ed: <\/span><\/span><\/h2><div class=\"w-separator size_small\"><\/div><div class=\"w-iconbox us_custom_4c77c721 info-contact iconpos_left style_default color_primary align_left\"><div class=\"w-iconbox-icon\" style=\"font-size:2.5rem;\"><i class=\"fas fa-map-marker-alt\"><\/i><\/div><div class=\"w-iconbox-meta\"><span class=\"w-iconbox-title\">Localizaci\u00f3n<\/span><div class=\"w-iconbox-text\"><p><span>A Gra\u00f1a s\/n 27730 Abad\u00edn (Lugo)<\/span><\/p>\n<\/div><\/div><\/div><div class=\"w-iconbox us_custom_4c77c721 info-contact iconpos_left style_default color_primary align_left\"><div class=\"w-iconbox-icon\" style=\"font-size:2.5rem;\"><i class=\"fas fa-phone-alt\"><\/i><\/div><div class=\"w-iconbox-meta\"><span class=\"w-iconbox-title\">Tel\u00e9fono<\/span><div class=\"w-iconbox-text\"><p><strong><a href=\"tel:34982892008\">+34 982 89 20 08<\/a><\/strong><\/p>\n<\/div><\/div><\/div><div class=\"w-iconbox us_custom_4c77c721 info-contact iconpos_left style_default color_primary align_left\"><div class=\"w-iconbox-icon\" style=\"font-size:2.5rem;\"><i class=\"fas fa-envelope\"><\/i><\/div><div class=\"w-iconbox-meta\"><span class=\"w-iconbox-title\">Correo electr\u00f3nico<\/span><div class=\"w-iconbox-text\"><p><strong><a href=\"mailto:hola@innogando.com\">ola@innogando.com<\/a><\/strong><\/p>\n<\/div><\/div><\/div><\/div><\/div><div class=\"wpb_column vc_column_container\"><div class=\"vc_column-inner\">\n<div class=\"wpcf7 no-js us-field-style_4 form-contacto form-contacto\" id=\"wpcf7-f369-o1\" lang=\"es-ES\" dir=\"ltr\" data-wpcf7-id=\"369\">\n<div class=\"screen-reader-response\"><p role=\"status\" aria-live=\"polite\" aria-atomic=\"true\"><\/p> <ul><\/ul><\/div>\n<form action=\"\/gl\/wp-json\/wp\/v2\/pages\/3159#wpcf7-f369-o1\" method=\"post\" class=\"wpcf7-form init\" aria-label=\"Formulario de contacto\" novalidate=\"novalidate\" data-status=\"init\">\n<div style=\"display: none;\">\n<input type=\"hidden\" name=\"_wpcf7\" value=\"369\" \/>\n<input type=\"hidden\" name=\"_wpcf7_version\" value=\"6.0.4\" \/>\n<input type=\"hidden\" name=\"_wpcf7_locale\" value=\"es_ES\" \/>\n<input type=\"hidden\" name=\"_wpcf7_unit_tag\" value=\"wpcf7-f369-o1\" \/>\n<input type=\"hidden\" name=\"_wpcf7_container_post\" value=\"0\" \/>\n<input type=\"hidden\" name=\"_wpcf7_posted_data_hash\" value=\"\" \/>\n<\/div>\n<div id=\"responsive-form\" class=\"clearfix\">\n\t<div class=\"form-row\">\n\t\t<div class=\"column-half\">\n\t\t\t<p><label> Nombre <span class=\"wpcf7-form-control-wrap\" data-name=\"nombre\"><input size=\"40\" maxlength=\"400\" class=\"wpcf7-form-control wpcf7-text wpcf7-validates-as-required\" aria-required=\"true\" aria-invalid=\"false\" placeholder=\"Ingresa tu nombre\" value=\"\" type=\"text\" name=\"nombre\" \/><\/span> <\/label>\n\t\t\t<\/p>\n\t\t<\/div>\n\t\t<div class=\"column-half\">\n\t\t\t<p><label> Apellido <span class=\"wpcf7-form-control-wrap\" data-name=\"apellido\"><input size=\"40\" maxlength=\"400\" class=\"wpcf7-form-control wpcf7-text wpcf7-validates-as-required\" aria-required=\"true\" aria-invalid=\"false\" placeholder=\"Ingresa tu apellido\" value=\"\" type=\"text\" name=\"apellido\" \/><\/span> <\/label>\n\t\t\t<\/p>\n\t\t<\/div>\n\t<\/div>\n\t<div class=\"form-row\">\n\t\t<div class=\"column-half\">\n\t\t\t<p><label> Email <span class=\"wpcf7-form-control-wrap\" data-name=\"your-email\"><input size=\"40\" maxlength=\"400\" class=\"wpcf7-form-control wpcf7-email wpcf7-validates-as-required wpcf7-text wpcf7-validates-as-email\" aria-required=\"true\" aria-invalid=\"false\" placeholder=\"Ingresa tu correo electr\u00f3nico\" value=\"\" type=\"email\" name=\"your-email\" \/><\/span> <\/label>\n\t\t\t<\/p>\n\t\t<\/div>\n\t\t<div class=\"column-half\">\n\t\t\t<p><label> Tel\u00e9fono <span class=\"wpcf7-form-control-wrap\" data-name=\"telefono\"><input size=\"40\" maxlength=\"400\" class=\"wpcf7-form-control wpcf7-tel wpcf7-validates-as-required wpcf7-text wpcf7-validates-as-tel\" aria-required=\"true\" aria-invalid=\"false\" placeholder=\"Ingresa tu n\u00famero de tel\u00e9fono\" value=\"\" type=\"tel\" name=\"telefono\" \/><\/span> <\/label>\n\t\t\t<\/p>\n\t\t<\/div>\n\t<\/div>\n\t<div class=\"form-row\">\n\t\t<div class=\"column-half\">\n\t\t\t<p><label> Provincia <span class=\"wpcf7-form-control-wrap\" data-name=\"provincia\"><input size=\"40\" maxlength=\"400\" class=\"wpcf7-form-control wpcf7-text wpcf7-validates-as-required\" aria-required=\"true\" aria-invalid=\"false\" placeholder=\"Ingresa tu Provincia\" value=\"\" type=\"text\" name=\"provincia\" \/><\/span> <\/label>\n\t\t\t<\/p>\n\t\t<\/div>\n\t\t<div class=\"column-half\">\n\t\t\t<p><label> N\u00famero de Animales <span class=\"wpcf7-form-control-wrap\" data-name=\"nro-animales\"><input size=\"40\" maxlength=\"400\" class=\"wpcf7-form-control wpcf7-text wpcf7-validates-as-required\" aria-required=\"true\" aria-invalid=\"false\" placeholder=\"Ingresa el n\u00famero de animales\" value=\"\" type=\"text\" name=\"nro-animales\" \/><\/span> <\/label>\n\t\t\t<\/p>\n\t\t<\/div>\n\t<\/div>\n\t<div class=\"form-row\">\n\t\t<div class=\"column-full\">\n\t\t\t<p><label> Tipo de Ganado <span class=\"wpcf7-form-control-wrap\" data-name=\"tipo-ganado\"><input size=\"40\" maxlength=\"400\" class=\"wpcf7-form-control wpcf7-text wpcf7-validates-as-required\" aria-required=\"true\" aria-invalid=\"false\" placeholder=\"Ingresa el tipo de ganado\" value=\"\" type=\"text\" name=\"tipo-ganado\" \/><\/span> <\/label>\n\t\t\t<\/p>\n\t\t<\/div>\n\t<\/div>\n\t<div class=\"form-row\">\n\t\t<div class=\"column-full\">\n\t\t\t<p><label> Mensaje <span class=\"wpcf7-form-control-wrap\" data-name=\"your-message\"><textarea cols=\"10\" rows=\"2\" maxlength=\"2000\" class=\"wpcf7-form-control wpcf7-textarea wpcf7-validates-as-required\" aria-required=\"true\" aria-invalid=\"false\" placeholder=\"Ingresa tu mensaje\" name=\"your-message\"><\/textarea><\/span> <\/label>\n\t\t\t<\/p>\n\t\t<\/div>\n\t<\/div>\n\t<div class=\"form-row\">\n\t\t<div class=\"column-full\">\n\t\t\t<p><span class=\"wpcf7-form-control-wrap\" data-name=\"acceptance-788\"><span class=\"wpcf7-form-control wpcf7-acceptance\"><span class=\"wpcf7-list-item\"><label><input type=\"checkbox\" name=\"acceptance-788\" value=\"1\" aria-invalid=\"false\" \/><span class=\"wpcf7-list-item-label\">He le\u00eddo y acepto la <a class=\"enlace-politica\" href=\"https:\/\/innogando.com\/politica-de-privacidad\/\" style=\"color: #323232;\">Pol\u00edtica de Privacidad<\/a><\/span><\/label><\/span><\/span><\/span>\n\t\t\t<\/p>\n\t\t<\/div>\n\t<\/div>\n\t<div class=\"form-row\">\n\t\t<div class=\"column-full\">\n\t\t\t<div id=\"cf7sr-69e5bdbb839bc\" class=\"cf7sr-g-recaptcha\" data-theme=\"light\" data-type=\"image\" data-size=\"normal\" data-sitekey=\"6LfufykrAAAAAMhDaxtweSxOWORqbVX9uhbYSzds\"><\/div><span class=\"wpcf7-form-control-wrap cf7sr-recaptcha\" data-name=\"cf7sr-recaptcha\"><input type=\"hidden\" name=\"cf7sr-recaptcha\" value=\"\" class=\"wpcf7-form-control\"><\/span>\n\t\t\t<\/p>\n\t\t<\/div>\n\t<\/div>\n\t<div class=\"form-row\">\n\t\t<div class=\"column-full\">\n\t\t\t<p><input class=\"wpcf7-form-control wpcf7-submit has-spinner\" type=\"submit\" value=\"Solicitar informaci\u00f3n\" \/>\n\t\t\t<\/p>\n\t\t<\/div>\n\t<\/div>\n<\/div>\n\n<!--end responsive-form--><input type=\"hidden\" id=\"ct_checkjs_cf7_faa9afea49ef2ff029a833cccc778fd0\" name=\"ct_checkjs_cf7\" value=\"0\" \/><script >setTimeout(function(){var ct_input_name = \"ct_checkjs_cf7_faa9afea49ef2ff029a833cccc778fd0\";if (document.getElementById(ct_input_name) !== null) {var ct_input_value = document.getElementById(ct_input_name).value;document.getElementById(ct_input_name).value = document.getElementById(ct_input_name).value.replace(ct_input_value, 'f95a2efc77525dd98e8bc7543df60569d6674fa4f57d153e7d2b50ce3706a609');}}, 1000);<\/script><label id=\"apbct_label_id_16765\" class=\"apbct_special_field\"><input\n                    class=\"apbct_special_field apbct__email_id__wp_contact_form_7\"\n                    name=\"apbct_email_id__wp_contact_form_7\"\n                    type=\"text\" size=\"30\" maxlength=\"200\" autocomplete=\"off\"\n                    value=\"\"\n                \/><\/label><div class=\"wpcf7-response-output\" aria-hidden=\"true\"><\/div>\n<\/form>\n<\/div>\n<\/div><\/div><\/div><\/div><\/section><section class=\"l-section wpb_row us_custom_b6a72ce1 height_custom width_full\" id=\"mapa\"><div class=\"l-section-h i-cf\"><div class=\"g-cols vc_row via_grid cols_1 laptops-cols_inherit tablets-cols_inherit mobiles-cols_1 valign_top type_default stacking_default\"><div class=\"wpb_column vc_column_container\"><div class=\"vc_column-inner\"><div class=\"w-html\"><iframe src=\"https:\/\/www.google.com\/maps\/embed?pb=!1m14!1m8!1m3!1d11063.213093142798!2d-7.479989!3d43.25569600000001!3m2!1i1024!2i768!4f13.1!3m3!1m2!1s0xd31eba5a7923775:0x5a5ee249ac8b7932!2sInnogando S.L!5e1!3m2!1sen!2sbd!4v1744050606952!5m2!1sen!2sbd\" width=\"100%\" height=\"380\" style=\"border:0;\" allowfullscreen=\"\" loading=\"lazy\" referrerpolicy=\"no-referrer-when-downgrade\"><\/iframe><\/div><\/div><\/div><\/div><\/div><\/section>\n","protected":false},"excerpt":{"rendered":"ContactoFalemos! Estamos aqu\u00ed: Localizaci\u00f3nA Gra\u00f1a s\/n 27730 Abad\u00edn (Lugo) Tel\u00e9fono+34 982 89 20 08 Correo electr\u00f3nicoola@innogando.com Nombre Apellido Email Tel\u00e9fono Provincia N\u00famero de Animales Tipo de Ganado Mensaje He le\u00eddo y acepto la Pol\u00edtica de Privacidad","protected":false},"author":5,"featured_media":0,"parent":0,"menu_order":0,"comment_status":"closed","ping_status":"closed","template":"","meta":{"_monsterinsights_skip_tracking":false,"_monsterinsights_sitenote_active":false,"_monsterinsights_sitenote_note":"","_monsterinsights_sitenote_category":0,"_joinchat":[],"footnotes":""},"class_list":["post-3159","page","type-page","status-publish","hentry"],"yoast_head":"<!-- This site is optimized with the Yoast SEO plugin v24.6 - https:\/\/yoast.com\/wordpress\/plugins\/seo\/ -->\n<title>Contacto - Innogando<\/title>\n<meta name=\"description\" content=\"Ponte en contacto connosco en calquera momento e responderemos a todas as t\u00faas preguntas!\" \/>\n<meta name=\"robots\" content=\"index, follow, max-snippet:-1, max-image-preview:large, max-video-preview:-1\" \/>\n<link rel=\"canonical\" href=\"https:\/\/innogando.com\/gl\/contacto\/\" \/>\n<meta property=\"og:locale\" content=\"gl_ES\" \/>\n<meta property=\"og:type\" content=\"article\" \/>\n<meta property=\"og:title\" content=\"Contacto - Innogando\" \/>\n<meta property=\"og:description\" content=\"Ponte en contacto connosco en calquera momento e responderemos a todas as t\u00faas preguntas!\" \/>\n<meta property=\"og:url\" content=\"https:\/\/innogando.com\/gl\/contacto\/\" \/>\n<meta property=\"og:site_name\" content=\"Innogando\" \/>\n<meta property=\"article:publisher\" content=\"https:\/\/www.facebook.com\/innogando?locale=es_ES\" \/>\n<meta property=\"article:modified_time\" content=\"2025-06-24T14:39:33+00:00\" \/>\n<meta property=\"og:image\" content=\"https:\/\/innogando.com\/wp-content\/uploads\/2025\/04\/vacas-rumi-app.jpg\" \/>\n\t<meta property=\"og:image:width\" content=\"1200\" \/>\n\t<meta property=\"og:image:height\" content=\"675\" \/>\n\t<meta property=\"og:image:type\" content=\"image\/jpeg\" \/>\n<meta name=\"twitter:card\" content=\"summary_large_image\" \/>\n<meta name=\"twitter:site\" content=\"@innogando\" \/>\n<meta name=\"twitter:label1\" content=\"Tempo de lectura\" \/>\n\t<meta name=\"twitter:data1\" content=\"2 minutos\" \/>\n<script type=\"application\/ld+json\" class=\"yoast-schema-graph\">{\"@context\":\"https:\/\/schema.org\",\"@graph\":[{\"@type\":\"WebPage\",\"@id\":\"https:\/\/innogando.com\/gl\/contacto\/\",\"url\":\"https:\/\/innogando.com\/gl\/contacto\/\",\"name\":\"Contacto - Innogando\",\"isPartOf\":{\"@id\":\"https:\/\/innogando.com\/#website\"},\"datePublished\":\"2025-03-27T14:15:56+00:00\",\"dateModified\":\"2025-06-24T14:39:33+00:00\",\"description\":\"Ponte en contacto connosco en calquera momento e responderemos a todas as t\u00faas preguntas!\",\"breadcrumb\":{\"@id\":\"https:\/\/innogando.com\/gl\/contacto\/#breadcrumb\"},\"inLanguage\":\"gl-ES\",\"potentialAction\":[{\"@type\":\"ReadAction\",\"target\":[\"https:\/\/innogando.com\/gl\/contacto\/\"]}]},{\"@type\":\"BreadcrumbList\",\"@id\":\"https:\/\/innogando.com\/gl\/contacto\/#breadcrumb\",\"itemListElement\":[{\"@type\":\"ListItem\",\"position\":1,\"name\":\"Portada\",\"item\":\"https:\/\/innogando.com\/gl\/\"},{\"@type\":\"ListItem\",\"position\":2,\"name\":\"Contacto\"}]},{\"@type\":\"WebSite\",\"@id\":\"https:\/\/innogando.com\/#website\",\"url\":\"https:\/\/innogando.com\/\",\"name\":\"Innogando\",\"description\":\"Utilizamos la tecnolog\u00eda aplicada al ganado vacuno para ofrecer a los ganaderos una mayor rentabilidad de su explotaci\u00f3n\",\"publisher\":{\"@id\":\"https:\/\/innogando.com\/#organization\"},\"potentialAction\":[{\"@type\":\"SearchAction\",\"target\":{\"@type\":\"EntryPoint\",\"urlTemplate\":\"https:\/\/innogando.com\/?s={search_term_string}\"},\"query-input\":{\"@type\":\"PropertyValueSpecification\",\"valueRequired\":true,\"valueName\":\"search_term_string\"}}],\"inLanguage\":\"gl-ES\"},{\"@type\":\"Organization\",\"@id\":\"https:\/\/innogando.com\/#organization\",\"name\":\"Innogando\",\"url\":\"https:\/\/innogando.com\/\",\"logo\":{\"@type\":\"ImageObject\",\"inLanguage\":\"gl-ES\",\"@id\":\"https:\/\/innogando.com\/#\/schema\/logo\/image\/\",\"url\":\"https:\/\/innogando.com\/wp-content\/uploads\/2025\/03\/innogando-logo.png\",\"contentUrl\":\"https:\/\/innogando.com\/wp-content\/uploads\/2025\/03\/innogando-logo.png\",\"width\":234,\"height\":200,\"caption\":\"Innogando\"},\"image\":{\"@id\":\"https:\/\/innogando.com\/#\/schema\/logo\/image\/\"},\"sameAs\":[\"https:\/\/www.facebook.com\/innogando?locale=es_ES\",\"https:\/\/x.com\/innogando\",\"https:\/\/www.instagram.com\/innogando\/\",\"https:\/\/www.youtube.com\/@innogando2463\",\"https:\/\/www.linkedin.com\/company\/innogando\/\",\"https:\/\/www.tiktok.com\/@innogando\"]}]}<\/script>\n<!-- \/ Yoast SEO plugin. -->","yoast_head_json":{"title":"Contacto - Innogando","description":"Ponte en contacto connosco en calquera momento e responderemos a todas as t\u00faas preguntas!","robots":{"index":"index","follow":"follow","max-snippet":"max-snippet:-1","max-image-preview":"max-image-preview:large","max-video-preview":"max-video-preview:-1"},"canonical":"https:\/\/innogando.com\/gl\/contacto\/","og_locale":"gl_ES","og_type":"article","og_title":"Contacto - Innogando","og_description":"Ponte en contacto connosco en calquera momento e responderemos a todas as t\u00faas preguntas!","og_url":"https:\/\/innogando.com\/gl\/contacto\/","og_site_name":"Innogando","article_publisher":"https:\/\/www.facebook.com\/innogando?locale=es_ES","article_modified_time":"2025-06-24T14:39:33+00:00","og_image":[{"width":1200,"height":675,"url":"https:\/\/innogando.com\/wp-content\/uploads\/2025\/04\/vacas-rumi-app.jpg","type":"image\/jpeg"}],"twitter_card":"summary_large_image","twitter_site":"@innogando","twitter_misc":{"Tempo de lectura":"2 minutos"},"schema":{"@context":"https:\/\/schema.org","@graph":[{"@type":"WebPage","@id":"https:\/\/innogando.com\/gl\/contacto\/","url":"https:\/\/innogando.com\/gl\/contacto\/","name":"Contacto - Innogando","isPartOf":{"@id":"https:\/\/innogando.com\/#website"},"datePublished":"2025-03-27T14:15:56+00:00","dateModified":"2025-06-24T14:39:33+00:00","description":"Ponte en contacto connosco en calquera momento e responderemos a todas as t\u00faas preguntas!","breadcrumb":{"@id":"https:\/\/innogando.com\/gl\/contacto\/#breadcrumb"},"inLanguage":"gl-ES","potentialAction":[{"@type":"ReadAction","target":["https:\/\/innogando.com\/gl\/contacto\/"]}]},{"@type":"BreadcrumbList","@id":"https:\/\/innogando.com\/gl\/contacto\/#breadcrumb","itemListElement":[{"@type":"ListItem","position":1,"name":"Portada","item":"https:\/\/innogando.com\/gl\/"},{"@type":"ListItem","position":2,"name":"Contacto"}]},{"@type":"WebSite","@id":"https:\/\/innogando.com\/#website","url":"https:\/\/innogando.com\/","name":"Innogando","description":"Utilizamos la tecnolog\u00eda aplicada al ganado vacuno para ofrecer a los ganaderos una mayor rentabilidad de su explotaci\u00f3n","publisher":{"@id":"https:\/\/innogando.com\/#organization"},"potentialAction":[{"@type":"SearchAction","target":{"@type":"EntryPoint","urlTemplate":"https:\/\/innogando.com\/?s={search_term_string}"},"query-input":{"@type":"PropertyValueSpecification","valueRequired":true,"valueName":"search_term_string"}}],"inLanguage":"gl-ES"},{"@type":"Organization","@id":"https:\/\/innogando.com\/#organization","name":"Innogando","url":"https:\/\/innogando.com\/","logo":{"@type":"ImageObject","inLanguage":"gl-ES","@id":"https:\/\/innogando.com\/#\/schema\/logo\/image\/","url":"https:\/\/innogando.com\/wp-content\/uploads\/2025\/03\/innogando-logo.png","contentUrl":"https:\/\/innogando.com\/wp-content\/uploads\/2025\/03\/innogando-logo.png","width":234,"height":200,"caption":"Innogando"},"image":{"@id":"https:\/\/innogando.com\/#\/schema\/logo\/image\/"},"sameAs":["https:\/\/www.facebook.com\/innogando?locale=es_ES","https:\/\/x.com\/innogando","https:\/\/www.instagram.com\/innogando\/","https:\/\/www.youtube.com\/@innogando2463","https:\/\/www.linkedin.com\/company\/innogando\/","https:\/\/www.tiktok.com\/@innogando"]}]}},"_links":{"self":[{"href":"https:\/\/innogando.com\/gl\/wp-json\/wp\/v2\/pages\/3159","targetHints":{"allow":["GET"]}}],"collection":[{"href":"https:\/\/innogando.com\/gl\/wp-json\/wp\/v2\/pages"}],"about":[{"href":"https:\/\/innogando.com\/gl\/wp-json\/wp\/v2\/types\/page"}],"author":[{"embeddable":true,"href":"https:\/\/innogando.com\/gl\/wp-json\/wp\/v2\/users\/5"}],"replies":[{"embeddable":true,"href":"https:\/\/innogando.com\/gl\/wp-json\/wp\/v2\/comments?post=3159"}],"version-history":[{"count":13,"href":"https:\/\/innogando.com\/gl\/wp-json\/wp\/v2\/pages\/3159\/revisions"}],"predecessor-version":[{"id":4139,"href":"https:\/\/innogando.com\/gl\/wp-json\/wp\/v2\/pages\/3159\/revisions\/4139"}],"wp:attachment":[{"href":"https:\/\/innogando.com\/gl\/wp-json\/wp\/v2\/media?parent=3159"}],"curies":[{"name":"wp","href":"https:\/\/api.w.org\/{rel}","templated":true}]}}