{"id":3101,"date":"2025-04-01T19:38:05","date_gmt":"2025-04-01T19:38:05","guid":{"rendered":"https:\/\/innogando.com\/leite-de-rumi\/"},"modified":"2025-06-24T14:39:40","modified_gmt":"2025-06-24T14:39:40","slug":"leite-de-rumi","status":"publish","type":"page","link":"https:\/\/innogando.com\/gl\/leite-de-rumi\/","title":{"rendered":"Rumi Leite"},"content":{"rendered":"<div class=\"w-text\"><span class=\"w-text-h\"><span class=\"w-text-value\">Consegue unha sincronizaci\u00f3n fluida de datos, evitando duplicaci\u00f3ns e facilitando unha xesti\u00f3n m\u00e1is eficiente do raba\u00f1o ao centralizar toda a informaci\u00f3n relevante nun \u00fanico entorno de traballo. Isto permite aos agricultores tomar decisi\u00f3ns m\u00e1is r\u00e1pidas e informadas. <\/span><\/span><\/div><section class=\"l-section wpb_row us_custom_ba6d3d90 height_custom with_shape\"><div class=\"l-section-overlay\" style=\"background:rgba(0,0,0,0.55)\"><\/div><div class=\"l-section-shape type_triangle-2 pos_bottom on_front hor_flip\" style=\"height:10vmin;\"><svg xmlns=\"http:\/\/www.w3.org\/2000\/svg\" viewBox=\"0 0 64 8\" preserveAspectRatio=\"none\" width=\"100%\" height=\"100%\">\r\n\t<path fill=\"currentColor\" d=\"M64 8 L0 8 L0 0 L48 7.9 L64 0 Z\"\/>\r\n<\/svg><\/div><div class=\"l-section-h i-cf\"><div class=\"g-cols vc_row via_grid cols_3-2 laptops-cols_inherit tablets-cols_inherit mobiles-cols_1 valign_top type_default stacking_default\"><div class=\"wpb_column vc_column_container us_custom_eecd5a9b\"><div class=\"vc_column-inner\"><h1 class=\"w-text us_custom_836f727b has_text_color\"><span class=\"w-text-h\"><span class=\"w-text-value\">Rumi Dairy: Xesti\u00f3n intelixente do gando de leite<\/span><\/span><\/h1><div class=\"wpb_text_column us_custom_836f727b has_text_color\"><div class=\"wpb_wrapper\"><p>Rumi Dairy \u00e9 a soluci\u00f3n ideal para mellorar a eficiencia da t\u00faa gander\u00eda e leite.<\/p>\n<p>Cun <strong>sistema de monitorizaci\u00f3n continua,<\/strong> ax\u00fadache a detectar celos, previr enfermidades e mellorar os resultados reprodutivos sen esforzo.<\/p>\n<p><strong>Coida das t\u00faas vacas e ga\u00f1a tranquilidade todos os d\u00edas<\/strong> .<\/p>\n<\/div><\/div><div class=\"w-btn-wrapper align_none\"><a class=\"w-btn us-btn-style_2\" href=\"https:\/\/innogando.com\/gl\/colares-intelixentes-para-vacas\/#probar-demo\"><span class=\"w-btn-label\">Solicitar unha demostraci\u00f3n<\/span><\/a><\/div><div class=\"w-separator size_custom\" style=\"height:5vh\"><\/div><\/div><\/div><div class=\"wpb_column vc_column_container\"><div class=\"vc_column-inner\"><\/div><\/div><\/div><\/div><\/section><section class=\"l-section wpb_row height_custom\"><div class=\"l-section-h i-cf\"><div class=\"g-cols vc_row via_grid cols_1 laptops-cols_inherit tablets-cols_inherit mobiles-cols_1 valign_top type_default stacking_default\"><div class=\"wpb_column vc_column_container\"><div class=\"vc_column-inner\"><div class=\"w-video us_custom_fca8cc99 align_center ratio_16x9 has_border_radius\"><div class=\"w-video-h\"><video  preload=\"metadata\" playsinline autoplay loop><source type=\"video\/mp4\" src=\"https:\/\/innogando.com\/wp-content\/uploads\/2025\/05\/Video-Intensivo-WEB-2.mp4\" \/><\/video><\/div><div class=\"w-video-icon\" style=\"font-size:1.5rem;background:rgba(0,0,0,0.5);color:#fff\"><\/div><\/div><\/div><\/div><\/div><\/div><\/section><section class=\"l-section wpb_row us_custom_eac59c77 height_custom\"><div class=\"l-section-h i-cf\"><div class=\"g-cols vc_row via_grid cols_2 laptops-cols_inherit tablets-cols_inherit mobiles-cols_1 valign_middle type_default stacking_default\"><div class=\"wpb_column vc_column_container us_custom_eecd5a9b\"><div class=\"vc_column-inner\"><h2 class=\"w-text\"><span class=\"w-text-h\"><span class=\"w-text-value\">M\u00e1is control, m\u00e1is sa\u00fade, m\u00e1is produci\u00f3n<\/span><\/span><\/h2><div class=\"wpb_text_column\"><div class=\"wpb_wrapper\"><p>Con Rumi Dairy, podes saber o que est\u00e1 a suceder dentro da nave sen ter que estar presente todo o tempo. Obt\u00e9n datos obxectivos e fiables sobre cada vaca para <strong>tomar mellores decisi\u00f3ns con menos esforzo<\/strong>, usando esta tecnolox\u00eda para detectar celos e enfermidades nas vacas. <\/p>\n<p><strong>Tes vacas de leite en pastoreo?<\/strong><\/p>\n<\/div><\/div><div class=\"w-btn-wrapper align_none\"><a class=\"w-btn us-btn-style_2\" href=\"https:\/\/innogando.com\/gl\/contacto\/\"><span class=\"w-btn-label\">Preg\u00fantanos pola mellor opci\u00f3n<\/span><\/a><\/div><\/div><\/div><div class=\"wpb_column vc_column_container\"><div class=\"vc_column-inner\"><div class=\"w-image us_custom_213e151c has_ratio align_center\"><div class=\"w-image-h\"><div style=\"padding-bottom:75%\"><\/div><img loading=\"lazy\" decoding=\"async\" width=\"800\" height=\"533\" src=\"https:\/\/innogando.com\/wp-content\/uploads\/2025\/05\/control-y-produccion.jpg\" class=\"attachment-large size-large\" alt=\"Obt\u00e9n datos objetivos y fiables sobre cada vaca\" loading=\"lazy\" \/><\/div><\/div><\/div><\/div><\/div><\/div><\/section><section class=\"l-section wpb_row height_custom\" id=\"section-04\"><div class=\"l-section-h i-cf\"><div class=\"g-cols vc_row via_grid cols_1 laptops-cols_inherit tablets-cols_inherit mobiles-cols_1 valign_top type_default stacking_default\"><div class=\"wpb_column vc_column_container\"><div class=\"vc_column-inner\"><h2 class=\"w-text us_custom_e22d6cb6\"><span class=\"w-text-h\"><span class=\"w-text-value\">Vantaxes de Rumi Dairy para o teu gando<\/span><\/span><\/h2><div class=\"w-separator size_medium\"><\/div><div class=\"g-cols wpb_row via_grid cols_5 laptops-cols_inherit tablets-cols_1 mobiles-cols_1 valign_top type_default stacking_default\" style=\"--columns-gap:1.5rem;\"><div class=\"wpb_column vc_column_container us_custom_e668065f has_text_color has_bg_color\"><div class=\"vc_column-inner\"><div class=\"w-iconbox iconpos_top style_default color_primary align_center no_text no_title icontype_img\"><div class=\"w-iconbox-icon\" style=\"font-size:80px;\"><img decoding=\"async\" width=\"128\" height=\"128\" src=\"https:\/\/innogando.com\/wp-content\/uploads\/2025\/04\/bar-chart.png\" class=\"attachment-full size-full\" alt=\"Monitorizaci\u00f3n de la rumia y la actividad\" \/><\/div><div class=\"w-iconbox-meta\"><\/div><\/div><div class=\"w-separator size_small\"><\/div><h3 class=\"w-text\"><span class=\"w-text-h\"><span class=\"w-text-value\">Monitorizaci\u00f3n da rumia e da actividade<\/span><\/span><\/h3><div class=\"wpb_text_column with_collapsible_content\" data-content-height=\"100px\"><div class=\"wpb_wrapper\"><p>Comprender a actividade dixestiva \u00e9 fundamental para anticipar problemas de sa\u00fade. Rumi Dairy rastrea a rumia e outros patr\u00f3ns de comportamento para que poidas <strong>actuar antes de que sexa demasiado tarde.<\/strong><\/p>\n<\/div><div class=\"toggle-links align_none\"><button class=\"collapsible-content-more\">Mostrar m\u00e1is<\/button><button class=\"collapsible-content-less\">Mostrar menos<\/button><\/div><\/div><\/div><\/div><div class=\"wpb_column vc_column_container us_custom_e668065f has_text_color has_bg_color\"><div class=\"vc_column-inner\"><div class=\"w-iconbox iconpos_top style_default color_primary align_center no_text no_title icontype_img\"><div class=\"w-iconbox-icon\" style=\"font-size:80px;\"><img decoding=\"async\" width=\"128\" height=\"128\" src=\"https:\/\/innogando.com\/wp-content\/uploads\/2025\/04\/evaluacion.png\" class=\"attachment-full size-full\" alt=\"Detecci\u00f3n de celos autom\u00e1tica\" \/><\/div><div class=\"w-iconbox-meta\"><\/div><\/div><div class=\"w-separator size_small\"><\/div><h3 class=\"w-text\"><span class=\"w-text-h\"><span class=\"w-text-value\">Detecci\u00f3n autom\u00e1tica de celos<\/span><\/span><\/h3><div class=\"wpb_text_column with_collapsible_content\" data-content-height=\"100px\"><div class=\"wpb_wrapper\"><p>Esqu\u00e9cete de perder ciclos. Recibe alertas cando se detecten signos de celo e mellora a eficiencia reprodutiva do teu raba\u00f1o.<\/p>\n<\/div><div class=\"toggle-links align_none\"><button class=\"collapsible-content-more\">Mostrar m\u00e1is<\/button><button class=\"collapsible-content-less\">Mostrar menos<\/button><\/div><\/div><\/div><\/div><div class=\"wpb_column vc_column_container us_custom_e668065f has_text_color has_bg_color\"><div class=\"vc_column-inner\"><div class=\"w-iconbox iconpos_top style_default color_primary align_center no_text no_title icontype_img\"><div class=\"w-iconbox-icon\" style=\"font-size:80px;\"><img decoding=\"async\" width=\"128\" height=\"128\" src=\"https:\/\/innogando.com\/wp-content\/uploads\/2025\/04\/prevencion.png\" class=\"attachment-full size-full\" alt=\"Prevenci\u00f3n de enfermedades\" \/><\/div><div class=\"w-iconbox-meta\"><\/div><\/div><div class=\"w-separator size_small\"><\/div><h3 class=\"w-text us_custom_676c3de3\"><span class=\"w-text-h\"><span class=\"w-text-value\">Prevenci\u00f3n de enfermidades<\/span><\/span><\/h3><div class=\"wpb_text_column with_collapsible_content\" data-content-height=\"100px\"><div class=\"wpb_wrapper\"><p>Identifica os cambios no comportamento que poidan indicar o comezo dun problema. Actuar a tempo reduce os custos veterinarios e mellora o benestar animal.<\/p>\n<\/div><div class=\"toggle-links align_none\"><button class=\"collapsible-content-more\">Mostrar m\u00e1is<\/button><button class=\"collapsible-content-less\">Mostrar menos<\/button><\/div><\/div><\/div><\/div><div class=\"wpb_column vc_column_container us_custom_e668065f has_text_color has_bg_color\"><div class=\"vc_column-inner\"><div class=\"w-iconbox iconpos_top style_default color_primary align_center no_text no_title icontype_img\"><div class=\"w-iconbox-icon\" style=\"font-size:80px;\"><img loading=\"lazy\" decoding=\"async\" width=\"128\" height=\"128\" src=\"https:\/\/innogando.com\/wp-content\/uploads\/2025\/04\/bateria-llena.png\" class=\"attachment-full size-full\" alt=\"Bater\u00eda de gran autonom\u00eda\" \/><\/div><div class=\"w-iconbox-meta\"><\/div><\/div><div class=\"w-separator size_small\"><\/div><h3 class=\"w-text us_custom_676c3de3\"><span class=\"w-text-h\"><span class=\"w-text-value\">Bater\u00eda de longa duraci\u00f3n<\/span><\/span><\/h3><div class=\"wpb_text_column with_collapsible_content\" data-content-height=\"100px\"><div class=\"wpb_wrapper\"><p>Dese\u00f1ado especificamente para granxas leiteiras, o Rumi Dairy \u00e9 unha soluci\u00f3n m\u00e1is lixeira e precisa adaptada \u00e1 t\u00faa gander\u00eda. A s\u00faa bater\u00eda ten unha duraci\u00f3n de ata 5 ou incluso 7 anos.<\/p>\n<\/div><div class=\"toggle-links align_none\"><button class=\"collapsible-content-more\">Mostrar m\u00e1is<\/button><button class=\"collapsible-content-less\">Mostrar menos<\/button><\/div><\/div><\/div><\/div><div class=\"wpb_column vc_column_container us_custom_e668065f has_text_color has_bg_color\"><div class=\"vc_column-inner\"><div class=\"w-iconbox iconpos_top style_default color_primary align_center no_text no_title icontype_img\"><div class=\"w-iconbox-icon\" style=\"font-size:80px;\"><img loading=\"lazy\" decoding=\"async\" width=\"128\" height=\"128\" src=\"https:\/\/innogando.com\/wp-content\/uploads\/2025\/04\/comprobado.png\" class=\"attachment-full size-full\" alt=\"Tranquilidad para el ganadero\" \/><\/div><div class=\"w-iconbox-meta\"><\/div><\/div><div class=\"w-separator size_small\"><\/div><h3 class=\"w-text us_custom_99b3ab14\"><span class=\"w-text-h\"><span class=\"w-text-value\">Tranquilidade para o gandeiro<\/span><\/span><\/h3><div class=\"wpb_text_column with_collapsible_content\" data-content-height=\"100px\"><div class=\"wpb_wrapper\"><p>Menos incerteza, m\u00e1is informaci\u00f3n. Tes o control do teu raba\u00f1o desde o teu tel\u00e9fono m\u00f3bil ou PC, esteas onde esteas.<\/p>\n<\/div><div class=\"toggle-links align_none\"><button class=\"collapsible-content-more\">Mostrar m\u00e1is<\/button><button class=\"collapsible-content-less\">Mostrar menos<\/button><\/div><\/div><\/div><\/div><\/div><\/div><\/div><\/div><\/div><\/section><section class=\"l-section wpb_row us_custom_eac59c77 height_custom\"><div class=\"l-section-h i-cf\"><div class=\"g-cols vc_row via_grid cols_2 laptops-cols_inherit tablets-cols_inherit mobiles-cols_1 valign_middle type_default stacking_default\"><div class=\"wpb_column vc_column_container\"><div class=\"vc_column-inner\"><div class=\"w-image align_center\"><div class=\"w-image-h\"><img loading=\"lazy\" decoding=\"async\" width=\"800\" height=\"668\" src=\"https:\/\/innogando.com\/wp-content\/uploads\/2025\/05\/funcionamiento-rumy-dairy.png\" class=\"attachment-large size-large\" alt=\"Cada vaca lleva un collar inteligente que mide su rumia\" loading=\"lazy\" srcset=\"https:\/\/innogando.com\/wp-content\/uploads\/2025\/05\/funcionamiento-rumy-dairy.png 800w, https:\/\/innogando.com\/wp-content\/uploads\/2025\/05\/funcionamiento-rumy-dairy-300x251.png 300w\" sizes=\"auto, (max-width: 800px) 100vw, 800px\" \/><\/div><\/div><\/div><\/div><div class=\"wpb_column vc_column_container us_custom_eeb3f3af\"><div class=\"vc_column-inner\"><h2 class=\"w-text us_custom_eecd5a9b\"><span class=\"w-text-h\"><span class=\"w-text-value\">Como funciona Rumi Dairy?<\/span><\/span><\/h2><div class=\"wpb_text_column us_custom_eecd5a9b\"><div class=\"wpb_wrapper\"><p>Cada vaca leva un colar intelixente que mide a rumia, catro actividades e calquera alteraci\u00f3n. Esta informaci\u00f3n transm\u00edtese automaticamente \u00e1 aplicaci\u00f3n Rumi, onde podes comprobar o estado de cada animal e recibir alertas cando algo non vai ben. <\/p>\n<p><strong>Optimiza a t\u00faa gander\u00eda de leite con tecnolox\u00eda sinxela e eficaz.<\/strong><\/p>\n<p>Rumi Dairy est\u00e1 dese\u00f1ado para axudarche a:<\/p>\n<\/div><\/div><div class=\"wpb_text_column\"><div class=\"wpb_wrapper\"><ul>\n<li>Reducir o uso de hormonas e tratamentos innecesarios.<\/li>\n<li>Mellorar as taxas de pre\u00f1ez e o benestar animal.<\/li>\n<li>Aforra tempo e custos na supervisi\u00f3n diaria.<\/li>\n<\/ul>\n<\/div><\/div><\/div><\/div><\/div><\/div><\/section><section class=\"l-section wpb_row height_custom\"><div class=\"l-section-h i-cf\"><div class=\"g-cols vc_row via_grid cols_1 laptops-cols_inherit tablets-cols_inherit mobiles-cols_1 valign_top type_default stacking_default\"><div class=\"wpb_column vc_column_container\"><div class=\"vc_column-inner\"><div class=\"g-cols wpb_row via_grid cols_2 laptops-cols_inherit tablets-cols_inherit mobiles-cols_1 valign_top type_default stacking_default\" style=\"--columns-gap:3rem;\"><div class=\"wpb_column vc_column_container\"><div class=\"vc_column-inner\"><h2 class=\"w-text\"><span class=\"w-text-h\"><span class=\"w-text-value\">Integraci\u00f3n con outras plataformas<\/span><\/span><\/h2><h3 class=\"w-text\"><span class=\"w-text-h\"><span class=\"w-text-value\">Rumi Dairy est\u00e1 dese\u00f1ado para adaptarse \u00e1 realidade das gander\u00edas de leite actuais.<\/span><\/span><\/h3><div class=\"wpb_text_column\"><div class=\"wpb_wrapper\"><p><strong>Toda a informaci\u00f3n relevante nun s\u00f3 lugar.<\/strong> Obt\u00e9n unha sincronizaci\u00f3n fluida de datos e xestiona o teu raba\u00f1o de forma m\u00e1is eficiente.<br \/>\nEntre as plataformas coas que Rumi Dairy se pode integrar est\u00e1n: <strong>GEA, Uniform e Gando.<\/strong><\/p>\n<p><strong>Toma mellores decisi\u00f3ns e m\u00e1is r\u00e1pido.<\/strong><\/p>\n<\/div><\/div><div class=\"w-btn-wrapper align_none\"><a class=\"w-btn us-btn-style_1\" href=\"https:\/\/innogando.com\/gl\/contacto\/\"><span class=\"w-btn-label\">Descubre Rumi Dairy<\/span><\/a><\/div><\/div><\/div><div class=\"wpb_column vc_column_container\"><div class=\"vc_column-inner\"><div class=\"w-image us_custom_e8fa2e72 align_right\"><div class=\"w-image-h\"><img loading=\"lazy\" decoding=\"async\" width=\"1020\" height=\"813\" src=\"https:\/\/innogando.com\/wp-content\/uploads\/2025\/05\/Compatibilidad-1.png\" class=\"attachment-large size-large\" alt=\"\" loading=\"lazy\" srcset=\"https:\/\/innogando.com\/wp-content\/uploads\/2025\/05\/Compatibilidad-1.png 1020w, https:\/\/innogando.com\/wp-content\/uploads\/2025\/05\/Compatibilidad-1-300x239.png 300w\" sizes=\"auto, (max-width: 1020px) 100vw, 1020px\" \/><\/div><\/div><\/div><\/div><\/div><\/div><\/div><\/div><\/div><\/section><section class=\"l-section wpb_row us_custom_628f0c86 has_text_color height_custom width_custom\" style=\"--site-content-width:1300px;\"><div class=\"l-section-h i-cf\"><div class=\"g-cols vc_row via_grid cols_3-1 laptops-cols_inherit tablets-cols_inherit mobiles-cols_1 valign_middle type_default stacking_default\"><div class=\"wpb_column vc_column_container\"><div class=\"vc_column-inner\"><h2 class=\"w-text\"><span class=\"w-text-h\"><span class=\"w-text-value\">Comeza a mellorar o rendemento da t\u00faa gander\u00eda hoxe mesmo<\/span><\/span><\/h2><div class=\"wpb_text_column\"><div class=\"wpb_wrapper\"><p>Solicita unha demostraci\u00f3n sen compromiso e descubre como Rumi Dairy pode mellorar a produci\u00f3n l\u00e1ctea coa tecnolox\u00eda.<\/p>\n<\/div><\/div><\/div><\/div><div class=\"wpb_column vc_column_container\"><div class=\"vc_column-inner\"><div class=\"w-btn-wrapper align_center\"><a class=\"w-btn us-btn-style_6\" href=\"https:\/\/innogando.com\/gl\/colares-intelixentes-para-vacas\/#probar-demo\"><span class=\"w-btn-label\">Solicitar unha demostraci\u00f3n<\/span><\/a><\/div><\/div><\/div><\/div><\/div><\/section>\n","protected":false},"excerpt":{"rendered":"Consegue unha sincronizaci\u00f3n fluida de datos, evitando duplicaci\u00f3ns e facilitando unha xesti\u00f3n m\u00e1is eficiente do raba\u00f1o ao centralizar toda a informaci\u00f3n relevante nun \u00fanico entorno de traballo. Isto permite aos agricultores tomar decisi\u00f3ns m\u00e1is r\u00e1pidas e informadas. Rumi Dairy: Xesti\u00f3n intelixente do gando de leiteRumi Dairy \u00e9 a soluci\u00f3n ideal para mellorar a eficiencia da...","protected":false},"author":5,"featured_media":0,"parent":0,"menu_order":0,"comment_status":"closed","ping_status":"closed","template":"","meta":{"_monsterinsights_skip_tracking":false,"_monsterinsights_sitenote_active":false,"_monsterinsights_sitenote_note":"","_monsterinsights_sitenote_category":0,"_joinchat":[],"footnotes":""},"class_list":["post-3101","page","type-page","status-publish","hentry"],"yoast_head":"<!-- This site is optimized with the Yoast SEO plugin v24.6 - https:\/\/yoast.com\/wordpress\/plugins\/seo\/ -->\n<title>RUMI Leche \u00b7 Tecnolox\u00eda para gando de leite intelixente<\/title>\n<meta name=\"description\" content=\"Vacas en pastoreo? Rumi Dairy detecta celos, enfermidades e mellora a reproduci\u00f3n con datos en tempo real. Tecnolox\u00eda sinxela para os gandeiros.\" \/>\n<meta name=\"robots\" content=\"index, follow, max-snippet:-1, max-image-preview:large, max-video-preview:-1\" \/>\n<link rel=\"canonical\" href=\"https:\/\/innogando.com\/gl\/leite-de-rumi\/\" \/>\n<meta property=\"og:locale\" content=\"gl_ES\" \/>\n<meta property=\"og:type\" content=\"article\" \/>\n<meta property=\"og:title\" content=\"RUMI Leche \u00b7 Tecnolox\u00eda para gando de leite intelixente\" \/>\n<meta property=\"og:description\" content=\"Vacas en pastoreo? Rumi Dairy detecta celos, enfermidades e mellora a reproduci\u00f3n con datos en tempo real. Tecnolox\u00eda sinxela para os gandeiros.\" \/>\n<meta property=\"og:url\" content=\"https:\/\/innogando.com\/gl\/leite-de-rumi\/\" \/>\n<meta property=\"og:site_name\" content=\"Innogando\" \/>\n<meta property=\"article:publisher\" content=\"https:\/\/www.facebook.com\/innogando?locale=es_ES\" \/>\n<meta property=\"article:modified_time\" content=\"2025-06-24T14:39:40+00:00\" \/>\n<meta property=\"og:image\" content=\"https:\/\/innogando.com\/wp-content\/uploads\/2025\/04\/vacas-rumi-app.jpg\" \/>\n\t<meta property=\"og:image:width\" content=\"1200\" \/>\n\t<meta property=\"og:image:height\" content=\"675\" \/>\n\t<meta property=\"og:image:type\" content=\"image\/jpeg\" \/>\n<meta name=\"twitter:card\" content=\"summary_large_image\" \/>\n<meta name=\"twitter:site\" content=\"@innogando\" \/>\n<meta name=\"twitter:label1\" content=\"Tempo de lectura\" \/>\n\t<meta name=\"twitter:data1\" content=\"9 minutos\" \/>\n<script type=\"application\/ld+json\" class=\"yoast-schema-graph\">{\"@context\":\"https:\/\/schema.org\",\"@graph\":[{\"@type\":\"WebPage\",\"@id\":\"https:\/\/innogando.com\/gl\/leite-de-rumi\/\",\"url\":\"https:\/\/innogando.com\/gl\/leite-de-rumi\/\",\"name\":\"RUMI Leche \u00b7 Tecnolox\u00eda para gando de leite intelixente\",\"isPartOf\":{\"@id\":\"https:\/\/innogando.com\/#website\"},\"datePublished\":\"2025-04-01T19:38:05+00:00\",\"dateModified\":\"2025-06-24T14:39:40+00:00\",\"description\":\"Vacas en pastoreo? Rumi Dairy detecta celos, enfermidades e mellora a reproduci\u00f3n con datos en tempo real. Tecnolox\u00eda sinxela para os gandeiros.\",\"breadcrumb\":{\"@id\":\"https:\/\/innogando.com\/gl\/leite-de-rumi\/#breadcrumb\"},\"inLanguage\":\"gl-ES\",\"potentialAction\":[{\"@type\":\"ReadAction\",\"target\":[\"https:\/\/innogando.com\/gl\/leite-de-rumi\/\"]}]},{\"@type\":\"BreadcrumbList\",\"@id\":\"https:\/\/innogando.com\/gl\/leite-de-rumi\/#breadcrumb\",\"itemListElement\":[{\"@type\":\"ListItem\",\"position\":1,\"name\":\"Portada\",\"item\":\"https:\/\/innogando.com\/gl\/\"},{\"@type\":\"ListItem\",\"position\":2,\"name\":\"Rumi Leite\"}]},{\"@type\":\"WebSite\",\"@id\":\"https:\/\/innogando.com\/#website\",\"url\":\"https:\/\/innogando.com\/\",\"name\":\"Innogando\",\"description\":\"Utilizamos la tecnolog\u00eda aplicada al ganado vacuno para ofrecer a los ganaderos una mayor rentabilidad de su explotaci\u00f3n\",\"publisher\":{\"@id\":\"https:\/\/innogando.com\/#organization\"},\"potentialAction\":[{\"@type\":\"SearchAction\",\"target\":{\"@type\":\"EntryPoint\",\"urlTemplate\":\"https:\/\/innogando.com\/?s={search_term_string}\"},\"query-input\":{\"@type\":\"PropertyValueSpecification\",\"valueRequired\":true,\"valueName\":\"search_term_string\"}}],\"inLanguage\":\"gl-ES\"},{\"@type\":\"Organization\",\"@id\":\"https:\/\/innogando.com\/#organization\",\"name\":\"Innogando\",\"url\":\"https:\/\/innogando.com\/\",\"logo\":{\"@type\":\"ImageObject\",\"inLanguage\":\"gl-ES\",\"@id\":\"https:\/\/innogando.com\/#\/schema\/logo\/image\/\",\"url\":\"https:\/\/innogando.com\/wp-content\/uploads\/2025\/03\/innogando-logo.png\",\"contentUrl\":\"https:\/\/innogando.com\/wp-content\/uploads\/2025\/03\/innogando-logo.png\",\"width\":234,\"height\":200,\"caption\":\"Innogando\"},\"image\":{\"@id\":\"https:\/\/innogando.com\/#\/schema\/logo\/image\/\"},\"sameAs\":[\"https:\/\/www.facebook.com\/innogando?locale=es_ES\",\"https:\/\/x.com\/innogando\",\"https:\/\/www.instagram.com\/innogando\/\",\"https:\/\/www.youtube.com\/@innogando2463\",\"https:\/\/www.linkedin.com\/company\/innogando\/\",\"https:\/\/www.tiktok.com\/@innogando\"]}]}<\/script>\n<!-- \/ Yoast SEO plugin. -->","yoast_head_json":{"title":"RUMI Leche \u00b7 Tecnolox\u00eda para gando de leite intelixente","description":"Vacas en pastoreo? Rumi Dairy detecta celos, enfermidades e mellora a reproduci\u00f3n con datos en tempo real. Tecnolox\u00eda sinxela para os gandeiros.","robots":{"index":"index","follow":"follow","max-snippet":"max-snippet:-1","max-image-preview":"max-image-preview:large","max-video-preview":"max-video-preview:-1"},"canonical":"https:\/\/innogando.com\/gl\/leite-de-rumi\/","og_locale":"gl_ES","og_type":"article","og_title":"RUMI Leche \u00b7 Tecnolox\u00eda para gando de leite intelixente","og_description":"Vacas en pastoreo? Rumi Dairy detecta celos, enfermidades e mellora a reproduci\u00f3n con datos en tempo real. Tecnolox\u00eda sinxela para os gandeiros.","og_url":"https:\/\/innogando.com\/gl\/leite-de-rumi\/","og_site_name":"Innogando","article_publisher":"https:\/\/www.facebook.com\/innogando?locale=es_ES","article_modified_time":"2025-06-24T14:39:40+00:00","og_image":[{"width":1200,"height":675,"url":"https:\/\/innogando.com\/wp-content\/uploads\/2025\/04\/vacas-rumi-app.jpg","type":"image\/jpeg"}],"twitter_card":"summary_large_image","twitter_site":"@innogando","twitter_misc":{"Tempo de lectura":"9 minutos"},"schema":{"@context":"https:\/\/schema.org","@graph":[{"@type":"WebPage","@id":"https:\/\/innogando.com\/gl\/leite-de-rumi\/","url":"https:\/\/innogando.com\/gl\/leite-de-rumi\/","name":"RUMI Leche \u00b7 Tecnolox\u00eda para gando de leite intelixente","isPartOf":{"@id":"https:\/\/innogando.com\/#website"},"datePublished":"2025-04-01T19:38:05+00:00","dateModified":"2025-06-24T14:39:40+00:00","description":"Vacas en pastoreo? Rumi Dairy detecta celos, enfermidades e mellora a reproduci\u00f3n con datos en tempo real. Tecnolox\u00eda sinxela para os gandeiros.","breadcrumb":{"@id":"https:\/\/innogando.com\/gl\/leite-de-rumi\/#breadcrumb"},"inLanguage":"gl-ES","potentialAction":[{"@type":"ReadAction","target":["https:\/\/innogando.com\/gl\/leite-de-rumi\/"]}]},{"@type":"BreadcrumbList","@id":"https:\/\/innogando.com\/gl\/leite-de-rumi\/#breadcrumb","itemListElement":[{"@type":"ListItem","position":1,"name":"Portada","item":"https:\/\/innogando.com\/gl\/"},{"@type":"ListItem","position":2,"name":"Rumi Leite"}]},{"@type":"WebSite","@id":"https:\/\/innogando.com\/#website","url":"https:\/\/innogando.com\/","name":"Innogando","description":"Utilizamos la tecnolog\u00eda aplicada al ganado vacuno para ofrecer a los ganaderos una mayor rentabilidad de su explotaci\u00f3n","publisher":{"@id":"https:\/\/innogando.com\/#organization"},"potentialAction":[{"@type":"SearchAction","target":{"@type":"EntryPoint","urlTemplate":"https:\/\/innogando.com\/?s={search_term_string}"},"query-input":{"@type":"PropertyValueSpecification","valueRequired":true,"valueName":"search_term_string"}}],"inLanguage":"gl-ES"},{"@type":"Organization","@id":"https:\/\/innogando.com\/#organization","name":"Innogando","url":"https:\/\/innogando.com\/","logo":{"@type":"ImageObject","inLanguage":"gl-ES","@id":"https:\/\/innogando.com\/#\/schema\/logo\/image\/","url":"https:\/\/innogando.com\/wp-content\/uploads\/2025\/03\/innogando-logo.png","contentUrl":"https:\/\/innogando.com\/wp-content\/uploads\/2025\/03\/innogando-logo.png","width":234,"height":200,"caption":"Innogando"},"image":{"@id":"https:\/\/innogando.com\/#\/schema\/logo\/image\/"},"sameAs":["https:\/\/www.facebook.com\/innogando?locale=es_ES","https:\/\/x.com\/innogando","https:\/\/www.instagram.com\/innogando\/","https:\/\/www.youtube.com\/@innogando2463","https:\/\/www.linkedin.com\/company\/innogando\/","https:\/\/www.tiktok.com\/@innogando"]}]}},"_links":{"self":[{"href":"https:\/\/innogando.com\/gl\/wp-json\/wp\/v2\/pages\/3101","targetHints":{"allow":["GET"]}}],"collection":[{"href":"https:\/\/innogando.com\/gl\/wp-json\/wp\/v2\/pages"}],"about":[{"href":"https:\/\/innogando.com\/gl\/wp-json\/wp\/v2\/types\/page"}],"author":[{"embeddable":true,"href":"https:\/\/innogando.com\/gl\/wp-json\/wp\/v2\/users\/5"}],"replies":[{"embeddable":true,"href":"https:\/\/innogando.com\/gl\/wp-json\/wp\/v2\/comments?post=3101"}],"version-history":[{"count":13,"href":"https:\/\/innogando.com\/gl\/wp-json\/wp\/v2\/pages\/3101\/revisions"}],"predecessor-version":[{"id":4273,"href":"https:\/\/innogando.com\/gl\/wp-json\/wp\/v2\/pages\/3101\/revisions\/4273"}],"wp:attachment":[{"href":"https:\/\/innogando.com\/gl\/wp-json\/wp\/v2\/media?parent=3101"}],"curies":[{"name":"wp","href":"https:\/\/api.w.org\/{rel}","templated":true}]}}