{"id":3035,"date":"2025-03-14T21:02:55","date_gmt":"2025-03-14T21:02:55","guid":{"rendered":"https:\/\/innogando.com\/aviso-legal\/"},"modified":"2025-06-30T10:21:09","modified_gmt":"2025-06-30T10:21:09","slug":"aviso-legal","status":"publish","type":"page","link":"https:\/\/innogando.com\/gl\/aviso-legal\/","title":{"rendered":"Aviso legal"},"content":{"rendered":"<section class=\"l-section wpb_row height_custom\"><div class=\"l-section-h i-cf\"><div class=\"g-cols vc_row via_grid cols_1 laptops-cols_inherit tablets-cols_inherit mobiles-cols_1 valign_top type_default stacking_default\"><div class=\"wpb_column vc_column_container\"><div class=\"vc_column-inner\"><div class=\"wpb_text_column\"><div class=\"wpb_wrapper\"><p>INNOGANDO SL, responsable do sitio web, en diante RESPONSABLE, pon a disposici\u00f3n dos usuarios o presente documento, co que pretende dar cumprimento \u00e1s obrigas dispostas na Lei 34\/2002, do 11 de xullo, de Servizos da Sociedade da Informaci\u00f3n e do Comercio Electr\u00f3nico (LSSICE), BOE n\u00ba 166, as\u00ed como informar a todos os usuarios do sitio web respecto a cales son as condici\u00f3ns de uso.<\/p>\n<p>Calquera persoa que acceda a este sitio web asume o papel de usuario e comprom\u00e9tese a observar e cumprir estritamente as disposici\u00f3ns aqu\u00ed dispostas, as\u00ed como calquera outra disposici\u00f3n legal que sexa de aplicaci\u00f3n.<\/p>\n<p>INNOGANDO SL res\u00e9rvase o dereito de modificar calquera tipo de informaci\u00f3n que poida aparecer no sitio web, sen que exista obriga de preavisar ou informar os usuarios de ditas obrigas. Consid\u00e9rase suficiente a publicaci\u00f3n no sitio web de INNOGANDO SL.<\/p>\n<h3>1. DATOS DE IDENTIFICACI\u00d3N<\/h3>\n<p><strong>Nome de dominio<\/strong> : innogando.com<\/p>\n<p><strong>Nome comercial<\/strong> : Innogando<\/p>\n<p><strong>Nome da empresa<\/strong> : INNOGANDO SL<\/p>\n<p><strong>NIF<\/strong> : B27518547<\/p>\n<p><strong>Domicilio social<\/strong> : R\u00faa dos Artes\u00e1ns n\u00ba19 Baixo, pol ind Ceao 27003 Lugo.<\/p>\n<p><strong>Tel\u00e9fono<\/strong> : <a href=\"tel:34982892008\">+34 982 892 008<\/a><\/p>\n<p><strong>Correo electr\u00f3nico<\/strong> : <a href=\"mailto:hola@innogando.com\">hola@innogando.com<\/a><\/p>\n<h3>2. DEREITOS DE PROPIEDADE INTELECTUAL E INDUSTRIAL<\/h3>\n<p>O sitio web, inclu\u00edndo, entre outros, a s\u00faa programaci\u00f3n, edici\u00f3n, compilaci\u00f3n e demais elementos necesarios para o seu funcionamento, os dese\u00f1os, logotipos, texto e\/ou gr\u00e1ficos, son propiedade do RESPONSABLE ou, no seu caso, foron licenciados ou autorizados expresamente polos autores. Todo o contido do sitio web at\u00f3pase debidamente protexido pola normativa de propiedade intelectual e industrial e inscrito nos rexistros p\u00fablicos correspondentes. Independentemente da finalidade para a que se vaia a reproducir, usar, explotar, distribuir e comercializar, total ou parcialmente, require sempre da autorizaci\u00f3n previa por escrito do RESPONSABLE. Calquera uso non autorizado previamente consid\u00e9rase un incumprimento grave dos dereitos de propiedade intelectual ou industrial do autor.<\/p>\n<p>Calquera dese\u00f1o, logotipo, texto e\/ou gr\u00e1ficos alleos ao RESPONSABLE e que poidan aparecer no sitio web pertencen aos seus respectivos propietarios, sendo eles responsables de calquera controversia que puidese xurdir respecto diso. O RESPONSABLE autoriza expresamente a terceiros a redirixir directamente a contidos concretos do sitio web e, en todo caso, ao sitio web principal de innogando.com.<\/p>\n<p>O RESPONSABLE reco\u00f1ece a favor dos seus titulares os correspondentes dereitos de propiedade intelectual e industrial. A s\u00faa soa menci\u00f3n ou aparici\u00f3n no sitio web non implica a existencia de dereitos ou responsabilidade algunha sobre os mesmos, nin tampouco respaldo, patrocinio ou recomendaci\u00f3n por parte do RESPONSABLE.<\/p>\n<p>Para realizar calquera tipo de observaci\u00f3n respecto a posibles violaci\u00f3ns dos dereitos de propiedade intelectual ou industrial, as\u00ed como sobre calquera dos contidos do sitio web, pode facelo a trav\u00e9s do correo electr\u00f3nico <a href=\"mailto:hola@innogando.com\">hola@innogando.com<\/a> .<\/p>\n<h3>3. DESCARGO DE RESPONSABILIDADE<\/h3>\n<p>O RESPONSABLE ex\u00edmese de calquera responsabilidade derivada da informaci\u00f3n publicada no seu sitio web sempre que non te\u00f1a co\u00f1ecemento efectivo de que esta informaci\u00f3n foi manipulada ou introducida por un terceiro distinto do RESPONSABLE ou, en caso afirmativo, actuase con dilixencia para retirar os datos ou imposibilitar o acceso a eles.<\/p>\n<h3>Uso de cookies<\/h3>\n<p>Este sitio web pode empregar cookies t\u00e9cnicas (pequenos ficheiros de informaci\u00f3n que o servidor env\u00eda ao ordenador de quen accede \u00e1 p\u00e1xina) para levar a cabo determinadas funci\u00f3ns que se consideran esenciais para o correcto funcionamento e visualizaci\u00f3n do sitio. As cookies empregadas son, en todos os casos, temporais, e a s\u00faa \u00fanica finalidade \u00e9 facer que a navegaci\u00f3n sexa m\u00e1is eficiente. Desaparecen ao finalizar a sesi\u00f3n do usuario. En ning\u00fan caso estas cookies proporcionan datos persoais, e non se utilizar\u00e1n para recollelos.<\/p>\n<p>Mediante o uso de cookies, o servidor que aloxa o sitio web tam\u00e9n pode reco\u00f1ecer o navegador do usuario, o que facilita a navegaci\u00f3n. Isto permite, por exemplo, que os usuarios previamente rexistrados accedan a \u00e1reas, servizos, promoci\u00f3ns ou concursos reservados exclusivamente para eles sen ter que rexistrarse cada vez que visitan. As cookies tam\u00e9n se poden usar para medir par\u00e1metros de audiencia e tr\u00e1fico, controlar o progreso e o n\u00famero de entradas, etc. Nestes casos, as cookies son tecnicamente innecesarias, pero beneficiosas para o usuario. Este sitio web non instalar\u00e1 cookies non esenciais sen o consentimento previo do usuario.<\/p>\n<p>Os usuarios poden configurar o seu navegador para ser notificados cando reciben cookies e para impedir que se instalen no seu dispositivo. Consulte as instruci\u00f3ns do seu navegador para obter m\u00e1is informaci\u00f3n.<\/p>\n<h3>Pol\u00edtica de ligaz\u00f3ns<\/h3>\n<p>Dende o sitio web, \u00e9 posible que se redirixa a contidos de sitios web de terceiros. Dado que o RESPONSABLE non pode controlar sempre o contido publicado por terceiros nos seus respectivos sitios web, non asume ningunha responsabilidade respecto diso. En calquera caso, retirar\u00e1 de inmediato calquera contido que poida contravir a lexislaci\u00f3n nacional ou internacional, a moral ou a orde p\u00fablica, retirando inmediatamente o redireccionamento a devandito sitio web e informando \u00e1s autoridades competentes do contido en cuesti\u00f3n.<\/p>\n<p>O RESPONSABLE non se responsabiliza da informaci\u00f3n e contidos almacenados, a t\u00edtulo enunciativo, entre outros, foros, chats, xeradores de blogs, comentarios, redes sociais ou calquera outro medio que permita a terceiros publicar contidos de forma independente no sitio web do RESPONSABLE. Non obstante, e en cumprimento do disposto nos artigos 11 e 16 da LSSICE, o RESPONSABLE ponse a disposici\u00f3n de todos os usuarios, autoridades e forzas de seguridade, colaborando activamente na retirada ou, no seu caso, bloqueo de todos aqueles contidos que poidan afectar ou contravir a lexislaci\u00f3n nacional ou internacional, dereitos de terceiros ou a moral e a orde p\u00fablica. Se o usuario considera que existe no sitio web alg\u00fan contido que poida ser clasificado como tal, rogamos que o faga saber de inmediato ao administrador do sitio web.<\/p>\n<p>Este sitio web foi revisado e probado para garantir o seu correcto funcionamento. En principio, p\u00f3dese garantir o seu correcto funcionamento os 365 d\u00edas do ano, as 24 horas do d\u00eda. Non obstante, o RESPONSABLE non descarta a posibilidade de erros de programaci\u00f3n, ou que acontezan forza maior, cat\u00e1strofes naturais, folgas ou circunstancias semellantes que fagan imposible o acceso ao sitio web.<\/p>\n<h3>Enderezos IP<\/h3>\n<p>Os servidores do sitio web detectar\u00e1n automaticamente o enderezo IP e o nome de dominio empregados polo usuario. Un enderezo IP \u00e9 un n\u00famero que se lle asigna automaticamente a un ordenador cando se conecta a Internet. Toda esta informaci\u00f3n rex\u00edstrase nun ficheiro de actividade do servidor, o que permite o posterior procesamento dos datos con fins puramente estat\u00edsticos. Esta informaci\u00f3n perm\u00edtenos determinar o n\u00famero de impresi\u00f3ns de p\u00e1xina, o n\u00famero de visitas realizadas aos servidores web, a orde das visitas, o punto de acceso, etc.<\/p>\n<h3>4. LEI APLICABLE E XURISDICI\u00d3N<\/h3>\n<p>Para a resoluci\u00f3n de todas as controversias ou cuesti\u00f3ns relacionadas con este sitio web ou as actividades que nel se desenvolven, aplicarase a lexislaci\u00f3n espa\u00f1ola, \u00e1 que se someten expresamente as partes. Ser\u00e1n competentes para resolver todos os conflitos derivados ou relacionados co seu uso os Xulgados e Tribunais do domicilio do USUARIO ou do lugar onde se cumpra a obriga.<\/p>\n<\/div><\/div><\/div><\/div><\/div><\/div><\/section>\n","protected":false},"excerpt":{"rendered":"INNOGANDO SL, responsable do sitio web, en diante RESPONSABLE, pon a disposici\u00f3n dos usuarios o presente documento, co que pretende dar cumprimento \u00e1s obrigas dispostas na Lei 34\/2002, do 11 de xullo, de Servizos da Sociedade da Informaci\u00f3n e do Comercio Electr\u00f3nico (LSSICE), BOE n\u00ba 166, as\u00ed como informar a todos os usuarios do sitio...","protected":false},"author":5,"featured_media":0,"parent":0,"menu_order":0,"comment_status":"closed","ping_status":"closed","template":"","meta":{"_monsterinsights_skip_tracking":false,"_monsterinsights_sitenote_active":false,"_monsterinsights_sitenote_note":"","_monsterinsights_sitenote_category":0,"_joinchat":[],"footnotes":""},"class_list":["post-3035","page","type-page","status-publish","hentry"],"yoast_head":"<!-- This site is optimized with the Yoast SEO plugin v24.6 - https:\/\/yoast.com\/wordpress\/plugins\/seo\/ -->\n<title>Aviso legal - Innogando<\/title>\n<meta name=\"description\" content=\"INNOGANDO SL, responsable do sitio web, en diante RESPONSABLE, pon a disposici\u00f3n dos usuarios este documento, co que pretende dar\" \/>\n<meta name=\"robots\" content=\"noindex, follow\" \/>\n<meta property=\"og:locale\" content=\"gl_ES\" \/>\n<meta property=\"og:type\" content=\"article\" \/>\n<meta property=\"og:title\" content=\"Aviso legal - Innogando\" \/>\n<meta property=\"og:description\" content=\"INNOGANDO SL, responsable do sitio web, en diante RESPONSABLE, pon a disposici\u00f3n dos usuarios este documento, co que pretende dar\" \/>\n<meta property=\"og:url\" content=\"https:\/\/innogando.com\/gl\/aviso-legal\/\" \/>\n<meta property=\"og:site_name\" content=\"Innogando\" \/>\n<meta property=\"article:publisher\" content=\"https:\/\/www.facebook.com\/innogando?locale=es_ES\" \/>\n<meta property=\"article:modified_time\" content=\"2025-06-30T10:21:09+00:00\" \/>\n<meta property=\"og:image\" content=\"https:\/\/innogando.com\/wp-content\/uploads\/2025\/04\/vacas-rumi-app.jpg\" \/>\n\t<meta property=\"og:image:width\" content=\"1200\" \/>\n\t<meta property=\"og:image:height\" content=\"675\" \/>\n\t<meta property=\"og:image:type\" content=\"image\/jpeg\" \/>\n<meta name=\"twitter:card\" content=\"summary_large_image\" \/>\n<meta name=\"twitter:site\" content=\"@innogando\" \/>\n<meta name=\"twitter:label1\" content=\"Tempo de lectura\" \/>\n\t<meta name=\"twitter:data1\" content=\"6 minutos\" \/>\n<script type=\"application\/ld+json\" class=\"yoast-schema-graph\">{\"@context\":\"https:\/\/schema.org\",\"@graph\":[{\"@type\":\"WebPage\",\"@id\":\"https:\/\/innogando.com\/gl\/aviso-legal\/\",\"url\":\"https:\/\/innogando.com\/gl\/aviso-legal\/\",\"name\":\"Aviso legal - Innogando\",\"isPartOf\":{\"@id\":\"https:\/\/innogando.com\/#website\"},\"datePublished\":\"2025-03-14T21:02:55+00:00\",\"dateModified\":\"2025-06-30T10:21:09+00:00\",\"description\":\"INNOGANDO SL, responsable do sitio web, en diante RESPONSABLE, pon a disposici\u00f3n dos usuarios este documento, co que pretende dar\",\"breadcrumb\":{\"@id\":\"https:\/\/innogando.com\/gl\/aviso-legal\/#breadcrumb\"},\"inLanguage\":\"gl-ES\",\"potentialAction\":[{\"@type\":\"ReadAction\",\"target\":[\"https:\/\/innogando.com\/gl\/aviso-legal\/\"]}]},{\"@type\":\"BreadcrumbList\",\"@id\":\"https:\/\/innogando.com\/gl\/aviso-legal\/#breadcrumb\",\"itemListElement\":[{\"@type\":\"ListItem\",\"position\":1,\"name\":\"Portada\",\"item\":\"https:\/\/innogando.com\/gl\/\"},{\"@type\":\"ListItem\",\"position\":2,\"name\":\"Aviso legal\"}]},{\"@type\":\"WebSite\",\"@id\":\"https:\/\/innogando.com\/#website\",\"url\":\"https:\/\/innogando.com\/\",\"name\":\"Innogando\",\"description\":\"Utilizamos la tecnolog\u00eda aplicada al ganado vacuno para ofrecer a los ganaderos una mayor rentabilidad de su explotaci\u00f3n\",\"publisher\":{\"@id\":\"https:\/\/innogando.com\/#organization\"},\"potentialAction\":[{\"@type\":\"SearchAction\",\"target\":{\"@type\":\"EntryPoint\",\"urlTemplate\":\"https:\/\/innogando.com\/?s={search_term_string}\"},\"query-input\":{\"@type\":\"PropertyValueSpecification\",\"valueRequired\":true,\"valueName\":\"search_term_string\"}}],\"inLanguage\":\"gl-ES\"},{\"@type\":\"Organization\",\"@id\":\"https:\/\/innogando.com\/#organization\",\"name\":\"Innogando\",\"url\":\"https:\/\/innogando.com\/\",\"logo\":{\"@type\":\"ImageObject\",\"inLanguage\":\"gl-ES\",\"@id\":\"https:\/\/innogando.com\/#\/schema\/logo\/image\/\",\"url\":\"https:\/\/innogando.com\/wp-content\/uploads\/2025\/03\/innogando-logo.png\",\"contentUrl\":\"https:\/\/innogando.com\/wp-content\/uploads\/2025\/03\/innogando-logo.png\",\"width\":234,\"height\":200,\"caption\":\"Innogando\"},\"image\":{\"@id\":\"https:\/\/innogando.com\/#\/schema\/logo\/image\/\"},\"sameAs\":[\"https:\/\/www.facebook.com\/innogando?locale=es_ES\",\"https:\/\/x.com\/innogando\",\"https:\/\/www.instagram.com\/innogando\/\",\"https:\/\/www.youtube.com\/@innogando2463\",\"https:\/\/www.linkedin.com\/company\/innogando\/\",\"https:\/\/www.tiktok.com\/@innogando\"]}]}<\/script>\n<!-- \/ Yoast SEO plugin. -->","yoast_head_json":{"title":"Aviso legal - Innogando","description":"INNOGANDO SL, responsable do sitio web, en diante RESPONSABLE, pon a disposici\u00f3n dos usuarios este documento, co que pretende dar","robots":{"index":"noindex","follow":"follow"},"og_locale":"gl_ES","og_type":"article","og_title":"Aviso legal - Innogando","og_description":"INNOGANDO SL, responsable do sitio web, en diante RESPONSABLE, pon a disposici\u00f3n dos usuarios este documento, co que pretende dar","og_url":"https:\/\/innogando.com\/gl\/aviso-legal\/","og_site_name":"Innogando","article_publisher":"https:\/\/www.facebook.com\/innogando?locale=es_ES","article_modified_time":"2025-06-30T10:21:09+00:00","og_image":[{"width":1200,"height":675,"url":"https:\/\/innogando.com\/wp-content\/uploads\/2025\/04\/vacas-rumi-app.jpg","type":"image\/jpeg"}],"twitter_card":"summary_large_image","twitter_site":"@innogando","twitter_misc":{"Tempo de lectura":"6 minutos"},"schema":{"@context":"https:\/\/schema.org","@graph":[{"@type":"WebPage","@id":"https:\/\/innogando.com\/gl\/aviso-legal\/","url":"https:\/\/innogando.com\/gl\/aviso-legal\/","name":"Aviso legal - Innogando","isPartOf":{"@id":"https:\/\/innogando.com\/#website"},"datePublished":"2025-03-14T21:02:55+00:00","dateModified":"2025-06-30T10:21:09+00:00","description":"INNOGANDO SL, responsable do sitio web, en diante RESPONSABLE, pon a disposici\u00f3n dos usuarios este documento, co que pretende dar","breadcrumb":{"@id":"https:\/\/innogando.com\/gl\/aviso-legal\/#breadcrumb"},"inLanguage":"gl-ES","potentialAction":[{"@type":"ReadAction","target":["https:\/\/innogando.com\/gl\/aviso-legal\/"]}]},{"@type":"BreadcrumbList","@id":"https:\/\/innogando.com\/gl\/aviso-legal\/#breadcrumb","itemListElement":[{"@type":"ListItem","position":1,"name":"Portada","item":"https:\/\/innogando.com\/gl\/"},{"@type":"ListItem","position":2,"name":"Aviso legal"}]},{"@type":"WebSite","@id":"https:\/\/innogando.com\/#website","url":"https:\/\/innogando.com\/","name":"Innogando","description":"Utilizamos la tecnolog\u00eda aplicada al ganado vacuno para ofrecer a los ganaderos una mayor rentabilidad de su explotaci\u00f3n","publisher":{"@id":"https:\/\/innogando.com\/#organization"},"potentialAction":[{"@type":"SearchAction","target":{"@type":"EntryPoint","urlTemplate":"https:\/\/innogando.com\/?s={search_term_string}"},"query-input":{"@type":"PropertyValueSpecification","valueRequired":true,"valueName":"search_term_string"}}],"inLanguage":"gl-ES"},{"@type":"Organization","@id":"https:\/\/innogando.com\/#organization","name":"Innogando","url":"https:\/\/innogando.com\/","logo":{"@type":"ImageObject","inLanguage":"gl-ES","@id":"https:\/\/innogando.com\/#\/schema\/logo\/image\/","url":"https:\/\/innogando.com\/wp-content\/uploads\/2025\/03\/innogando-logo.png","contentUrl":"https:\/\/innogando.com\/wp-content\/uploads\/2025\/03\/innogando-logo.png","width":234,"height":200,"caption":"Innogando"},"image":{"@id":"https:\/\/innogando.com\/#\/schema\/logo\/image\/"},"sameAs":["https:\/\/www.facebook.com\/innogando?locale=es_ES","https:\/\/x.com\/innogando","https:\/\/www.instagram.com\/innogando\/","https:\/\/www.youtube.com\/@innogando2463","https:\/\/www.linkedin.com\/company\/innogando\/","https:\/\/www.tiktok.com\/@innogando"]}]}},"_links":{"self":[{"href":"https:\/\/innogando.com\/gl\/wp-json\/wp\/v2\/pages\/3035","targetHints":{"allow":["GET"]}}],"collection":[{"href":"https:\/\/innogando.com\/gl\/wp-json\/wp\/v2\/pages"}],"about":[{"href":"https:\/\/innogando.com\/gl\/wp-json\/wp\/v2\/types\/page"}],"author":[{"embeddable":true,"href":"https:\/\/innogando.com\/gl\/wp-json\/wp\/v2\/users\/5"}],"replies":[{"embeddable":true,"href":"https:\/\/innogando.com\/gl\/wp-json\/wp\/v2\/comments?post=3035"}],"version-history":[{"count":2,"href":"https:\/\/innogando.com\/gl\/wp-json\/wp\/v2\/pages\/3035\/revisions"}],"predecessor-version":[{"id":4375,"href":"https:\/\/innogando.com\/gl\/wp-json\/wp\/v2\/pages\/3035\/revisions\/4375"}],"wp:attachment":[{"href":"https:\/\/innogando.com\/gl\/wp-json\/wp\/v2\/media?parent=3035"}],"curies":[{"name":"wp","href":"https:\/\/api.w.org\/{rel}","templated":true}]}}