{"id":3021,"date":"2025-03-14T21:08:54","date_gmt":"2025-03-14T21:08:54","guid":{"rendered":"https:\/\/innogando.com\/politica-de-privacidade\/"},"modified":"2025-06-24T14:39:39","modified_gmt":"2025-06-24T14:39:39","slug":"politica-de-privacidade","status":"publish","type":"page","link":"https:\/\/innogando.com\/gl\/politica-de-privacidade\/","title":{"rendered":"Pol\u00edtica de privacidade"},"content":{"rendered":"<section class=\"l-section wpb_row us_custom_278d8c57 height_custom\"><div class=\"l-section-h i-cf\"><div class=\"g-cols vc_row via_grid cols_1 laptops-cols_inherit tablets-cols_inherit mobiles-cols_1 valign_top type_default stacking_default\"><div class=\"wpb_column vc_column_container\"><div class=\"vc_column-inner\"><h2 class=\"w-text\"><span class=\"w-text-h\"><span class=\"w-text-value\">Informaci\u00f3n sobre a protecci\u00f3n de datos<\/span><\/span><\/h2><\/div><\/div><\/div><\/div><\/section><section class=\"l-section wpb_row us_custom_19737bc8 height_custom\"><div class=\"l-section-h i-cf\"><div class=\"g-cols vc_row via_grid cols_1 laptops-cols_inherit tablets-cols_inherit mobiles-cols_1 valign_top type_default stacking_default\"><div class=\"wpb_column vc_column_container\"><div class=\"vc_column-inner\"><div class=\"g-cols wpb_row via_grid cols_1-3 laptops-cols_inherit tablets-cols_inherit mobiles-cols_1 valign_top type_default stacking_default\" style=\"--columns-gap:3rem;--laptops-columns-gap:3rem;--tablets-columns-gap:3rem;--mobiles-columns-gap:1.5rem;\"><div class=\"wpb_column vc_column_container\"><div class=\"vc_column-inner\"><p class=\"w-text\"><span class=\"w-text-h\"><span class=\"w-text-value\">Responsable<\/span><\/span><\/p><\/div><\/div><div class=\"wpb_column vc_column_container\"><div class=\"vc_column-inner\"><div class=\"wpb_text_column\"><div class=\"wpb_wrapper\"><p><strong>Quen \u00e9 o responsable do tratamento dos seus datos?<\/strong><br \/>\n<strong>Identidade<\/strong> : INNOGANDO SL<br \/>\n<strong>Director\/a Correo <\/strong>LG. A GRA\u00d1A, SN \u2013 27730 ABADIN (Lugo)<br \/>\n<strong>Tel\u00e9fono<\/strong> : 644 58 62 45<br \/>\n<strong>Correo electr\u00f3nico<\/strong> : hola@innogando.com<br \/>\n Delegado\/a da protecci\u00f3n de datos:<\/p>\n<\/div><\/div><\/div><\/div><\/div><div class=\"g-cols wpb_row us_custom_cdf14ffd via_grid cols_1-3 laptops-cols_inherit tablets-cols_inherit mobiles-cols_1 valign_top type_default stacking_default\" style=\"--columns-gap:3rem;--laptops-columns-gap:3rem;--tablets-columns-gap:3rem;--mobiles-columns-gap:1.5rem;\"><div class=\"wpb_column vc_column_container\"><div class=\"vc_column-inner\"><p class=\"w-text\"><span class=\"w-text-h\"><span class=\"w-text-value\">Prop\u00f3sito<\/span><\/span><\/p><\/div><\/div><div class=\"wpb_column vc_column_container\"><div class=\"vc_column-inner\"><div class=\"wpb_text_column\"><div class=\"wpb_wrapper\"><p><strong>Con que finalidade procesamos os seus datos persoais?<\/strong><br \/>\n <strong>Se vostede \u00e9 cliente<\/strong> :<br \/>\n Tratamos a informaci\u00f3n para permitir a correcta prestaci\u00f3n do servizo contratado, a facturaci\u00f3n, as actividades comerciais e a oferta e\/ou contrataci\u00f3n de produtos e servizos.<\/p>\n<p> <strong>Se contactaches con n\u00f3s<\/strong> :<br \/>\n Tratamos a informaci\u00f3n para xestionar a consulta, queixa, suxesti\u00f3n e\/ou reclamaci\u00f3n.<\/p>\n<p> <strong>Se es candidato\/a<\/strong> :<br \/>\n Procesamos a informaci\u00f3n para xestionar a nosa relaci\u00f3n cos candidatos que se presentan a unha vacante na empresa.<\/p>\n<\/div><\/div><\/div><\/div><\/div><div class=\"g-cols wpb_row us_custom_cdf14ffd via_grid cols_1-3 laptops-cols_inherit tablets-cols_inherit mobiles-cols_1 valign_top type_default stacking_default\" style=\"--columns-gap:3rem;--laptops-columns-gap:3rem;--tablets-columns-gap:3rem;--mobiles-columns-gap:1.5rem;\"><div class=\"wpb_column vc_column_container\"><div class=\"vc_column-inner\"><p class=\"w-text\"><span class=\"w-text-h\"><span class=\"w-text-value\">Tempo<\/span><\/span><\/p><\/div><\/div><div class=\"wpb_column vc_column_container\"><div class=\"vc_column-inner\"><div class=\"wpb_text_column\"><div class=\"wpb_wrapper\"><p><strong>Canto tempo conservaremos os teus datos?<\/strong><br \/>\nOs datos persoais proporcionados conservaranse mentres se mante\u00f1a a relaci\u00f3n comercial e o interesado non solicite a s\u00faa supresi\u00f3n. Tendo en conta os prazos previstos na lexislaci\u00f3n en canto \u00e1 prescrici\u00f3n da responsabilidade.<\/p>\n<\/div><\/div><\/div><\/div><\/div><div class=\"g-cols wpb_row us_custom_cdf14ffd via_grid cols_1-3 laptops-cols_inherit tablets-cols_inherit mobiles-cols_1 valign_top type_default stacking_default\" style=\"--columns-gap:3rem;--laptops-columns-gap:3rem;--tablets-columns-gap:3rem;--mobiles-columns-gap:1.5rem;\"><div class=\"wpb_column vc_column_container\"><div class=\"vc_column-inner\"><p class=\"w-text\"><span class=\"w-text-h\"><span class=\"w-text-value\">Lexitimaci\u00f3n<\/span><\/span><\/p><\/div><\/div><div class=\"wpb_column vc_column_container\"><div class=\"vc_column-inner\"><div class=\"wpb_text_column\"><div class=\"wpb_wrapper\"><p><strong>Cal \u00e9 a lexitimaci\u00f3n para o tratamento dos seus datos?<\/strong><br \/>\nConfiamos no consentimento da parte interesada e\/ou na execuci\u00f3n do contrato.<\/p>\n<\/div><\/div><\/div><\/div><\/div><div class=\"g-cols wpb_row us_custom_cdf14ffd via_grid cols_1-3 laptops-cols_inherit tablets-cols_inherit mobiles-cols_1 valign_top type_default stacking_default\" style=\"--columns-gap:3rem;--laptops-columns-gap:3rem;--tablets-columns-gap:3rem;--mobiles-columns-gap:1.5rem;\"><div class=\"wpb_column vc_column_container\"><div class=\"vc_column-inner\"><p class=\"w-text\"><span class=\"w-text-h\"><span class=\"w-text-value\">Destinatarios<\/span><\/span><\/p><\/div><\/div><div class=\"wpb_column vc_column_container\"><div class=\"vc_column-inner\"><div class=\"wpb_text_column\"><div class=\"wpb_wrapper\"><p><strong>A que destinatarios se comunicar\u00e1n os seus datos?<\/strong><br \/>\n Os datos ser\u00e1n cedidos a terceiros sempre que exista unha obriga legal.<br \/>\n Os seguintes procesadores de datos poden procesar e\/ou acceder aos seus datos:<br \/>\n -Consultor\u00eda, co obxectivo de prestar servizos de xesti\u00f3n e asesoramento fiscal e contable.<br \/>\n -Empresas de transporte para a entrega de mercador\u00edas.<br \/>\n -Empresas de TI para o mantemento de aplicaci\u00f3ns e sistemas<br \/>\n inform\u00e1ticos.<br \/>\n -Empresas de consultor\u00eda, certificaci\u00f3n e\/ou asesoramento xur\u00eddico.<\/p>\n<\/div><\/div><\/div><\/div><\/div><div class=\"g-cols wpb_row us_custom_cdf14ffd via_grid cols_1-3 laptops-cols_inherit tablets-cols_inherit mobiles-cols_1 valign_top type_default stacking_default\" style=\"--columns-gap:3rem;--laptops-columns-gap:3rem;--tablets-columns-gap:3rem;--mobiles-columns-gap:1.5rem;\"><div class=\"wpb_column vc_column_container\"><div class=\"vc_column-inner\"><p class=\"w-text\"><span class=\"w-text-h\"><span class=\"w-text-value\">Dereitos<\/span><\/span><\/p><\/div><\/div><div class=\"wpb_column vc_column_container\"><div class=\"vc_column-inner\"><div class=\"wpb_text_column\"><div class=\"wpb_wrapper\"><p><strong>Cales son os seus dereitos cando nos proporciona os seus datos?<\/strong><br \/>\nCalquera persoa ten dereito a obter confirmaci\u00f3n sobre se INNOGANDO SL est\u00e1 a tratar datos persoais que a conciernen ou non. Vostede ten dereito a solicitar o acceso aos datos persoais relativos ao interesado, a s\u00faa rectificaci\u00f3n ou supresi\u00f3n, a limitaci\u00f3n do seu tratamento, opo\u00f1erse ao tratamento e a<br \/>\n portabilidade dos datos. Inform\u00e1moslle de que ten dereito a retirar o consentimento que nos outorgou para unha finalidade espec\u00edfica, as\u00ed como a presentar unha reclamaci\u00f3n ante calquera autoridade de control.<br \/>\n Podes exercer os teus dereitos de protecci\u00f3n de datos por escrito a LG. A GRA\u00d1A, SN \u2013 27730 ABADIN (Lugo).<\/p>\n<\/div><\/div><\/div><\/div><\/div><div class=\"g-cols wpb_row us_custom_cdf14ffd via_grid cols_1-3 laptops-cols_inherit tablets-cols_inherit mobiles-cols_1 valign_top type_default stacking_default\" style=\"--columns-gap:3rem;--laptops-columns-gap:3rem;--tablets-columns-gap:3rem;--mobiles-columns-gap:1.5rem;\"><div class=\"wpb_column vc_column_container\"><div class=\"vc_column-inner\"><p class=\"w-text\"><span class=\"w-text-h\"><span class=\"w-text-value\">Orixe<\/span><\/span><\/p><\/div><\/div><div class=\"wpb_column vc_column_container\"><div class=\"vc_column-inner\"><div class=\"wpb_text_column\"><div class=\"wpb_wrapper\"><p><strong>Como obtivemos os teus datos?<\/strong><br \/>\n Os datos foron obtidos directamente do interesado ou do seu representante legal.<br \/>\n As categor\u00edas de datos empregadas son:<br \/>\n -Identificaci\u00f3n: nome e apelidos, NIF, enderezo postal, n\u00fameros de tel\u00e9fono, correo electr\u00f3nico.<br \/>\n -Datos bancarios: para pagamentos con domiciliaci\u00f3n bancaria.<br \/>\n -As necesarias para o mantemento da relaci\u00f3n comercial. Facturaci\u00f3n.<\/p>\n<\/div><\/div><\/div><\/div><\/div><div class=\"g-cols wpb_row us_custom_cdf14ffd via_grid cols_1-3 laptops-cols_inherit tablets-cols_inherit mobiles-cols_1 valign_top type_default stacking_default\" style=\"--columns-gap:3rem;--laptops-columns-gap:3rem;--tablets-columns-gap:3rem;--mobiles-columns-gap:1.5rem;\"><div class=\"wpb_column vc_column_container\"><div class=\"vc_column-inner\"><p class=\"w-text\"><span class=\"w-text-h\"><span class=\"w-text-value\">Informaci\u00f3n adicional<\/span><\/span><\/p><\/div><\/div><div class=\"wpb_column vc_column_container\"><div class=\"vc_column-inner\"><div class=\"wpb_text_column\"><div class=\"wpb_wrapper\"><p>INNOGANDO SL, ao actuar como encargado do tratamento, utilizar\u00e1 datos de terceiros co fin de prestar os servizos que lle son encomendados, trat\u00e1ndoos unicamente de acordo coas instruci\u00f3ns do Responsable do tratamento. Comprom\u00e9tese a non aplicalos nin utilizalos para ning\u00fan outro prop\u00f3sito, nin a divulgalos a ning\u00fan terceiro. INNOGANDO SL adoptar\u00e1 as medidas t\u00e9cnicas e organizativas necesarias para garantir a seguridade dos datos de car\u00e1cter persoal e evitar a s\u00faa alteraci\u00f3n, perda, tratamento ou acceso non autorizado, tendo en conta o estado da tecnolox\u00eda, a natureza dos datos e os riscos aos que est\u00e1n expostos, de acordo coa normativa vixente.<\/p>\n<\/div><\/div><\/div><\/div><\/div><\/div><\/div><\/div><\/div><\/section>\n","protected":false},"excerpt":{"rendered":"Informaci\u00f3n sobre a protecci\u00f3n de datosResponsableQuen \u00e9 o responsable do tratamento dos seus datos? Identidade : INNOGANDO SL Director\/a Correo LG. A GRA\u00d1A, SN \u2013 27730 ABADIN (Lugo) Tel\u00e9fono : 644 58 62 45 Correo electr\u00f3nico : hola@innogando.com Delegado\/a da protecci\u00f3n de datos: Prop\u00f3sitoCon que finalidade procesamos os seus datos persoais? Se vostede \u00e9 cliente...","protected":false},"author":5,"featured_media":0,"parent":0,"menu_order":0,"comment_status":"closed","ping_status":"closed","template":"","meta":{"_monsterinsights_skip_tracking":false,"_monsterinsights_sitenote_active":false,"_monsterinsights_sitenote_note":"","_monsterinsights_sitenote_category":0,"_joinchat":[],"footnotes":""},"class_list":["post-3021","page","type-page","status-publish","hentry"],"yoast_head":"<!-- This site is optimized with the Yoast SEO plugin v24.6 - https:\/\/yoast.com\/wordpress\/plugins\/seo\/ -->\n<title>Pol\u00edtica de privacidade - Innogando<\/title>\n<meta name=\"description\" content=\"En Innogando buscamos a t\u00faa confianza. Polo tanto, debemos informarche de que recompilamos certos datos dos nosos usuarios e proporcionarche a nosa pol\u00edtica de privacidade para que saibas que datos recompilamos e como os usaremos.\" \/>\n<meta name=\"robots\" content=\"noindex, follow\" \/>\n<meta property=\"og:locale\" content=\"gl_ES\" \/>\n<meta property=\"og:type\" content=\"article\" \/>\n<meta property=\"og:title\" content=\"Pol\u00edtica de privacidade - Innogando\" \/>\n<meta property=\"og:description\" content=\"En Innogando buscamos a t\u00faa confianza. Polo tanto, debemos informarche de que recompilamos certos datos dos nosos usuarios e proporcionarche a nosa pol\u00edtica de privacidade para que saibas que datos recompilamos e como os usaremos.\" \/>\n<meta property=\"og:url\" content=\"https:\/\/innogando.com\/gl\/politica-de-privacidade\/\" \/>\n<meta property=\"og:site_name\" content=\"Innogando\" \/>\n<meta property=\"article:publisher\" content=\"https:\/\/www.facebook.com\/innogando?locale=es_ES\" \/>\n<meta property=\"article:modified_time\" content=\"2025-06-24T14:39:39+00:00\" \/>\n<meta property=\"og:image\" content=\"https:\/\/innogando.com\/wp-content\/uploads\/2025\/04\/vacas-rumi-app.jpg\" \/>\n\t<meta property=\"og:image:width\" content=\"1200\" \/>\n\t<meta property=\"og:image:height\" content=\"675\" \/>\n\t<meta property=\"og:image:type\" content=\"image\/jpeg\" \/>\n<meta name=\"twitter:card\" content=\"summary_large_image\" \/>\n<meta name=\"twitter:site\" content=\"@innogando\" \/>\n<meta name=\"twitter:label1\" content=\"Tempo de lectura\" \/>\n\t<meta name=\"twitter:data1\" content=\"6 minutos\" \/>\n<script type=\"application\/ld+json\" class=\"yoast-schema-graph\">{\"@context\":\"https:\/\/schema.org\",\"@graph\":[{\"@type\":\"WebPage\",\"@id\":\"https:\/\/innogando.com\/gl\/politica-de-privacidade\/\",\"url\":\"https:\/\/innogando.com\/gl\/politica-de-privacidade\/\",\"name\":\"Pol\u00edtica de privacidade - Innogando\",\"isPartOf\":{\"@id\":\"https:\/\/innogando.com\/#website\"},\"datePublished\":\"2025-03-14T21:08:54+00:00\",\"dateModified\":\"2025-06-24T14:39:39+00:00\",\"description\":\"En Innogando buscamos a t\u00faa confianza. Polo tanto, debemos informarche de que recompilamos certos datos dos nosos usuarios e proporcionarche a nosa pol\u00edtica de privacidade para que saibas que datos recompilamos e como os usaremos.\",\"breadcrumb\":{\"@id\":\"https:\/\/innogando.com\/gl\/politica-de-privacidade\/#breadcrumb\"},\"inLanguage\":\"gl-ES\",\"potentialAction\":[{\"@type\":\"ReadAction\",\"target\":[\"https:\/\/innogando.com\/gl\/politica-de-privacidade\/\"]}]},{\"@type\":\"BreadcrumbList\",\"@id\":\"https:\/\/innogando.com\/gl\/politica-de-privacidade\/#breadcrumb\",\"itemListElement\":[{\"@type\":\"ListItem\",\"position\":1,\"name\":\"Portada\",\"item\":\"https:\/\/innogando.com\/gl\/\"},{\"@type\":\"ListItem\",\"position\":2,\"name\":\"Pol\u00edtica de privacidade\"}]},{\"@type\":\"WebSite\",\"@id\":\"https:\/\/innogando.com\/#website\",\"url\":\"https:\/\/innogando.com\/\",\"name\":\"Innogando\",\"description\":\"Utilizamos la tecnolog\u00eda aplicada al ganado vacuno para ofrecer a los ganaderos una mayor rentabilidad de su explotaci\u00f3n\",\"publisher\":{\"@id\":\"https:\/\/innogando.com\/#organization\"},\"potentialAction\":[{\"@type\":\"SearchAction\",\"target\":{\"@type\":\"EntryPoint\",\"urlTemplate\":\"https:\/\/innogando.com\/?s={search_term_string}\"},\"query-input\":{\"@type\":\"PropertyValueSpecification\",\"valueRequired\":true,\"valueName\":\"search_term_string\"}}],\"inLanguage\":\"gl-ES\"},{\"@type\":\"Organization\",\"@id\":\"https:\/\/innogando.com\/#organization\",\"name\":\"Innogando\",\"url\":\"https:\/\/innogando.com\/\",\"logo\":{\"@type\":\"ImageObject\",\"inLanguage\":\"gl-ES\",\"@id\":\"https:\/\/innogando.com\/#\/schema\/logo\/image\/\",\"url\":\"https:\/\/innogando.com\/wp-content\/uploads\/2025\/03\/innogando-logo.png\",\"contentUrl\":\"https:\/\/innogando.com\/wp-content\/uploads\/2025\/03\/innogando-logo.png\",\"width\":234,\"height\":200,\"caption\":\"Innogando\"},\"image\":{\"@id\":\"https:\/\/innogando.com\/#\/schema\/logo\/image\/\"},\"sameAs\":[\"https:\/\/www.facebook.com\/innogando?locale=es_ES\",\"https:\/\/x.com\/innogando\",\"https:\/\/www.instagram.com\/innogando\/\",\"https:\/\/www.youtube.com\/@innogando2463\",\"https:\/\/www.linkedin.com\/company\/innogando\/\",\"https:\/\/www.tiktok.com\/@innogando\"]}]}<\/script>\n<!-- \/ Yoast SEO plugin. -->","yoast_head_json":{"title":"Pol\u00edtica de privacidade - Innogando","description":"En Innogando buscamos a t\u00faa confianza. Polo tanto, debemos informarche de que recompilamos certos datos dos nosos usuarios e proporcionarche a nosa pol\u00edtica de privacidade para que saibas que datos recompilamos e como os usaremos.","robots":{"index":"noindex","follow":"follow"},"og_locale":"gl_ES","og_type":"article","og_title":"Pol\u00edtica de privacidade - Innogando","og_description":"En Innogando buscamos a t\u00faa confianza. Polo tanto, debemos informarche de que recompilamos certos datos dos nosos usuarios e proporcionarche a nosa pol\u00edtica de privacidade para que saibas que datos recompilamos e como os usaremos.","og_url":"https:\/\/innogando.com\/gl\/politica-de-privacidade\/","og_site_name":"Innogando","article_publisher":"https:\/\/www.facebook.com\/innogando?locale=es_ES","article_modified_time":"2025-06-24T14:39:39+00:00","og_image":[{"width":1200,"height":675,"url":"https:\/\/innogando.com\/wp-content\/uploads\/2025\/04\/vacas-rumi-app.jpg","type":"image\/jpeg"}],"twitter_card":"summary_large_image","twitter_site":"@innogando","twitter_misc":{"Tempo de lectura":"6 minutos"},"schema":{"@context":"https:\/\/schema.org","@graph":[{"@type":"WebPage","@id":"https:\/\/innogando.com\/gl\/politica-de-privacidade\/","url":"https:\/\/innogando.com\/gl\/politica-de-privacidade\/","name":"Pol\u00edtica de privacidade - Innogando","isPartOf":{"@id":"https:\/\/innogando.com\/#website"},"datePublished":"2025-03-14T21:08:54+00:00","dateModified":"2025-06-24T14:39:39+00:00","description":"En Innogando buscamos a t\u00faa confianza. Polo tanto, debemos informarche de que recompilamos certos datos dos nosos usuarios e proporcionarche a nosa pol\u00edtica de privacidade para que saibas que datos recompilamos e como os usaremos.","breadcrumb":{"@id":"https:\/\/innogando.com\/gl\/politica-de-privacidade\/#breadcrumb"},"inLanguage":"gl-ES","potentialAction":[{"@type":"ReadAction","target":["https:\/\/innogando.com\/gl\/politica-de-privacidade\/"]}]},{"@type":"BreadcrumbList","@id":"https:\/\/innogando.com\/gl\/politica-de-privacidade\/#breadcrumb","itemListElement":[{"@type":"ListItem","position":1,"name":"Portada","item":"https:\/\/innogando.com\/gl\/"},{"@type":"ListItem","position":2,"name":"Pol\u00edtica de privacidade"}]},{"@type":"WebSite","@id":"https:\/\/innogando.com\/#website","url":"https:\/\/innogando.com\/","name":"Innogando","description":"Utilizamos la tecnolog\u00eda aplicada al ganado vacuno para ofrecer a los ganaderos una mayor rentabilidad de su explotaci\u00f3n","publisher":{"@id":"https:\/\/innogando.com\/#organization"},"potentialAction":[{"@type":"SearchAction","target":{"@type":"EntryPoint","urlTemplate":"https:\/\/innogando.com\/?s={search_term_string}"},"query-input":{"@type":"PropertyValueSpecification","valueRequired":true,"valueName":"search_term_string"}}],"inLanguage":"gl-ES"},{"@type":"Organization","@id":"https:\/\/innogando.com\/#organization","name":"Innogando","url":"https:\/\/innogando.com\/","logo":{"@type":"ImageObject","inLanguage":"gl-ES","@id":"https:\/\/innogando.com\/#\/schema\/logo\/image\/","url":"https:\/\/innogando.com\/wp-content\/uploads\/2025\/03\/innogando-logo.png","contentUrl":"https:\/\/innogando.com\/wp-content\/uploads\/2025\/03\/innogando-logo.png","width":234,"height":200,"caption":"Innogando"},"image":{"@id":"https:\/\/innogando.com\/#\/schema\/logo\/image\/"},"sameAs":["https:\/\/www.facebook.com\/innogando?locale=es_ES","https:\/\/x.com\/innogando","https:\/\/www.instagram.com\/innogando\/","https:\/\/www.youtube.com\/@innogando2463","https:\/\/www.linkedin.com\/company\/innogando\/","https:\/\/www.tiktok.com\/@innogando"]}]}},"_links":{"self":[{"href":"https:\/\/innogando.com\/gl\/wp-json\/wp\/v2\/pages\/3021","targetHints":{"allow":["GET"]}}],"collection":[{"href":"https:\/\/innogando.com\/gl\/wp-json\/wp\/v2\/pages"}],"about":[{"href":"https:\/\/innogando.com\/gl\/wp-json\/wp\/v2\/types\/page"}],"author":[{"embeddable":true,"href":"https:\/\/innogando.com\/gl\/wp-json\/wp\/v2\/users\/5"}],"replies":[{"embeddable":true,"href":"https:\/\/innogando.com\/gl\/wp-json\/wp\/v2\/comments?post=3021"}],"version-history":[{"count":5,"href":"https:\/\/innogando.com\/gl\/wp-json\/wp\/v2\/pages\/3021\/revisions"}],"predecessor-version":[{"id":4213,"href":"https:\/\/innogando.com\/gl\/wp-json\/wp\/v2\/pages\/3021\/revisions\/4213"}],"wp:attachment":[{"href":"https:\/\/innogando.com\/gl\/wp-json\/wp\/v2\/media?parent=3021"}],"curies":[{"name":"wp","href":"https:\/\/api.w.org\/{rel}","templated":true}]}}