{"id":3334,"date":"2025-05-01T13:07:18","date_gmt":"2025-05-01T13:07:18","guid":{"rendered":"https:\/\/innogando.com\/application-rumi\/"},"modified":"2025-06-24T14:36:36","modified_gmt":"2025-06-24T14:36:36","slug":"application-rumi","status":"publish","type":"page","link":"https:\/\/innogando.com\/fr\/application-rumi\/","title":{"rendered":"Application Rumi"},"content":{"rendered":"<section class=\"l-section wpb_row us_custom_2f808c58 height_custom with_video with_shape\"><div id=\"us_bg_video_ra08\" class=\"l-section-video\"><script id=\"us_bg_video_ra08-script\">!function(w){var node = document.getElementById( 'us_bg_video_ra08' );if ( w.innerWidth <= 100 ) { node.remove() }}(window);<\/script><style>@media(max-width:100px){#us_bg_video_ra08{display:none!important}}<\/style><video  autoplay loop muted playsinline preload=\"auto\"><source type=\"video\/mp4\" src=\"https:\/\/innogando.com\/wp-content\/uploads\/2025\/05\/RumiApp.mp4\" \/><\/video><\/div><div class=\"l-section-overlay\" style=\"background:rgba(0,0,0,0.35)\"><\/div><div class=\"l-section-shape type_triangle-2 pos_bottom on_front hor_flip\" style=\"height:10vmin;\"><svg xmlns=\"http:\/\/www.w3.org\/2000\/svg\" viewBox=\"0 0 64 8\" preserveAspectRatio=\"none\" width=\"100%\" height=\"100%\">\r\n\t<path fill=\"currentColor\" d=\"M64 8 L0 8 L0 0 L48 7.9 L64 0 Z\"\/>\r\n<\/svg><\/div><div class=\"l-section-h i-cf\"><div class=\"g-cols vc_row via_grid cols_3-2 laptops-cols_inherit tablets-cols_inherit mobiles-cols_1 valign_top type_default stacking_default\"><div class=\"wpb_column vc_column_container us_custom_eecd5a9b\"><div class=\"vc_column-inner\"><h1 class=\"w-text us_custom_836f727b has_text_color\"><span class=\"w-text-h\"><span class=\"w-text-value\">La meilleure application de gestion du b\u00e9tail : Rumi APP, votre troupeau au bout des doigts<\/span><\/span><\/h1><div class=\"wpb_text_column us_custom_836f727b has_text_color\"><div class=\"wpb_wrapper\"><p>Savez-vous ce que vous trouverez dans votre ferme aujourd&rsquo;hui ?<br \/>\n<strong>Nos agriculteurs le savent<\/strong>.<\/p>\n<p>Au cours de la premi\u00e8re heure de la journ\u00e9e, <strong>avant de mettre le pied dans le champ<\/strong>, un coup d&rsquo;\u0153il \u00e0 l&rsquo;application Rumi suffit pour savoir s&rsquo;il y a des vaches malades, des vaches en chaleur ou des vaches qui ont besoin d&rsquo;une attention rapide.<\/p>\n<\/div><\/div><div class=\"w-separator size_custom\" style=\"height:5vh\"><\/div><\/div><\/div><div class=\"wpb_column vc_column_container\"><div class=\"vc_column-inner\"><\/div><\/div><\/div><\/div><\/section><section class=\"l-section wpb_row height_custom\" id=\"section-04\"><div class=\"l-section-h i-cf\"><div class=\"g-cols vc_row via_grid cols_1 laptops-cols_inherit tablets-cols_inherit mobiles-cols_1 valign_top type_default stacking_default\"><div class=\"wpb_column vc_column_container\"><div class=\"vc_column-inner\"><div class=\"wpb_text_column us_custom_eb849559\"><div class=\"wpb_wrapper\"><p>Ce sont les vaches GPS \u00e0 mesure d&rsquo;activit\u00e9 qui permettent un meilleur contr\u00f4le du b\u00e9tail.<\/p>\n<\/div><\/div><div class=\"w-separator size_small\"><\/div><div class=\"g-cols wpb_row via_grid cols_3 laptops-cols_inherit tablets-cols_1 mobiles-cols_1 valign_top type_default stacking_default\" style=\"--columns-gap:1.5rem;\"><div class=\"wpb_column vc_column_container us_custom_e668065f has_text_color has_bg_color\"><div class=\"vc_column-inner\"><div class=\"w-iconbox iconpos_top style_default color_primary align_center no_text no_title icontype_img\"><div class=\"w-iconbox-icon\" style=\"font-size:80px;\"><img decoding=\"async\" width=\"128\" height=\"128\" src=\"https:\/\/innogando.com\/wp-content\/uploads\/2025\/05\/salud-animal.png\" class=\"attachment-full size-full\" alt=\"Salud de los animales\" \/><\/div><div class=\"w-iconbox-meta\"><\/div><\/div><div class=\"w-separator size_small\"><\/div><h3 class=\"w-text\"><span class=\"w-text-h\"><span class=\"w-text-value\">Sant\u00e9 animale<\/span><\/span><\/h3><div class=\"wpb_text_column\"><div class=\"wpb_wrapper\"><p>Anticipez les maladies jusqu&rsquo;\u00e0 48 heures avant d&rsquo;observer les sympt\u00f4mes cliniques.<\/p>\n<\/div><\/div><\/div><\/div><div class=\"wpb_column vc_column_container us_custom_e668065f has_text_color has_bg_color\"><div class=\"vc_column-inner\"><div class=\"w-iconbox iconpos_top style_default color_primary align_center no_text no_title icontype_img\"><div class=\"w-iconbox-icon\" style=\"font-size:80px;\"><img decoding=\"async\" width=\"128\" height=\"128\" src=\"https:\/\/innogando.com\/wp-content\/uploads\/2025\/05\/celos-partos.png\" class=\"attachment-full size-full\" alt=\"Rumi App: Celos y partos\" \/><\/div><div class=\"w-iconbox-meta\"><\/div><\/div><div class=\"w-separator size_small\"><\/div><h3 class=\"w-text\"><span class=\"w-text-h\"><span class=\"w-text-value\">Jalousie et accouchement  <\/span><\/span><\/h3><div class=\"wpb_text_column\"><div class=\"wpb_wrapper\"><p>Optimisez la productivit\u00e9 de votre troupeau et \u00e9vitez les pertes.<\/p>\n<\/div><\/div><\/div><\/div><div class=\"wpb_column vc_column_container us_custom_e668065f has_text_color has_bg_color\"><div class=\"vc_column-inner\"><div class=\"w-iconbox iconpos_top style_default color_primary align_center no_text no_title icontype_img\"><div class=\"w-iconbox-icon\" style=\"font-size:80px;\"><img decoding=\"async\" width=\"128\" height=\"128\" src=\"https:\/\/innogando.com\/wp-content\/uploads\/2025\/05\/alerta-app.png\" class=\"attachment-full size-full\" alt=\"Alerta App\" \/><\/div><div class=\"w-iconbox-meta\"><\/div><\/div><div class=\"w-separator size_small\"><\/div><h3 class=\"w-text\"><span class=\"w-text-h\"><span class=\"w-text-value\">Alertes instantan\u00e9es<\/span><\/span><\/h3><div class=\"wpb_text_column\"><div class=\"wpb_wrapper\"><p>Rumi vous met en garde contre les fuites du domaine, la jalousie, les changements de comportement, les chutes de Rumia et bien d&rsquo;autres choses encore.<\/p>\n<\/div><\/div><\/div><\/div><\/div><\/div><\/div><\/div><\/div><\/section><section class=\"l-section wpb_row us_custom_887a049b height_custom\"><div class=\"l-section-h i-cf\"><div class=\"g-cols vc_row via_grid cols_2-3 laptops-cols_inherit tablets-cols_inherit mobiles-cols_1 valign_middle type_default stacking_default\"><div class=\"wpb_column vc_column_container\"><div class=\"vc_column-inner\"><div class=\"w-image align_none\"><div class=\"w-image-h\"><img loading=\"lazy\" decoding=\"async\" width=\"800\" height=\"843\" src=\"https:\/\/innogando.com\/wp-content\/uploads\/2025\/05\/Geofencing.png\" class=\"attachment-large size-large\" alt=\"Geofencing\" loading=\"lazy\" srcset=\"https:\/\/innogando.com\/wp-content\/uploads\/2025\/05\/Geofencing.png 800w, https:\/\/innogando.com\/wp-content\/uploads\/2025\/05\/Geofencing-285x300.png 285w\" sizes=\"auto, (max-width: 800px) 100vw, 800px\" \/><\/div><\/div><\/div><\/div><div class=\"wpb_column vc_column_container\"><div class=\"vc_column-inner\"><h2 class=\"w-text\"><span class=\"w-text-h\"><span class=\"w-text-value\">G\u00e9ofencing<\/span><\/span><\/h2><div class=\"wpb_text_column\"><div class=\"wpb_wrapper\"><p>Divisez et contr\u00f4lez vos lots \u00e0 partir de la paume de votre main.<\/p>\n<p><strong>\u00c9conomisez du temps et de l \u00ab \u00e9nergie en vous d\u00e9pla\u00e7ant<\/strong> pour v\u00e9rifier que les animaux sont bien \u00e0 la ferme. Activez la g\u00e9olocalisation dans votre application Rumi APP et vous recevrez une alerte instantan\u00e9e si l&rsquo;un d&rsquo;entre eux s \u00bb \u00e9loigne des limites virtuelles. <\/p>\n<\/div><\/div><\/div><\/div><\/div><\/div><\/section><section class=\"l-section wpb_row us_custom_c70c97eb height_custom\"><div class=\"l-section-h i-cf\"><div class=\"g-cols vc_row via_grid cols_3-2 laptops-cols_inherit tablets-cols_inherit mobiles-cols_1 valign_middle type_default stacking_default\"><div class=\"wpb_column vc_column_container\"><div class=\"vc_column-inner\"><h2 class=\"w-text\"><span class=\"w-text-h\"><span class=\"w-text-value\">Vision de la production annuelle  <\/span><\/span><\/h2><div class=\"wpb_text_column\"><div class=\"wpb_wrapper\"><p>Les donn\u00e9es sont pr\u00e9sent\u00e9es de mani\u00e8re claire et simple afin que vous puissiez prendre des d\u00e9cisions \u00e9clair\u00e9es.<\/p>\n<p>Avec des \u00e9v\u00e9nements automatiques et personnalis\u00e9s, cette technologie bovine<strong> calcule les donn\u00e9es de production pour vous<\/strong> et vous informe des chaleurs \u00e0 venir.<\/p>\n<p>L&rsquo;application Rumi Cattle APP est incluse dans le prix des colliers GPS pour vaches, ainsi que dans toutes les mises \u00e0 jour futures.<\/p>\n<\/div><\/div><div class=\"w-btn-wrapper align_none\"><a class=\"w-btn us-btn-style_2\" href=\"http:\/\/localhost\/contacto\/\"><span class=\"w-btn-label\">Je veux que Rumi APP soit dans mon b\u00e9tail<\/span><\/a><\/div><\/div><\/div><div class=\"wpb_column vc_column_container\"><div class=\"vc_column-inner\"><div class=\"w-image align_none\"><div class=\"w-image-h\"><img loading=\"lazy\" decoding=\"async\" width=\"800\" height=\"547\" src=\"https:\/\/innogando.com\/wp-content\/uploads\/2025\/05\/vision-productiva.png\" class=\"attachment-large size-large\" alt=\"Visi\u00f3n productiva anual\" loading=\"lazy\" srcset=\"https:\/\/innogando.com\/wp-content\/uploads\/2025\/05\/vision-productiva.png 800w, https:\/\/innogando.com\/wp-content\/uploads\/2025\/05\/vision-productiva-300x205.png 300w\" sizes=\"auto, (max-width: 800px) 100vw, 800px\" \/><\/div><\/div><\/div><\/div><\/div><\/div><\/section>\n","protected":false},"excerpt":{"rendered":"La meilleure application de gestion du b\u00e9tail : Rumi APP, votre troupeau au bout des doigtsSavez-vous ce que vous trouverez dans votre ferme aujourd&rsquo;hui ? Nos agriculteurs le savent. Au cours de la premi\u00e8re heure de la journ\u00e9e, avant de mettre le pied dans le champ, un coup d&rsquo;\u0153il \u00e0 l&rsquo;application Rumi suffit pour savoir...","protected":false},"author":5,"featured_media":0,"parent":0,"menu_order":0,"comment_status":"closed","ping_status":"closed","template":"","meta":{"_monsterinsights_skip_tracking":false,"_monsterinsights_sitenote_active":false,"_monsterinsights_sitenote_note":"","_monsterinsights_sitenote_category":0,"_joinchat":[],"footnotes":""},"class_list":["post-3334","page","type-page","status-publish","hentry"],"yoast_head":"<!-- This site is optimized with the Yoast SEO plugin v24.6 - https:\/\/yoast.com\/wordpress\/plugins\/seo\/ -->\n<title>Application Rumi - Innogando<\/title>\n<meta name=\"description\" content=\"Du b\u00e9tail dispers\u00e9 ? L&#039;appli Rumi pr\u00e9vient 48h avant les sympt\u00f4mes, d\u00e9tecte la jalousie et \u00e9vite les fuites. Toutes les informations sur votre exploitation sur votre smartphone.\" \/>\n<meta name=\"robots\" content=\"index, follow, max-snippet:-1, max-image-preview:large, max-video-preview:-1\" \/>\n<link rel=\"canonical\" href=\"https:\/\/innogando.com\/fr\/application-rumi\/\" \/>\n<meta property=\"og:locale\" content=\"fr_FR\" \/>\n<meta property=\"og:type\" content=\"article\" \/>\n<meta property=\"og:title\" content=\"Application Rumi - Innogando\" \/>\n<meta property=\"og:description\" content=\"Du b\u00e9tail dispers\u00e9 ? L&#039;appli Rumi pr\u00e9vient 48h avant les sympt\u00f4mes, d\u00e9tecte la jalousie et \u00e9vite les fuites. Toutes les informations sur votre exploitation sur votre smartphone.\" \/>\n<meta property=\"og:url\" content=\"https:\/\/innogando.com\/fr\/application-rumi\/\" \/>\n<meta property=\"og:site_name\" content=\"Innogando\" \/>\n<meta property=\"article:publisher\" content=\"https:\/\/www.facebook.com\/innogando?locale=es_ES\" \/>\n<meta property=\"article:modified_time\" content=\"2025-06-24T14:36:36+00:00\" \/>\n<meta property=\"og:image\" content=\"https:\/\/innogando.com\/wp-content\/uploads\/2025\/04\/vacas-rumi-app.jpg\" \/>\n\t<meta property=\"og:image:width\" content=\"1200\" \/>\n\t<meta property=\"og:image:height\" content=\"675\" \/>\n\t<meta property=\"og:image:type\" content=\"image\/jpeg\" \/>\n<meta name=\"twitter:card\" content=\"summary_large_image\" \/>\n<meta name=\"twitter:site\" content=\"@innogando\" \/>\n<meta name=\"twitter:label1\" content=\"Dur\u00e9e de lecture estim\u00e9e\" \/>\n\t<meta name=\"twitter:data1\" content=\"4 minutes\" \/>\n<script type=\"application\/ld+json\" class=\"yoast-schema-graph\">{\"@context\":\"https:\/\/schema.org\",\"@graph\":[{\"@type\":\"WebPage\",\"@id\":\"https:\/\/innogando.com\/fr\/application-rumi\/\",\"url\":\"https:\/\/innogando.com\/fr\/application-rumi\/\",\"name\":\"Application Rumi - Innogando\",\"isPartOf\":{\"@id\":\"https:\/\/innogando.com\/#website\"},\"datePublished\":\"2025-05-01T13:07:18+00:00\",\"dateModified\":\"2025-06-24T14:36:36+00:00\",\"description\":\"Du b\u00e9tail dispers\u00e9 ? L'appli Rumi pr\u00e9vient 48h avant les sympt\u00f4mes, d\u00e9tecte la jalousie et \u00e9vite les fuites. Toutes les informations sur votre exploitation sur votre smartphone.\",\"breadcrumb\":{\"@id\":\"https:\/\/innogando.com\/fr\/application-rumi\/#breadcrumb\"},\"inLanguage\":\"fr-FR\",\"potentialAction\":[{\"@type\":\"ReadAction\",\"target\":[\"https:\/\/innogando.com\/fr\/application-rumi\/\"]}]},{\"@type\":\"BreadcrumbList\",\"@id\":\"https:\/\/innogando.com\/fr\/application-rumi\/#breadcrumb\",\"itemListElement\":[{\"@type\":\"ListItem\",\"position\":1,\"name\":\"Portada\",\"item\":\"https:\/\/innogando.com\/fr\/\"},{\"@type\":\"ListItem\",\"position\":2,\"name\":\"Application Rumi\"}]},{\"@type\":\"WebSite\",\"@id\":\"https:\/\/innogando.com\/#website\",\"url\":\"https:\/\/innogando.com\/\",\"name\":\"Innogando\",\"description\":\"Utilizamos la tecnolog\u00eda aplicada al ganado vacuno para ofrecer a los ganaderos una mayor rentabilidad de su explotaci\u00f3n\",\"publisher\":{\"@id\":\"https:\/\/innogando.com\/#organization\"},\"potentialAction\":[{\"@type\":\"SearchAction\",\"target\":{\"@type\":\"EntryPoint\",\"urlTemplate\":\"https:\/\/innogando.com\/?s={search_term_string}\"},\"query-input\":{\"@type\":\"PropertyValueSpecification\",\"valueRequired\":true,\"valueName\":\"search_term_string\"}}],\"inLanguage\":\"fr-FR\"},{\"@type\":\"Organization\",\"@id\":\"https:\/\/innogando.com\/#organization\",\"name\":\"Innogando\",\"url\":\"https:\/\/innogando.com\/\",\"logo\":{\"@type\":\"ImageObject\",\"inLanguage\":\"fr-FR\",\"@id\":\"https:\/\/innogando.com\/#\/schema\/logo\/image\/\",\"url\":\"https:\/\/innogando.com\/wp-content\/uploads\/2025\/03\/innogando-logo.png\",\"contentUrl\":\"https:\/\/innogando.com\/wp-content\/uploads\/2025\/03\/innogando-logo.png\",\"width\":234,\"height\":200,\"caption\":\"Innogando\"},\"image\":{\"@id\":\"https:\/\/innogando.com\/#\/schema\/logo\/image\/\"},\"sameAs\":[\"https:\/\/www.facebook.com\/innogando?locale=es_ES\",\"https:\/\/x.com\/innogando\",\"https:\/\/www.instagram.com\/innogando\/\",\"https:\/\/www.youtube.com\/@innogando2463\",\"https:\/\/www.linkedin.com\/company\/innogando\/\",\"https:\/\/www.tiktok.com\/@innogando\"]}]}<\/script>\n<!-- \/ Yoast SEO plugin. -->","yoast_head_json":{"title":"Application Rumi - Innogando","description":"Du b\u00e9tail dispers\u00e9 ? L'appli Rumi pr\u00e9vient 48h avant les sympt\u00f4mes, d\u00e9tecte la jalousie et \u00e9vite les fuites. Toutes les informations sur votre exploitation sur votre smartphone.","robots":{"index":"index","follow":"follow","max-snippet":"max-snippet:-1","max-image-preview":"max-image-preview:large","max-video-preview":"max-video-preview:-1"},"canonical":"https:\/\/innogando.com\/fr\/application-rumi\/","og_locale":"fr_FR","og_type":"article","og_title":"Application Rumi - Innogando","og_description":"Du b\u00e9tail dispers\u00e9 ? L'appli Rumi pr\u00e9vient 48h avant les sympt\u00f4mes, d\u00e9tecte la jalousie et \u00e9vite les fuites. Toutes les informations sur votre exploitation sur votre smartphone.","og_url":"https:\/\/innogando.com\/fr\/application-rumi\/","og_site_name":"Innogando","article_publisher":"https:\/\/www.facebook.com\/innogando?locale=es_ES","article_modified_time":"2025-06-24T14:36:36+00:00","og_image":[{"width":1200,"height":675,"url":"https:\/\/innogando.com\/wp-content\/uploads\/2025\/04\/vacas-rumi-app.jpg","type":"image\/jpeg"}],"twitter_card":"summary_large_image","twitter_site":"@innogando","twitter_misc":{"Dur\u00e9e de lecture estim\u00e9e":"4 minutes"},"schema":{"@context":"https:\/\/schema.org","@graph":[{"@type":"WebPage","@id":"https:\/\/innogando.com\/fr\/application-rumi\/","url":"https:\/\/innogando.com\/fr\/application-rumi\/","name":"Application Rumi - Innogando","isPartOf":{"@id":"https:\/\/innogando.com\/#website"},"datePublished":"2025-05-01T13:07:18+00:00","dateModified":"2025-06-24T14:36:36+00:00","description":"Du b\u00e9tail dispers\u00e9 ? L'appli Rumi pr\u00e9vient 48h avant les sympt\u00f4mes, d\u00e9tecte la jalousie et \u00e9vite les fuites. Toutes les informations sur votre exploitation sur votre smartphone.","breadcrumb":{"@id":"https:\/\/innogando.com\/fr\/application-rumi\/#breadcrumb"},"inLanguage":"fr-FR","potentialAction":[{"@type":"ReadAction","target":["https:\/\/innogando.com\/fr\/application-rumi\/"]}]},{"@type":"BreadcrumbList","@id":"https:\/\/innogando.com\/fr\/application-rumi\/#breadcrumb","itemListElement":[{"@type":"ListItem","position":1,"name":"Portada","item":"https:\/\/innogando.com\/fr\/"},{"@type":"ListItem","position":2,"name":"Application Rumi"}]},{"@type":"WebSite","@id":"https:\/\/innogando.com\/#website","url":"https:\/\/innogando.com\/","name":"Innogando","description":"Utilizamos la tecnolog\u00eda aplicada al ganado vacuno para ofrecer a los ganaderos una mayor rentabilidad de su explotaci\u00f3n","publisher":{"@id":"https:\/\/innogando.com\/#organization"},"potentialAction":[{"@type":"SearchAction","target":{"@type":"EntryPoint","urlTemplate":"https:\/\/innogando.com\/?s={search_term_string}"},"query-input":{"@type":"PropertyValueSpecification","valueRequired":true,"valueName":"search_term_string"}}],"inLanguage":"fr-FR"},{"@type":"Organization","@id":"https:\/\/innogando.com\/#organization","name":"Innogando","url":"https:\/\/innogando.com\/","logo":{"@type":"ImageObject","inLanguage":"fr-FR","@id":"https:\/\/innogando.com\/#\/schema\/logo\/image\/","url":"https:\/\/innogando.com\/wp-content\/uploads\/2025\/03\/innogando-logo.png","contentUrl":"https:\/\/innogando.com\/wp-content\/uploads\/2025\/03\/innogando-logo.png","width":234,"height":200,"caption":"Innogando"},"image":{"@id":"https:\/\/innogando.com\/#\/schema\/logo\/image\/"},"sameAs":["https:\/\/www.facebook.com\/innogando?locale=es_ES","https:\/\/x.com\/innogando","https:\/\/www.instagram.com\/innogando\/","https:\/\/www.youtube.com\/@innogando2463","https:\/\/www.linkedin.com\/company\/innogando\/","https:\/\/www.tiktok.com\/@innogando"]}]}},"_links":{"self":[{"href":"https:\/\/innogando.com\/fr\/wp-json\/wp\/v2\/pages\/3334","targetHints":{"allow":["GET"]}}],"collection":[{"href":"https:\/\/innogando.com\/fr\/wp-json\/wp\/v2\/pages"}],"about":[{"href":"https:\/\/innogando.com\/fr\/wp-json\/wp\/v2\/types\/page"}],"author":[{"embeddable":true,"href":"https:\/\/innogando.com\/fr\/wp-json\/wp\/v2\/users\/5"}],"replies":[{"embeddable":true,"href":"https:\/\/innogando.com\/fr\/wp-json\/wp\/v2\/comments?post=3334"}],"version-history":[{"count":9,"href":"https:\/\/innogando.com\/fr\/wp-json\/wp\/v2\/pages\/3334\/revisions"}],"predecessor-version":[{"id":4226,"href":"https:\/\/innogando.com\/fr\/wp-json\/wp\/v2\/pages\/3334\/revisions\/4226"}],"wp:attachment":[{"href":"https:\/\/innogando.com\/fr\/wp-json\/wp\/v2\/media?parent=3334"}],"curies":[{"name":"wp","href":"https:\/\/api.w.org\/{rel}","templated":true}]}}