{"id":3091,"date":"2025-03-14T21:08:54","date_gmt":"2025-03-14T21:08:54","guid":{"rendered":"https:\/\/innogando.com\/politique-de-confidentialite\/"},"modified":"2025-06-24T14:36:38","modified_gmt":"2025-06-24T14:36:38","slug":"politique-de-confidentialite","status":"publish","type":"page","link":"https:\/\/innogando.com\/fr\/politique-de-confidentialite\/","title":{"rendered":"Politique de confidentialit\u00e9"},"content":{"rendered":"<section class=\"l-section wpb_row us_custom_278d8c57 height_custom\"><div class=\"l-section-h i-cf\"><div class=\"g-cols vc_row via_grid cols_1 laptops-cols_inherit tablets-cols_inherit mobiles-cols_1 valign_top type_default stacking_default\"><div class=\"wpb_column vc_column_container\"><div class=\"vc_column-inner\"><h2 class=\"w-text\"><span class=\"w-text-h\"><span class=\"w-text-value\">Informations sur la protection des donn\u00e9es<\/span><\/span><\/h2><\/div><\/div><\/div><\/div><\/section><section class=\"l-section wpb_row us_custom_19737bc8 height_custom\"><div class=\"l-section-h i-cf\"><div class=\"g-cols vc_row via_grid cols_1 laptops-cols_inherit tablets-cols_inherit mobiles-cols_1 valign_top type_default stacking_default\"><div class=\"wpb_column vc_column_container\"><div class=\"vc_column-inner\"><div class=\"g-cols wpb_row via_grid cols_1-3 laptops-cols_inherit tablets-cols_inherit mobiles-cols_1 valign_top type_default stacking_default\" style=\"--columns-gap:3rem;--laptops-columns-gap:3rem;--tablets-columns-gap:3rem;--mobiles-columns-gap:1.5rem;\"><div class=\"wpb_column vc_column_container\"><div class=\"vc_column-inner\"><p class=\"w-text\"><span class=\"w-text-h\"><span class=\"w-text-value\">Responsable<\/span><\/span><\/p><\/div><\/div><div class=\"wpb_column vc_column_container\"><div class=\"vc_column-inner\"><div class=\"wpb_text_column\"><div class=\"wpb_wrapper\"><p><strong>Qui est responsable du traitement de vos donn\u00e9es ?<\/strong><br \/>\n<strong>Identit\u00e9<\/strong>: INNOGANDO SL<br \/>\n<strong>Adresse postale <\/strong>: LG. A GRA\u00d1A, SN - 27730 ABADIN (Lugo)<br \/>\n<strong>T\u00e9l\u00e9phone<\/strong>: 644 58 62 45<br \/>\n<strong>E-mail<\/strong>: hola@innogando.com<br \/>\nD\u00e9l\u00e9gu\u00e9 \u00e0 la protection des donn\u00e9es :<\/p>\n<\/div><\/div><\/div><\/div><\/div><div class=\"g-cols wpb_row us_custom_cdf14ffd via_grid cols_1-3 laptops-cols_inherit tablets-cols_inherit mobiles-cols_1 valign_top type_default stacking_default\" style=\"--columns-gap:3rem;--laptops-columns-gap:3rem;--tablets-columns-gap:3rem;--mobiles-columns-gap:1.5rem;\"><div class=\"wpb_column vc_column_container\"><div class=\"vc_column-inner\"><p class=\"w-text\"><span class=\"w-text-h\"><span class=\"w-text-value\">Objectif<\/span><\/span><\/p><\/div><\/div><div class=\"wpb_column vc_column_container\"><div class=\"vc_column-inner\"><div class=\"wpb_text_column\"><div class=\"wpb_wrapper\"><p><strong>Dans quel but traitons-nous vos donn\u00e9es personnelles ?<\/strong><br \/>\n<strong>Si vous \u00eates client<\/strong>:<br \/>\nNous traitons les informations afin de permettre la fourniture correcte du service convenu, la facturation, le d\u00e9veloppement d&rsquo;actions commerciales et l&rsquo;offre et\/ou la conclusion de contrats de produits et de services.<\/p>\n<p><strong>Si vous nous avez contact\u00e9s<\/strong>:<br \/>\nNous traitons les informations afin de g\u00e9rer votre demande, votre plainte, votre suggestion et\/ou votre r\u00e9clamation.<\/p>\n<p><strong>Si vous \u00eates candidat<\/strong>:<br \/>\nNous traitons les informations afin de g\u00e9rer la relation avec les candidats qui postulent pour un poste vacant au sein de l&rsquo;entreprise.<\/p>\n<\/div><\/div><\/div><\/div><\/div><div class=\"g-cols wpb_row us_custom_cdf14ffd via_grid cols_1-3 laptops-cols_inherit tablets-cols_inherit mobiles-cols_1 valign_top type_default stacking_default\" style=\"--columns-gap:3rem;--laptops-columns-gap:3rem;--tablets-columns-gap:3rem;--mobiles-columns-gap:1.5rem;\"><div class=\"wpb_column vc_column_container\"><div class=\"vc_column-inner\"><p class=\"w-text\"><span class=\"w-text-h\"><span class=\"w-text-value\">Temps<\/span><\/span><\/p><\/div><\/div><div class=\"wpb_column vc_column_container\"><div class=\"vc_column-inner\"><div class=\"wpb_text_column\"><div class=\"wpb_wrapper\"><p><strong>Combien de temps conserverons-nous vos donn\u00e9es ?<\/strong><br \/>\nLes donn\u00e9es personnelles fournies seront conserv\u00e9es aussi longtemps que la relation d&rsquo;affaires est maintenue et que leur suppression n&rsquo;est pas demand\u00e9e par la personne concern\u00e9e. En tenant compte des d\u00e9lais pr\u00e9vus par la loi en mati\u00e8re de prescription des responsabilit\u00e9s.<\/p>\n<\/div><\/div><\/div><\/div><\/div><div class=\"g-cols wpb_row us_custom_cdf14ffd via_grid cols_1-3 laptops-cols_inherit tablets-cols_inherit mobiles-cols_1 valign_top type_default stacking_default\" style=\"--columns-gap:3rem;--laptops-columns-gap:3rem;--tablets-columns-gap:3rem;--mobiles-columns-gap:1.5rem;\"><div class=\"wpb_column vc_column_container\"><div class=\"vc_column-inner\"><p class=\"w-text\"><span class=\"w-text-h\"><span class=\"w-text-value\">L\u00e9gitimation<\/span><\/span><\/p><\/div><\/div><div class=\"wpb_column vc_column_container\"><div class=\"vc_column-inner\"><div class=\"wpb_text_column\"><div class=\"wpb_wrapper\"><p><strong>Quelle est la l\u00e9gitimit\u00e9 du traitement de vos donn\u00e9es ?<\/strong><br \/>\nNous nous appuyons sur le consentement de la personne concern\u00e9e et\/ou sur l&rsquo;ex\u00e9cution du contrat.<\/p>\n<\/div><\/div><\/div><\/div><\/div><div class=\"g-cols wpb_row us_custom_cdf14ffd via_grid cols_1-3 laptops-cols_inherit tablets-cols_inherit mobiles-cols_1 valign_top type_default stacking_default\" style=\"--columns-gap:3rem;--laptops-columns-gap:3rem;--tablets-columns-gap:3rem;--mobiles-columns-gap:1.5rem;\"><div class=\"wpb_column vc_column_container\"><div class=\"vc_column-inner\"><p class=\"w-text\"><span class=\"w-text-h\"><span class=\"w-text-value\">Destinataires<\/span><\/span><\/p><\/div><\/div><div class=\"wpb_column vc_column_container\"><div class=\"vc_column-inner\"><div class=\"wpb_text_column\"><div class=\"wpb_wrapper\"><p><strong>A quels destinataires vos donn\u00e9es seront-elles communiqu\u00e9es ?<\/strong><br \/>\nLes donn\u00e9es seront transf\u00e9r\u00e9es \u00e0 des tiers lorsqu&rsquo;il existe une obligation l\u00e9gale.<br \/>\nLes sous-traitants suivants peuvent traiter vos donn\u00e9es et\/ou y acc\u00e9der :<br \/>\n-Consultancy, dans le but de fournir des services de gestion et de conseil en mati\u00e8re fiscale et comptable.<br \/>\n-Soci\u00e9t\u00e9s de transport dans le but d&rsquo;effectuer la livraison de marchandises. -Soci\u00e9t\u00e9s de transport dans le but d&rsquo;effectuer la livraison de marchandises. -Soci\u00e9t\u00e9s d&rsquo;informatique dans le but d&rsquo;effectuer la maintenance d&rsquo;applications et de syst\u00e8mes informatiques . .Soci\u00e9t\u00e9s de transport pour la livraison de marchandises.<br \/>\n-Soci\u00e9t\u00e9s informatiques pour la maintenance d&rsquo;applications et de syst\u00e8mes informatiques<br \/>\n.<br \/>\n-Soci\u00e9t\u00e9s de conseil, de certification et\/ou de conseil juridique.<\/p>\n<\/div><\/div><\/div><\/div><\/div><div class=\"g-cols wpb_row us_custom_cdf14ffd via_grid cols_1-3 laptops-cols_inherit tablets-cols_inherit mobiles-cols_1 valign_top type_default stacking_default\" style=\"--columns-gap:3rem;--laptops-columns-gap:3rem;--tablets-columns-gap:3rem;--mobiles-columns-gap:1.5rem;\"><div class=\"wpb_column vc_column_container\"><div class=\"vc_column-inner\"><p class=\"w-text\"><span class=\"w-text-h\"><span class=\"w-text-value\">Droits de l&apos;homme<\/span><\/span><\/p><\/div><\/div><div class=\"wpb_column vc_column_container\"><div class=\"vc_column-inner\"><div class=\"wpb_text_column\"><div class=\"wpb_wrapper\"><p><strong>Quels sont vos droits lorsque vous nous fournissez vos donn\u00e9es ?<\/strong><br \/>\nToute personne a le droit d&rsquo;obtenir la confirmation qu&rsquo;INNOGANDO SL traite ou non des donn\u00e9es \u00e0 caract\u00e8re personnel la concernant. Vous avez le droit de demander l&rsquo;acc\u00e8s aux donn\u00e9es personnelles vous concernant, leur rectification ou leur suppression, la limitation de leur traitement, de vous opposer au traitement et \u00e0 la portabilit\u00e9 des donn\u00e9es (<br \/>\n). Nous vous informons que vous avez le droit de retirer le consentement qui nous a \u00e9t\u00e9 accord\u00e9 pour une finalit\u00e9 sp\u00e9cifique ; ainsi que d&rsquo;introduire une r\u00e9clamation aupr\u00e8s de toute autorit\u00e9 de contr\u00f4le.<br \/>\nVous pouvez exercer vos droits en mati\u00e8re de protection des donn\u00e9es en \u00e9crivant \u00e0 LG. A GRA\u00d1A, SN - 27730 ABADIN (Lugo).<\/p>\n<\/div><\/div><\/div><\/div><\/div><div class=\"g-cols wpb_row us_custom_cdf14ffd via_grid cols_1-3 laptops-cols_inherit tablets-cols_inherit mobiles-cols_1 valign_top type_default stacking_default\" style=\"--columns-gap:3rem;--laptops-columns-gap:3rem;--tablets-columns-gap:3rem;--mobiles-columns-gap:1.5rem;\"><div class=\"wpb_column vc_column_container\"><div class=\"vc_column-inner\"><p class=\"w-text\"><span class=\"w-text-h\"><span class=\"w-text-value\">Source<\/span><\/span><\/p><\/div><\/div><div class=\"wpb_column vc_column_container\"><div class=\"vc_column-inner\"><div class=\"wpb_text_column\"><div class=\"wpb_wrapper\"><p><strong>Comment avons-nous obtenu vos donn\u00e9es ?<\/strong><br \/>\nLes donn\u00e9es ont \u00e9t\u00e9 obtenues directement aupr\u00e8s de l&rsquo;int\u00e9ress\u00e9 ou de son repr\u00e9sentant l\u00e9gal.<br \/>\nLes cat\u00e9gories de donn\u00e9es utilis\u00e9es sont les suivantes :<br \/>\n-Donn\u00e9es d&rsquo;identification : nom et pr\u00e9nom, NIF, adresse postale, num\u00e9ros de t\u00e9l\u00e9phone, e-mail.<br \/>\n-Donn\u00e9es bancaires : pour le pr\u00e9l\u00e8vement automatique des paiements.<br \/>\n-Donn\u00e9es n\u00e9cessaires au maintien de la relation commerciale. Facturation.<\/p>\n<\/div><\/div><\/div><\/div><\/div><div class=\"g-cols wpb_row us_custom_cdf14ffd via_grid cols_1-3 laptops-cols_inherit tablets-cols_inherit mobiles-cols_1 valign_top type_default stacking_default\" style=\"--columns-gap:3rem;--laptops-columns-gap:3rem;--tablets-columns-gap:3rem;--mobiles-columns-gap:1.5rem;\"><div class=\"wpb_column vc_column_container\"><div class=\"vc_column-inner\"><p class=\"w-text\"><span class=\"w-text-h\"><span class=\"w-text-value\">Informations compl\u00e9mentaires<\/span><\/span><\/p><\/div><\/div><div class=\"wpb_column vc_column_container\"><div class=\"vc_column-inner\"><div class=\"wpb_text_column\"><div class=\"wpb_wrapper\"><p>INNOGANDO SL, en tant que responsable du traitement, utilisera les donn\u00e9es de tiers dans le but de fournir les services confi\u00e9s, en les traitant uniquement selon les instructions du responsable du traitement, en s&rsquo;engageant \u00e0 ne pas les appliquer ou les utiliser \u00e0 d&rsquo;autres fins, ni \u00e0 les communiquer \u00e0 d&rsquo;autres personnes. INNOGANDO SL adoptera les mesures techniques et organisationnelles n\u00e9cessaires pour garantir la s\u00e9curit\u00e9 des donn\u00e9es personnelles et \u00e9viter leur alt\u00e9ration, perte, traitement ou acc\u00e8s non autoris\u00e9, en tenant compte de l&rsquo;\u00e9tat de la technologie, de la nature des donn\u00e9es et des risques auxquels elles sont expos\u00e9es, conform\u00e9ment \u00e0 la l\u00e9gislation en vigueur.<\/p>\n<\/div><\/div><\/div><\/div><\/div><\/div><\/div><\/div><\/div><\/section>\n","protected":false},"excerpt":{"rendered":"Informations sur la protection des donn\u00e9esResponsableQui est responsable du traitement de vos donn\u00e9es ? Identit\u00e9: INNOGANDO SL Adresse postale : LG. A GRA\u00d1A, SN - 27730 ABADIN (Lugo) T\u00e9l\u00e9phone: 644 58 62 45 E-mail: hola@innogando.com D\u00e9l\u00e9gu\u00e9 \u00e0 la protection des donn\u00e9es : ObjectifDans quel but traitons-nous vos donn\u00e9es personnelles ? Si vous \u00eates client: Nous...","protected":false},"author":5,"featured_media":0,"parent":0,"menu_order":0,"comment_status":"closed","ping_status":"closed","template":"","meta":{"_monsterinsights_skip_tracking":false,"_monsterinsights_sitenote_active":false,"_monsterinsights_sitenote_note":"","_monsterinsights_sitenote_category":0,"_joinchat":[],"footnotes":""},"class_list":["post-3091","page","type-page","status-publish","hentry"],"yoast_head":"<!-- This site is optimized with the Yoast SEO plugin v24.6 - https:\/\/yoast.com\/wordpress\/plugins\/seo\/ -->\n<title>Politique de confidentialit\u00e9 - Innogando<\/title>\n<meta name=\"description\" content=\"Chez Innogando, nous recherchons votre confiance. C&#039;est pourquoi nous devons vous informer que nous collectons certaines donn\u00e9es aupr\u00e8s de nos utilisateurs et nous vous fournissons notre politique de confidentialit\u00e9 afin que vous sachiez quelles donn\u00e9es nous collectons et comment nous les utiliserons.\" \/>\n<meta name=\"robots\" content=\"noindex, follow\" \/>\n<meta property=\"og:locale\" content=\"fr_FR\" \/>\n<meta property=\"og:type\" content=\"article\" \/>\n<meta property=\"og:title\" content=\"Politique de confidentialit\u00e9 - Innogando\" \/>\n<meta property=\"og:description\" content=\"Chez Innogando, nous recherchons votre confiance. C&#039;est pourquoi nous devons vous informer que nous collectons certaines donn\u00e9es aupr\u00e8s de nos utilisateurs et nous vous fournissons notre politique de confidentialit\u00e9 afin que vous sachiez quelles donn\u00e9es nous collectons et comment nous les utiliserons.\" \/>\n<meta property=\"og:url\" content=\"https:\/\/innogando.com\/fr\/politique-de-confidentialite\/\" \/>\n<meta property=\"og:site_name\" content=\"Innogando\" \/>\n<meta property=\"article:publisher\" content=\"https:\/\/www.facebook.com\/innogando?locale=es_ES\" \/>\n<meta property=\"article:modified_time\" content=\"2025-06-24T14:36:38+00:00\" \/>\n<meta property=\"og:image\" content=\"https:\/\/innogando.com\/wp-content\/uploads\/2025\/04\/vacas-rumi-app.jpg\" \/>\n\t<meta property=\"og:image:width\" content=\"1200\" \/>\n\t<meta property=\"og:image:height\" content=\"675\" \/>\n\t<meta property=\"og:image:type\" content=\"image\/jpeg\" \/>\n<meta name=\"twitter:card\" content=\"summary_large_image\" \/>\n<meta name=\"twitter:site\" content=\"@innogando\" \/>\n<meta name=\"twitter:label1\" content=\"Dur\u00e9e de lecture estim\u00e9e\" \/>\n\t<meta name=\"twitter:data1\" content=\"6 minutes\" \/>\n<script type=\"application\/ld+json\" class=\"yoast-schema-graph\">{\"@context\":\"https:\/\/schema.org\",\"@graph\":[{\"@type\":\"WebPage\",\"@id\":\"https:\/\/innogando.com\/fr\/politique-de-confidentialite\/\",\"url\":\"https:\/\/innogando.com\/fr\/politique-de-confidentialite\/\",\"name\":\"Politique de confidentialit\u00e9 - Innogando\",\"isPartOf\":{\"@id\":\"https:\/\/innogando.com\/#website\"},\"datePublished\":\"2025-03-14T21:08:54+00:00\",\"dateModified\":\"2025-06-24T14:36:38+00:00\",\"description\":\"Chez Innogando, nous recherchons votre confiance. C'est pourquoi nous devons vous informer que nous collectons certaines donn\u00e9es aupr\u00e8s de nos utilisateurs et nous vous fournissons notre politique de confidentialit\u00e9 afin que vous sachiez quelles donn\u00e9es nous collectons et comment nous les utiliserons.\",\"breadcrumb\":{\"@id\":\"https:\/\/innogando.com\/fr\/politique-de-confidentialite\/#breadcrumb\"},\"inLanguage\":\"fr-FR\",\"potentialAction\":[{\"@type\":\"ReadAction\",\"target\":[\"https:\/\/innogando.com\/fr\/politique-de-confidentialite\/\"]}]},{\"@type\":\"BreadcrumbList\",\"@id\":\"https:\/\/innogando.com\/fr\/politique-de-confidentialite\/#breadcrumb\",\"itemListElement\":[{\"@type\":\"ListItem\",\"position\":1,\"name\":\"Portada\",\"item\":\"https:\/\/innogando.com\/fr\/\"},{\"@type\":\"ListItem\",\"position\":2,\"name\":\"Politique de confidentialit\u00e9\"}]},{\"@type\":\"WebSite\",\"@id\":\"https:\/\/innogando.com\/#website\",\"url\":\"https:\/\/innogando.com\/\",\"name\":\"Innogando\",\"description\":\"Utilizamos la tecnolog\u00eda aplicada al ganado vacuno para ofrecer a los ganaderos una mayor rentabilidad de su explotaci\u00f3n\",\"publisher\":{\"@id\":\"https:\/\/innogando.com\/#organization\"},\"potentialAction\":[{\"@type\":\"SearchAction\",\"target\":{\"@type\":\"EntryPoint\",\"urlTemplate\":\"https:\/\/innogando.com\/?s={search_term_string}\"},\"query-input\":{\"@type\":\"PropertyValueSpecification\",\"valueRequired\":true,\"valueName\":\"search_term_string\"}}],\"inLanguage\":\"fr-FR\"},{\"@type\":\"Organization\",\"@id\":\"https:\/\/innogando.com\/#organization\",\"name\":\"Innogando\",\"url\":\"https:\/\/innogando.com\/\",\"logo\":{\"@type\":\"ImageObject\",\"inLanguage\":\"fr-FR\",\"@id\":\"https:\/\/innogando.com\/#\/schema\/logo\/image\/\",\"url\":\"https:\/\/innogando.com\/wp-content\/uploads\/2025\/03\/innogando-logo.png\",\"contentUrl\":\"https:\/\/innogando.com\/wp-content\/uploads\/2025\/03\/innogando-logo.png\",\"width\":234,\"height\":200,\"caption\":\"Innogando\"},\"image\":{\"@id\":\"https:\/\/innogando.com\/#\/schema\/logo\/image\/\"},\"sameAs\":[\"https:\/\/www.facebook.com\/innogando?locale=es_ES\",\"https:\/\/x.com\/innogando\",\"https:\/\/www.instagram.com\/innogando\/\",\"https:\/\/www.youtube.com\/@innogando2463\",\"https:\/\/www.linkedin.com\/company\/innogando\/\",\"https:\/\/www.tiktok.com\/@innogando\"]}]}<\/script>\n<!-- \/ Yoast SEO plugin. -->","yoast_head_json":{"title":"Politique de confidentialit\u00e9 - Innogando","description":"Chez Innogando, nous recherchons votre confiance. C'est pourquoi nous devons vous informer que nous collectons certaines donn\u00e9es aupr\u00e8s de nos utilisateurs et nous vous fournissons notre politique de confidentialit\u00e9 afin que vous sachiez quelles donn\u00e9es nous collectons et comment nous les utiliserons.","robots":{"index":"noindex","follow":"follow"},"og_locale":"fr_FR","og_type":"article","og_title":"Politique de confidentialit\u00e9 - Innogando","og_description":"Chez Innogando, nous recherchons votre confiance. C'est pourquoi nous devons vous informer que nous collectons certaines donn\u00e9es aupr\u00e8s de nos utilisateurs et nous vous fournissons notre politique de confidentialit\u00e9 afin que vous sachiez quelles donn\u00e9es nous collectons et comment nous les utiliserons.","og_url":"https:\/\/innogando.com\/fr\/politique-de-confidentialite\/","og_site_name":"Innogando","article_publisher":"https:\/\/www.facebook.com\/innogando?locale=es_ES","article_modified_time":"2025-06-24T14:36:38+00:00","og_image":[{"width":1200,"height":675,"url":"https:\/\/innogando.com\/wp-content\/uploads\/2025\/04\/vacas-rumi-app.jpg","type":"image\/jpeg"}],"twitter_card":"summary_large_image","twitter_site":"@innogando","twitter_misc":{"Dur\u00e9e de lecture estim\u00e9e":"6 minutes"},"schema":{"@context":"https:\/\/schema.org","@graph":[{"@type":"WebPage","@id":"https:\/\/innogando.com\/fr\/politique-de-confidentialite\/","url":"https:\/\/innogando.com\/fr\/politique-de-confidentialite\/","name":"Politique de confidentialit\u00e9 - Innogando","isPartOf":{"@id":"https:\/\/innogando.com\/#website"},"datePublished":"2025-03-14T21:08:54+00:00","dateModified":"2025-06-24T14:36:38+00:00","description":"Chez Innogando, nous recherchons votre confiance. C'est pourquoi nous devons vous informer que nous collectons certaines donn\u00e9es aupr\u00e8s de nos utilisateurs et nous vous fournissons notre politique de confidentialit\u00e9 afin que vous sachiez quelles donn\u00e9es nous collectons et comment nous les utiliserons.","breadcrumb":{"@id":"https:\/\/innogando.com\/fr\/politique-de-confidentialite\/#breadcrumb"},"inLanguage":"fr-FR","potentialAction":[{"@type":"ReadAction","target":["https:\/\/innogando.com\/fr\/politique-de-confidentialite\/"]}]},{"@type":"BreadcrumbList","@id":"https:\/\/innogando.com\/fr\/politique-de-confidentialite\/#breadcrumb","itemListElement":[{"@type":"ListItem","position":1,"name":"Portada","item":"https:\/\/innogando.com\/fr\/"},{"@type":"ListItem","position":2,"name":"Politique de confidentialit\u00e9"}]},{"@type":"WebSite","@id":"https:\/\/innogando.com\/#website","url":"https:\/\/innogando.com\/","name":"Innogando","description":"Utilizamos la tecnolog\u00eda aplicada al ganado vacuno para ofrecer a los ganaderos una mayor rentabilidad de su explotaci\u00f3n","publisher":{"@id":"https:\/\/innogando.com\/#organization"},"potentialAction":[{"@type":"SearchAction","target":{"@type":"EntryPoint","urlTemplate":"https:\/\/innogando.com\/?s={search_term_string}"},"query-input":{"@type":"PropertyValueSpecification","valueRequired":true,"valueName":"search_term_string"}}],"inLanguage":"fr-FR"},{"@type":"Organization","@id":"https:\/\/innogando.com\/#organization","name":"Innogando","url":"https:\/\/innogando.com\/","logo":{"@type":"ImageObject","inLanguage":"fr-FR","@id":"https:\/\/innogando.com\/#\/schema\/logo\/image\/","url":"https:\/\/innogando.com\/wp-content\/uploads\/2025\/03\/innogando-logo.png","contentUrl":"https:\/\/innogando.com\/wp-content\/uploads\/2025\/03\/innogando-logo.png","width":234,"height":200,"caption":"Innogando"},"image":{"@id":"https:\/\/innogando.com\/#\/schema\/logo\/image\/"},"sameAs":["https:\/\/www.facebook.com\/innogando?locale=es_ES","https:\/\/x.com\/innogando","https:\/\/www.instagram.com\/innogando\/","https:\/\/www.youtube.com\/@innogando2463","https:\/\/www.linkedin.com\/company\/innogando\/","https:\/\/www.tiktok.com\/@innogando"]}]}},"_links":{"self":[{"href":"https:\/\/innogando.com\/fr\/wp-json\/wp\/v2\/pages\/3091","targetHints":{"allow":["GET"]}}],"collection":[{"href":"https:\/\/innogando.com\/fr\/wp-json\/wp\/v2\/pages"}],"about":[{"href":"https:\/\/innogando.com\/fr\/wp-json\/wp\/v2\/types\/page"}],"author":[{"embeddable":true,"href":"https:\/\/innogando.com\/fr\/wp-json\/wp\/v2\/users\/5"}],"replies":[{"embeddable":true,"href":"https:\/\/innogando.com\/fr\/wp-json\/wp\/v2\/comments?post=3091"}],"version-history":[{"count":5,"href":"https:\/\/innogando.com\/fr\/wp-json\/wp\/v2\/pages\/3091\/revisions"}],"predecessor-version":[{"id":4208,"href":"https:\/\/innogando.com\/fr\/wp-json\/wp\/v2\/pages\/3091\/revisions\/4208"}],"wp:attachment":[{"href":"https:\/\/innogando.com\/fr\/wp-json\/wp\/v2\/media?parent=3091"}],"curies":[{"name":"wp","href":"https:\/\/api.w.org\/{rel}","templated":true}]}}