{"id":3308,"date":"2025-05-01T13:07:18","date_gmt":"2025-05-01T13:07:18","guid":{"rendered":"https:\/\/innogando.com\/rumi-app\/"},"modified":"2025-06-24T14:37:47","modified_gmt":"2025-06-24T14:37:47","slug":"rumi-app","status":"publish","type":"page","link":"https:\/\/innogando.com\/ca\/rumi-app\/","title":{"rendered":"Rumi App"},"content":{"rendered":"<section class=\"l-section wpb_row us_custom_2f808c58 height_custom with_video with_shape\"><div id=\"us_bg_video_j105\" class=\"l-section-video\"><script id=\"us_bg_video_j105-script\">!function(w){var node = document.getElementById( 'us_bg_video_j105' );if ( w.innerWidth <= 100 ) { node.remove() }}(window);<\/script><style>@media(max-width:100px){#us_bg_video_j105{display:none!important}}<\/style><video  autoplay loop muted playsinline preload=\"auto\"><source type=\"video\/mp4\" src=\"https:\/\/innogando.com\/wp-content\/uploads\/2025\/05\/RumiApp.mp4\" \/><\/video><\/div><div class=\"l-section-overlay\" style=\"background:rgba(0,0,0,0.35)\"><\/div><div class=\"l-section-shape type_triangle-2 pos_bottom on_front hor_flip\" style=\"height:10vmin;\"><svg xmlns=\"http:\/\/www.w3.org\/2000\/svg\" viewBox=\"0 0 64 8\" preserveAspectRatio=\"none\" width=\"100%\" height=\"100%\">\r\n\t<path fill=\"currentColor\" d=\"M64 8 L0 8 L0 0 L48 7.9 L64 0 Z\"\/>\r\n<\/svg><\/div><div class=\"l-section-h i-cf\"><div class=\"g-cols vc_row via_grid cols_3-2 laptops-cols_inherit tablets-cols_inherit mobiles-cols_1 valign_top type_default stacking_default\"><div class=\"wpb_column vc_column_container us_custom_eecd5a9b\"><div class=\"vc_column-inner\"><h1 class=\"w-text us_custom_836f727b has_text_color\"><span class=\"w-text-h\"><span class=\"w-text-value\">La millor APP de Gesti\u00f3 de Bestiar: Rumi APP, tot el teu ramat a la m\u00e0<\/span><\/span><\/h1><div class=\"wpb_text_column us_custom_836f727b has_text_color\"><div class=\"wpb_wrapper\"><p>Saps qu\u00e8 et trobar\u00e0s avui a la teva ramaderia?<br \/>\n <strong>Els nostres ramaders s\u00ed que<\/strong> ho saben.<\/p>\n<p> A la primera hora del dia, <strong>abans de trepitjar el camp<\/strong> , en tenen prou amb una mirada a Rumi App per saber si hi ha vaques malaltes, en zel o alguna que necessita atenci\u00f3 r\u00e0pida.<\/p>\n<\/div><\/div><div class=\"w-separator size_custom\" style=\"height:5vh\"><\/div><\/div><\/div><div class=\"wpb_column vc_column_container\"><div class=\"vc_column-inner\"><\/div><\/div><\/div><\/div><\/section><section class=\"l-section wpb_row height_custom\" id=\"section-04\"><div class=\"l-section-h i-cf\"><div class=\"g-cols vc_row via_grid cols_1 laptops-cols_inherit tablets-cols_inherit mobiles-cols_1 valign_top type_default stacking_default\"><div class=\"wpb_column vc_column_container\"><div class=\"vc_column-inner\"><div class=\"wpb_text_column us_custom_eb849559\"><div class=\"wpb_wrapper\"><p>I \u00e9s que els GPS per a vaques amb mesurament d&#8217;activitats permeten m\u00e9s control del bestiar<\/p>\n<\/div><\/div><div class=\"w-separator size_small\"><\/div><div class=\"g-cols wpb_row via_grid cols_3 laptops-cols_inherit tablets-cols_1 mobiles-cols_1 valign_top type_default stacking_default\" style=\"--columns-gap:1.5rem;\"><div class=\"wpb_column vc_column_container us_custom_e668065f has_text_color has_bg_color\"><div class=\"vc_column-inner\"><div class=\"w-iconbox iconpos_top style_default color_primary align_center no_text no_title icontype_img\"><div class=\"w-iconbox-icon\" style=\"font-size:80px;\"><img decoding=\"async\" width=\"128\" height=\"128\" src=\"https:\/\/innogando.com\/wp-content\/uploads\/2025\/05\/salud-animal.png\" class=\"attachment-full size-full\" alt=\"Salud de los animales\" \/><\/div><div class=\"w-iconbox-meta\"><\/div><\/div><div class=\"w-separator size_small\"><\/div><h3 class=\"w-text\"><span class=\"w-text-h\"><span class=\"w-text-value\">Salut animal<\/span><\/span><\/h3><div class=\"wpb_text_column\"><div class=\"wpb_wrapper\"><p>Anticipa \u201ct a malalties fins a 48 hores abans d\u201d observar s\u00edmptomes cl\u00ednics.<\/p>\n<\/div><\/div><\/div><\/div><div class=\"wpb_column vc_column_container us_custom_e668065f has_text_color has_bg_color\"><div class=\"vc_column-inner\"><div class=\"w-iconbox iconpos_top style_default color_primary align_center no_text no_title icontype_img\"><div class=\"w-iconbox-icon\" style=\"font-size:80px;\"><img decoding=\"async\" width=\"128\" height=\"128\" src=\"https:\/\/innogando.com\/wp-content\/uploads\/2025\/05\/celos-partos.png\" class=\"attachment-full size-full\" alt=\"Rumi App: Celos y partos\" \/><\/div><div class=\"w-iconbox-meta\"><\/div><\/div><div class=\"w-separator size_small\"><\/div><h3 class=\"w-text\"><span class=\"w-text-h\"><span class=\"w-text-value\">Gelosia i parts  <\/span><\/span><\/h3><div class=\"wpb_text_column\"><div class=\"wpb_wrapper\"><p>Optimitza la productivitat del teu ramat i evita p\u00e8rdues.<\/p>\n<\/div><\/div><\/div><\/div><div class=\"wpb_column vc_column_container us_custom_e668065f has_text_color has_bg_color\"><div class=\"vc_column-inner\"><div class=\"w-iconbox iconpos_top style_default color_primary align_center no_text no_title icontype_img\"><div class=\"w-iconbox-icon\" style=\"font-size:80px;\"><img decoding=\"async\" width=\"128\" height=\"128\" src=\"https:\/\/innogando.com\/wp-content\/uploads\/2025\/05\/alerta-app.png\" class=\"attachment-full size-full\" alt=\"Alerta App\" \/><\/div><div class=\"w-iconbox-meta\"><\/div><\/div><div class=\"w-separator size_small\"><\/div><h3 class=\"w-text\"><span class=\"w-text-h\"><span class=\"w-text-value\">Alertes instant\u00e0nies<\/span><\/span><\/h3><div class=\"wpb_text_column\"><div class=\"wpb_wrapper\"><p>Rumi t \u201cavisa d\u201d Escapes de finca, Gelosia, Canvis de Comportament, Caiguda de Rumia i m\u00e9s.<\/p>\n<\/div><\/div><\/div><\/div><\/div><\/div><\/div><\/div><\/div><\/section><section class=\"l-section wpb_row us_custom_887a049b height_custom\"><div class=\"l-section-h i-cf\"><div class=\"g-cols vc_row via_grid cols_2-3 laptops-cols_inherit tablets-cols_inherit mobiles-cols_1 valign_middle type_default stacking_default\"><div class=\"wpb_column vc_column_container\"><div class=\"vc_column-inner\"><div class=\"w-image align_none\"><div class=\"w-image-h\"><img loading=\"lazy\" decoding=\"async\" width=\"800\" height=\"843\" src=\"https:\/\/innogando.com\/wp-content\/uploads\/2025\/05\/Geofencing.png\" class=\"attachment-large size-large\" alt=\"Geofencing\" loading=\"lazy\" srcset=\"https:\/\/innogando.com\/wp-content\/uploads\/2025\/05\/Geofencing.png 800w, https:\/\/innogando.com\/wp-content\/uploads\/2025\/05\/Geofencing-285x300.png 285w\" sizes=\"auto, (max-width: 800px) 100vw, 800px\" \/><\/div><\/div><\/div><\/div><div class=\"wpb_column vc_column_container\"><div class=\"vc_column-inner\"><h2 class=\"w-text\"><span class=\"w-text-h\"><span class=\"w-text-value\">Geofencing<\/span><\/span><\/h2><div class=\"wpb_text_column\"><div class=\"wpb_wrapper\"><p>Divideix i controla els teus lots des del palmell de la m\u00e0.<\/p>\n<p><strong>Estalvia el temps i el combustible de despla\u00e7ar<\/strong> -te a comprovar que els animals s\u00f3n a la finca. Activa el geofencing al teu Rumi APP, i rebr\u00e0s una alerta instant\u00e0nia si algun se&#8217;n surt dels l\u00edmits virtuals. <\/p>\n<\/div><\/div><\/div><\/div><\/div><\/div><\/section><section class=\"l-section wpb_row us_custom_c70c97eb height_custom\"><div class=\"l-section-h i-cf\"><div class=\"g-cols vc_row via_grid cols_3-2 laptops-cols_inherit tablets-cols_inherit mobiles-cols_1 valign_middle type_default stacking_default\"><div class=\"wpb_column vc_column_container\"><div class=\"vc_column-inner\"><h2 class=\"w-text\"><span class=\"w-text-h\"><span class=\"w-text-value\">Visi\u00f3 productiva anual  <\/span><\/span><\/h2><div class=\"wpb_text_column\"><div class=\"wpb_wrapper\"><p>Dades disposades de manera clara i senzilla perqu\u00e8 puguis prendre decisions informades.<\/p>\n<p> Amb esdeveniments autom\u00e0tics i personalitzats, aquesta tecnologia ramadera <strong>calcula per tu les dades productives<\/strong> i t \u201cinforma de gelosia propera.<\/p>\n<p> L\u201d APP Ramadera Rumi est\u00e0 inclosa en el preu dels collarets gps per a vaques, aix\u00ed com totes les seves actualitzacions futures.<\/p>\n<\/div><\/div><div class=\"w-btn-wrapper align_none\"><a class=\"w-btn us-btn-style_2\" href=\"http:\/\/localhost\/contacto\/\"><span class=\"w-btn-label\">Vull Rumi APP a la meva ramaderia<\/span><\/a><\/div><\/div><\/div><div class=\"wpb_column vc_column_container\"><div class=\"vc_column-inner\"><div class=\"w-image align_none\"><div class=\"w-image-h\"><img loading=\"lazy\" decoding=\"async\" width=\"800\" height=\"547\" src=\"https:\/\/innogando.com\/wp-content\/uploads\/2025\/05\/vision-productiva.png\" class=\"attachment-large size-large\" alt=\"Visi\u00f3n productiva anual\" loading=\"lazy\" srcset=\"https:\/\/innogando.com\/wp-content\/uploads\/2025\/05\/vision-productiva.png 800w, https:\/\/innogando.com\/wp-content\/uploads\/2025\/05\/vision-productiva-300x205.png 300w\" sizes=\"auto, (max-width: 800px) 100vw, 800px\" \/><\/div><\/div><\/div><\/div><\/div><\/div><\/section>\n","protected":false},"excerpt":{"rendered":"La millor APP de Gesti\u00f3 de Bestiar: Rumi APP, tot el teu ramat a la m\u00e0Saps qu\u00e8 et trobar\u00e0s avui a la teva ramaderia? Els nostres ramaders s\u00ed que ho saben. A la primera hora del dia, abans de trepitjar el camp , en tenen prou amb una mirada a Rumi App per saber si...","protected":false},"author":5,"featured_media":0,"parent":0,"menu_order":0,"comment_status":"closed","ping_status":"closed","template":"","meta":{"_monsterinsights_skip_tracking":false,"_monsterinsights_sitenote_active":false,"_monsterinsights_sitenote_note":"","_monsterinsights_sitenote_category":0,"_joinchat":[],"footnotes":""},"class_list":["post-3308","page","type-page","status-publish","hentry"],"yoast_head":"<!-- This site is optimized with the Yoast SEO plugin v24.6 - https:\/\/yoast.com\/wordpress\/plugins\/seo\/ -->\n<title>Rumi App - Innogando<\/title>\n<meta name=\"description\" content=\"Guanyat dispers? Rumi App avisa 48h abans de s\u00edmptomes, detecta gelosia i evita fuites. Tota la informaci\u00f3 de la teva granja al teu smartphone.\" \/>\n<meta name=\"robots\" content=\"index, follow, max-snippet:-1, max-image-preview:large, max-video-preview:-1\" \/>\n<link rel=\"canonical\" href=\"https:\/\/innogando.com\/ca\/rumi-app\/\" \/>\n<meta property=\"og:locale\" content=\"ca_ES\" \/>\n<meta property=\"og:type\" content=\"article\" \/>\n<meta property=\"og:title\" content=\"Rumi App - Innogando\" \/>\n<meta property=\"og:description\" content=\"Guanyat dispers? Rumi App avisa 48h abans de s\u00edmptomes, detecta gelosia i evita fuites. Tota la informaci\u00f3 de la teva granja al teu smartphone.\" \/>\n<meta property=\"og:url\" content=\"https:\/\/innogando.com\/ca\/rumi-app\/\" \/>\n<meta property=\"og:site_name\" content=\"Innogando\" \/>\n<meta property=\"article:publisher\" content=\"https:\/\/www.facebook.com\/innogando?locale=es_ES\" \/>\n<meta property=\"article:modified_time\" content=\"2025-06-24T14:37:47+00:00\" \/>\n<meta property=\"og:image\" content=\"https:\/\/innogando.com\/wp-content\/uploads\/2025\/04\/vacas-rumi-app.jpg\" \/>\n\t<meta property=\"og:image:width\" content=\"1200\" \/>\n\t<meta property=\"og:image:height\" content=\"675\" \/>\n\t<meta property=\"og:image:type\" content=\"image\/jpeg\" \/>\n<meta name=\"twitter:card\" content=\"summary_large_image\" \/>\n<meta name=\"twitter:site\" content=\"@innogando\" \/>\n<meta name=\"twitter:label1\" content=\"Temps estimat de lectura\" \/>\n\t<meta name=\"twitter:data1\" content=\"4 minuts\" \/>\n<script type=\"application\/ld+json\" class=\"yoast-schema-graph\">{\"@context\":\"https:\/\/schema.org\",\"@graph\":[{\"@type\":\"WebPage\",\"@id\":\"https:\/\/innogando.com\/ca\/rumi-app\/\",\"url\":\"https:\/\/innogando.com\/ca\/rumi-app\/\",\"name\":\"Rumi App - Innogando\",\"isPartOf\":{\"@id\":\"https:\/\/innogando.com\/#website\"},\"datePublished\":\"2025-05-01T13:07:18+00:00\",\"dateModified\":\"2025-06-24T14:37:47+00:00\",\"description\":\"Guanyat dispers? Rumi App avisa 48h abans de s\u00edmptomes, detecta gelosia i evita fuites. Tota la informaci\u00f3 de la teva granja al teu smartphone.\",\"breadcrumb\":{\"@id\":\"https:\/\/innogando.com\/ca\/rumi-app\/#breadcrumb\"},\"inLanguage\":\"ca\",\"potentialAction\":[{\"@type\":\"ReadAction\",\"target\":[\"https:\/\/innogando.com\/ca\/rumi-app\/\"]}]},{\"@type\":\"BreadcrumbList\",\"@id\":\"https:\/\/innogando.com\/ca\/rumi-app\/#breadcrumb\",\"itemListElement\":[{\"@type\":\"ListItem\",\"position\":1,\"name\":\"Portada\",\"item\":\"https:\/\/innogando.com\/ca\/\"},{\"@type\":\"ListItem\",\"position\":2,\"name\":\"Rumi App\"}]},{\"@type\":\"WebSite\",\"@id\":\"https:\/\/innogando.com\/#website\",\"url\":\"https:\/\/innogando.com\/\",\"name\":\"Innogando\",\"description\":\"Utilizamos la tecnolog\u00eda aplicada al ganado vacuno para ofrecer a los ganaderos una mayor rentabilidad de su explotaci\u00f3n\",\"publisher\":{\"@id\":\"https:\/\/innogando.com\/#organization\"},\"potentialAction\":[{\"@type\":\"SearchAction\",\"target\":{\"@type\":\"EntryPoint\",\"urlTemplate\":\"https:\/\/innogando.com\/?s={search_term_string}\"},\"query-input\":{\"@type\":\"PropertyValueSpecification\",\"valueRequired\":true,\"valueName\":\"search_term_string\"}}],\"inLanguage\":\"ca\"},{\"@type\":\"Organization\",\"@id\":\"https:\/\/innogando.com\/#organization\",\"name\":\"Innogando\",\"url\":\"https:\/\/innogando.com\/\",\"logo\":{\"@type\":\"ImageObject\",\"inLanguage\":\"ca\",\"@id\":\"https:\/\/innogando.com\/#\/schema\/logo\/image\/\",\"url\":\"https:\/\/innogando.com\/wp-content\/uploads\/2025\/03\/innogando-logo.png\",\"contentUrl\":\"https:\/\/innogando.com\/wp-content\/uploads\/2025\/03\/innogando-logo.png\",\"width\":234,\"height\":200,\"caption\":\"Innogando\"},\"image\":{\"@id\":\"https:\/\/innogando.com\/#\/schema\/logo\/image\/\"},\"sameAs\":[\"https:\/\/www.facebook.com\/innogando?locale=es_ES\",\"https:\/\/x.com\/innogando\",\"https:\/\/www.instagram.com\/innogando\/\",\"https:\/\/www.youtube.com\/@innogando2463\",\"https:\/\/www.linkedin.com\/company\/innogando\/\",\"https:\/\/www.tiktok.com\/@innogando\"]}]}<\/script>\n<!-- \/ Yoast SEO plugin. -->","yoast_head_json":{"title":"Rumi App - Innogando","description":"Guanyat dispers? Rumi App avisa 48h abans de s\u00edmptomes, detecta gelosia i evita fuites. Tota la informaci\u00f3 de la teva granja al teu smartphone.","robots":{"index":"index","follow":"follow","max-snippet":"max-snippet:-1","max-image-preview":"max-image-preview:large","max-video-preview":"max-video-preview:-1"},"canonical":"https:\/\/innogando.com\/ca\/rumi-app\/","og_locale":"ca_ES","og_type":"article","og_title":"Rumi App - Innogando","og_description":"Guanyat dispers? Rumi App avisa 48h abans de s\u00edmptomes, detecta gelosia i evita fuites. Tota la informaci\u00f3 de la teva granja al teu smartphone.","og_url":"https:\/\/innogando.com\/ca\/rumi-app\/","og_site_name":"Innogando","article_publisher":"https:\/\/www.facebook.com\/innogando?locale=es_ES","article_modified_time":"2025-06-24T14:37:47+00:00","og_image":[{"width":1200,"height":675,"url":"https:\/\/innogando.com\/wp-content\/uploads\/2025\/04\/vacas-rumi-app.jpg","type":"image\/jpeg"}],"twitter_card":"summary_large_image","twitter_site":"@innogando","twitter_misc":{"Temps estimat de lectura":"4 minuts"},"schema":{"@context":"https:\/\/schema.org","@graph":[{"@type":"WebPage","@id":"https:\/\/innogando.com\/ca\/rumi-app\/","url":"https:\/\/innogando.com\/ca\/rumi-app\/","name":"Rumi App - Innogando","isPartOf":{"@id":"https:\/\/innogando.com\/#website"},"datePublished":"2025-05-01T13:07:18+00:00","dateModified":"2025-06-24T14:37:47+00:00","description":"Guanyat dispers? Rumi App avisa 48h abans de s\u00edmptomes, detecta gelosia i evita fuites. Tota la informaci\u00f3 de la teva granja al teu smartphone.","breadcrumb":{"@id":"https:\/\/innogando.com\/ca\/rumi-app\/#breadcrumb"},"inLanguage":"ca","potentialAction":[{"@type":"ReadAction","target":["https:\/\/innogando.com\/ca\/rumi-app\/"]}]},{"@type":"BreadcrumbList","@id":"https:\/\/innogando.com\/ca\/rumi-app\/#breadcrumb","itemListElement":[{"@type":"ListItem","position":1,"name":"Portada","item":"https:\/\/innogando.com\/ca\/"},{"@type":"ListItem","position":2,"name":"Rumi App"}]},{"@type":"WebSite","@id":"https:\/\/innogando.com\/#website","url":"https:\/\/innogando.com\/","name":"Innogando","description":"Utilizamos la tecnolog\u00eda aplicada al ganado vacuno para ofrecer a los ganaderos una mayor rentabilidad de su explotaci\u00f3n","publisher":{"@id":"https:\/\/innogando.com\/#organization"},"potentialAction":[{"@type":"SearchAction","target":{"@type":"EntryPoint","urlTemplate":"https:\/\/innogando.com\/?s={search_term_string}"},"query-input":{"@type":"PropertyValueSpecification","valueRequired":true,"valueName":"search_term_string"}}],"inLanguage":"ca"},{"@type":"Organization","@id":"https:\/\/innogando.com\/#organization","name":"Innogando","url":"https:\/\/innogando.com\/","logo":{"@type":"ImageObject","inLanguage":"ca","@id":"https:\/\/innogando.com\/#\/schema\/logo\/image\/","url":"https:\/\/innogando.com\/wp-content\/uploads\/2025\/03\/innogando-logo.png","contentUrl":"https:\/\/innogando.com\/wp-content\/uploads\/2025\/03\/innogando-logo.png","width":234,"height":200,"caption":"Innogando"},"image":{"@id":"https:\/\/innogando.com\/#\/schema\/logo\/image\/"},"sameAs":["https:\/\/www.facebook.com\/innogando?locale=es_ES","https:\/\/x.com\/innogando","https:\/\/www.instagram.com\/innogando\/","https:\/\/www.youtube.com\/@innogando2463","https:\/\/www.linkedin.com\/company\/innogando\/","https:\/\/www.tiktok.com\/@innogando"]}]}},"_links":{"self":[{"href":"https:\/\/innogando.com\/ca\/wp-json\/wp\/v2\/pages\/3308","targetHints":{"allow":["GET"]}}],"collection":[{"href":"https:\/\/innogando.com\/ca\/wp-json\/wp\/v2\/pages"}],"about":[{"href":"https:\/\/innogando.com\/ca\/wp-json\/wp\/v2\/types\/page"}],"author":[{"embeddable":true,"href":"https:\/\/innogando.com\/ca\/wp-json\/wp\/v2\/users\/5"}],"replies":[{"embeddable":true,"href":"https:\/\/innogando.com\/ca\/wp-json\/wp\/v2\/comments?post=3308"}],"version-history":[{"count":11,"href":"https:\/\/innogando.com\/ca\/wp-json\/wp\/v2\/pages\/3308\/revisions"}],"predecessor-version":[{"id":4225,"href":"https:\/\/innogando.com\/ca\/wp-json\/wp\/v2\/pages\/3308\/revisions\/4225"}],"wp:attachment":[{"href":"https:\/\/innogando.com\/ca\/wp-json\/wp\/v2\/media?parent=3308"}],"curies":[{"name":"wp","href":"https:\/\/api.w.org\/{rel}","templated":true}]}}