{"id":3139,"date":"2025-04-01T19:38:05","date_gmt":"2025-04-01T19:38:05","guid":{"rendered":"https:\/\/innogando.com\/rumi-llet\/"},"modified":"2025-06-24T14:37:48","modified_gmt":"2025-06-24T14:37:48","slug":"rumi-llet","status":"publish","type":"page","link":"https:\/\/innogando.com\/ca\/rumi-llet\/","title":{"rendered":"Rumi Llet"},"content":{"rendered":"<div class=\"w-text\"><span class=\"w-text-h\"><span class=\"w-text-value\">Aconsegueix una sincronitzaci\u00f3 fluida de dades, evitant duplicitats i facilitant una gesti\u00f3 m\u00e9s eficient del ramat, centralitzant tota la informaci\u00f3 rellevant en un \u00fanic entorn de treball. Aix\u00ed, el ramader pot prendre decisions m\u00e9s r\u00e0pides i fonamentades <\/span><\/span><\/div><section class=\"l-section wpb_row us_custom_ba6d3d90 height_custom with_shape\"><div class=\"l-section-overlay\" style=\"background:rgba(0,0,0,0.55)\"><\/div><div class=\"l-section-shape type_triangle-2 pos_bottom on_front hor_flip\" style=\"height:10vmin;\"><svg xmlns=\"http:\/\/www.w3.org\/2000\/svg\" viewBox=\"0 0 64 8\" preserveAspectRatio=\"none\" width=\"100%\" height=\"100%\">\r\n\t<path fill=\"currentColor\" d=\"M64 8 L0 8 L0 0 L48 7.9 L64 0 Z\"\/>\r\n<\/svg><\/div><div class=\"l-section-h i-cf\"><div class=\"g-cols vc_row via_grid cols_3-2 laptops-cols_inherit tablets-cols_inherit mobiles-cols_1 valign_top type_default stacking_default\"><div class=\"wpb_column vc_column_container us_custom_eecd5a9b\"><div class=\"vc_column-inner\"><h1 class=\"w-text us_custom_836f727b has_text_color\"><span class=\"w-text-h\"><span class=\"w-text-value\">Rumi Dairy: Control intel\u00b7ligent del bov\u00ed de llet<\/span><\/span><\/h1><div class=\"wpb_text_column us_custom_836f727b has_text_color\"><div class=\"wpb_wrapper\"><p>Rumi Dairy \u00e9s la soluci\u00f3 ideal per millorar l \u201cefici\u00e8ncia de la teva explotaci\u00f3 de llet.<\/p>\n<p> Amb un <strong>sistema de monitoritzaci\u00f3 continu<\/strong> t\u201d ajuda a detectar gelosia, prevenir malalties i millorar els resultats reproductius sense esfor\u00e7.<\/p>\n<p> <strong>Cuida les teves vaques i guanya tranquil\u00b7litat cada dia<\/strong> .<\/p>\n<\/div><\/div><div class=\"w-btn-wrapper align_none\"><a class=\"w-btn us-btn-style_2\" href=\"https:\/\/innogando.com\/ca\/collarets-intelligents-per-a-vaques\/#probar-demo\"><span class=\"w-btn-label\">Sol\u00b7licitar una demo<\/span><\/a><\/div><div class=\"w-separator size_custom\" style=\"height:5vh\"><\/div><\/div><\/div><div class=\"wpb_column vc_column_container\"><div class=\"vc_column-inner\"><\/div><\/div><\/div><\/div><\/section><section class=\"l-section wpb_row height_custom\"><div class=\"l-section-h i-cf\"><div class=\"g-cols vc_row via_grid cols_1 laptops-cols_inherit tablets-cols_inherit mobiles-cols_1 valign_top type_default stacking_default\"><div class=\"wpb_column vc_column_container\"><div class=\"vc_column-inner\"><div class=\"w-video us_custom_fca8cc99 align_center ratio_16x9 has_border_radius\"><div class=\"w-video-h\"><video  preload=\"metadata\" playsinline autoplay loop><source type=\"video\/mp4\" src=\"https:\/\/innogando.com\/wp-content\/uploads\/2025\/05\/Video-Intensivo-WEB-2.mp4\" \/><\/video><\/div><div class=\"w-video-icon\" style=\"font-size:1.5rem;background:rgba(0,0,0,0.5);color:#fff\"><\/div><\/div><\/div><\/div><\/div><\/div><\/section><section class=\"l-section wpb_row us_custom_eac59c77 height_custom\"><div class=\"l-section-h i-cf\"><div class=\"g-cols vc_row via_grid cols_2 laptops-cols_inherit tablets-cols_inherit mobiles-cols_1 valign_middle type_default stacking_default\"><div class=\"wpb_column vc_column_container us_custom_eecd5a9b\"><div class=\"vc_column-inner\"><h2 class=\"w-text\"><span class=\"w-text-h\"><span class=\"w-text-value\">M\u00e9s control, m\u00e9s salut, m\u00e9s producci\u00f3<\/span><\/span><\/h2><div class=\"wpb_text_column\"><div class=\"wpb_wrapper\"><p>Amb Rumi Dairy pots saber qu\u00e8 passa dins la nau sense necessitat de ser-hi sempre present. Obt\u00e9 dades objectives i fiables sobre cada vaca per <strong>prendre millors decisions amb menys esfor\u00e7<\/strong> , amb aquesta tecnologia per detectar gelosia i malalties en vaques. <\/p>\n<p><strong>Tens vaques de llet a pasturatge?<\/strong><\/p>\n<\/div><\/div><div class=\"w-btn-wrapper align_none\"><a class=\"w-btn us-btn-style_2\" href=\"https:\/\/innogando.com\/ca\/contacte\/\"><span class=\"w-btn-label\">Consulta&apos;ns la millor opci\u00f3<\/span><\/a><\/div><\/div><\/div><div class=\"wpb_column vc_column_container\"><div class=\"vc_column-inner\"><div class=\"w-image us_custom_213e151c has_ratio align_center\"><div class=\"w-image-h\"><div style=\"padding-bottom:75%\"><\/div><img loading=\"lazy\" decoding=\"async\" width=\"800\" height=\"533\" src=\"https:\/\/innogando.com\/wp-content\/uploads\/2025\/05\/control-y-produccion.jpg\" class=\"attachment-large size-large\" alt=\"Obt\u00e9n datos objetivos y fiables sobre cada vaca\" loading=\"lazy\" \/><\/div><\/div><\/div><\/div><\/div><\/div><\/section><section class=\"l-section wpb_row height_custom\" id=\"section-04\"><div class=\"l-section-h i-cf\"><div class=\"g-cols vc_row via_grid cols_1 laptops-cols_inherit tablets-cols_inherit mobiles-cols_1 valign_top type_default stacking_default\"><div class=\"wpb_column vc_column_container\"><div class=\"vc_column-inner\"><h2 class=\"w-text us_custom_e22d6cb6\"><span class=\"w-text-h\"><span class=\"w-text-value\">Avantatges de Rumi Dairy per a la teva ramaderia<\/span><\/span><\/h2><div class=\"w-separator size_medium\"><\/div><div class=\"g-cols wpb_row via_grid cols_5 laptops-cols_inherit tablets-cols_1 mobiles-cols_1 valign_top type_default stacking_default\" style=\"--columns-gap:1.5rem;\"><div class=\"wpb_column vc_column_container us_custom_e668065f has_text_color has_bg_color\"><div class=\"vc_column-inner\"><div class=\"w-iconbox iconpos_top style_default color_primary align_center no_text no_title icontype_img\"><div class=\"w-iconbox-icon\" style=\"font-size:80px;\"><img decoding=\"async\" width=\"128\" height=\"128\" src=\"https:\/\/innogando.com\/wp-content\/uploads\/2025\/04\/bar-chart.png\" class=\"attachment-full size-full\" alt=\"Monitorizaci\u00f3n de la rumia y la actividad\" \/><\/div><div class=\"w-iconbox-meta\"><\/div><\/div><div class=\"w-separator size_small\"><\/div><h3 class=\"w-text\"><span class=\"w-text-h\"><span class=\"w-text-value\">Monitoritzaci\u00f3 de la rumia i l&apos;activitat<\/span><\/span><\/h3><div class=\"wpb_text_column with_collapsible_content\" data-content-height=\"100px\"><div class=\"wpb_wrapper\"><p>Con\u00e9ixer l&#8217;activitat digestiva \u00e9s clau per anticipar-se a problemes de salut. Rumi Dairy registra la rumia i altres patrons de comportament perqu\u00e8 puguis <strong>actuar abans que sigui massa tard<\/strong><\/p>\n<\/div><div class=\"toggle-links align_none\"><button class=\"collapsible-content-more\">Mostra'n m\u00e9s<\/button><button class=\"collapsible-content-less\">Mostra menys<\/button><\/div><\/div><\/div><\/div><div class=\"wpb_column vc_column_container us_custom_e668065f has_text_color has_bg_color\"><div class=\"vc_column-inner\"><div class=\"w-iconbox iconpos_top style_default color_primary align_center no_text no_title icontype_img\"><div class=\"w-iconbox-icon\" style=\"font-size:80px;\"><img decoding=\"async\" width=\"128\" height=\"128\" src=\"https:\/\/innogando.com\/wp-content\/uploads\/2025\/04\/evaluacion.png\" class=\"attachment-full size-full\" alt=\"Detecci\u00f3n de celos autom\u00e1tica\" \/><\/div><div class=\"w-iconbox-meta\"><\/div><\/div><div class=\"w-separator size_small\"><\/div><h3 class=\"w-text\"><span class=\"w-text-h\"><span class=\"w-text-value\">Detecci\u00f3 de gelosia autom\u00e0tica<\/span><\/span><\/h3><div class=\"wpb_text_column with_collapsible_content\" data-content-height=\"100px\"><div class=\"wpb_wrapper\"><p>Oblida \u201ct de perdre cicles. Rep alertes quan es detecten signes de zel i millora l\u201d efici\u00e8ncia reproductiva del teu ramat.<\/p>\n<\/div><div class=\"toggle-links align_none\"><button class=\"collapsible-content-more\">Mostra'n m\u00e9s<\/button><button class=\"collapsible-content-less\">Mostra menys<\/button><\/div><\/div><\/div><\/div><div class=\"wpb_column vc_column_container us_custom_e668065f has_text_color has_bg_color\"><div class=\"vc_column-inner\"><div class=\"w-iconbox iconpos_top style_default color_primary align_center no_text no_title icontype_img\"><div class=\"w-iconbox-icon\" style=\"font-size:80px;\"><img decoding=\"async\" width=\"128\" height=\"128\" src=\"https:\/\/innogando.com\/wp-content\/uploads\/2025\/04\/prevencion.png\" class=\"attachment-full size-full\" alt=\"Prevenci\u00f3n de enfermedades\" \/><\/div><div class=\"w-iconbox-meta\"><\/div><\/div><div class=\"w-separator size_small\"><\/div><h3 class=\"w-text us_custom_676c3de3\"><span class=\"w-text-h\"><span class=\"w-text-value\">Prevenci\u00f3 de malalties<\/span><\/span><\/h3><div class=\"wpb_text_column with_collapsible_content\" data-content-height=\"100px\"><div class=\"wpb_wrapper\"><p>Identifica canvis al comportament que poden indicar l \u201cinici d\u201d un problema. Actuar a temps redueix costos veterinaris i millora el benestar animal.<\/p>\n<\/div><div class=\"toggle-links align_none\"><button class=\"collapsible-content-more\">Mostra'n m\u00e9s<\/button><button class=\"collapsible-content-less\">Mostra menys<\/button><\/div><\/div><\/div><\/div><div class=\"wpb_column vc_column_container us_custom_e668065f has_text_color has_bg_color\"><div class=\"vc_column-inner\"><div class=\"w-iconbox iconpos_top style_default color_primary align_center no_text no_title icontype_img\"><div class=\"w-iconbox-icon\" style=\"font-size:80px;\"><img loading=\"lazy\" decoding=\"async\" width=\"128\" height=\"128\" src=\"https:\/\/innogando.com\/wp-content\/uploads\/2025\/04\/bateria-llena.png\" class=\"attachment-full size-full\" alt=\"Bater\u00eda de gran autonom\u00eda\" \/><\/div><div class=\"w-iconbox-meta\"><\/div><\/div><div class=\"w-separator size_small\"><\/div><h3 class=\"w-text us_custom_676c3de3\"><span class=\"w-text-h\"><span class=\"w-text-value\">Bateria de gran autonomia<\/span><\/span><\/h3><div class=\"wpb_text_column with_collapsible_content\" data-content-height=\"100px\"><div class=\"wpb_wrapper\"><p>Dissenyat espec\u00edficament per a entorns estabulats, Rumi Dairy \u00e9s una soluci\u00f3 m\u00e9s lleugera, precisa i adaptada a la teva granja de bov\u00ed de llet. La seva autonomia arriba als 5 i fins i tot 7 anys.<\/p>\n<\/div><div class=\"toggle-links align_none\"><button class=\"collapsible-content-more\">Mostra'n m\u00e9s<\/button><button class=\"collapsible-content-less\">Mostra menys<\/button><\/div><\/div><\/div><\/div><div class=\"wpb_column vc_column_container us_custom_e668065f has_text_color has_bg_color\"><div class=\"vc_column-inner\"><div class=\"w-iconbox iconpos_top style_default color_primary align_center no_text no_title icontype_img\"><div class=\"w-iconbox-icon\" style=\"font-size:80px;\"><img loading=\"lazy\" decoding=\"async\" width=\"128\" height=\"128\" src=\"https:\/\/innogando.com\/wp-content\/uploads\/2025\/04\/comprobado.png\" class=\"attachment-full size-full\" alt=\"Tranquilidad para el ganadero\" \/><\/div><div class=\"w-iconbox-meta\"><\/div><\/div><div class=\"w-separator size_small\"><\/div><h3 class=\"w-text us_custom_99b3ab14\"><span class=\"w-text-h\"><span class=\"w-text-value\">Tranquil\u00b7litat per al ramader<\/span><\/span><\/h3><div class=\"wpb_text_column with_collapsible_content\" data-content-height=\"100px\"><div class=\"wpb_wrapper\"><p>Menys incertesa, m\u00e9s informaci\u00f3. Tens el control del ramat des del teu m\u00f2bil o PC, siguis on siguis.<\/p>\n<\/div><div class=\"toggle-links align_none\"><button class=\"collapsible-content-more\">Mostra'n m\u00e9s<\/button><button class=\"collapsible-content-less\">Mostra menys<\/button><\/div><\/div><\/div><\/div><\/div><\/div><\/div><\/div><\/div><\/section><section class=\"l-section wpb_row us_custom_eac59c77 height_custom\"><div class=\"l-section-h i-cf\"><div class=\"g-cols vc_row via_grid cols_2 laptops-cols_inherit tablets-cols_inherit mobiles-cols_1 valign_middle type_default stacking_default\"><div class=\"wpb_column vc_column_container\"><div class=\"vc_column-inner\"><div class=\"w-image align_center\"><div class=\"w-image-h\"><img loading=\"lazy\" decoding=\"async\" width=\"800\" height=\"668\" src=\"https:\/\/innogando.com\/wp-content\/uploads\/2025\/05\/funcionamiento-rumy-dairy.png\" class=\"attachment-large size-large\" alt=\"Cada vaca lleva un collar inteligente que mide su rumia\" loading=\"lazy\" srcset=\"https:\/\/innogando.com\/wp-content\/uploads\/2025\/05\/funcionamiento-rumy-dairy.png 800w, https:\/\/innogando.com\/wp-content\/uploads\/2025\/05\/funcionamiento-rumy-dairy-300x251.png 300w\" sizes=\"auto, (max-width: 800px) 100vw, 800px\" \/><\/div><\/div><\/div><\/div><div class=\"wpb_column vc_column_container us_custom_eeb3f3af\"><div class=\"vc_column-inner\"><h2 class=\"w-text us_custom_eecd5a9b\"><span class=\"w-text-h\"><span class=\"w-text-value\">\u00bf Com funciona Rumi Dairy?<\/span><\/span><\/h2><div class=\"wpb_text_column us_custom_eecd5a9b\"><div class=\"wpb_wrapper\"><p>Cada vaca porta un collaret intel\u00b7ligent que mesura la seva rumia, 4 activitats i possibles alteracions. Aquesta informaci\u00f3 es transmet autom\u00e0ticament a Rumi App, on podeu consultar l&#8217;estat de cada animal i rebre alertes quan alguna cosa no va b\u00e9. <\/p>\n<p><strong>Optimitza la teva explotaci\u00f3 lletera amb tecnologia f\u00e0cil i efica\u00e7.<\/strong><\/p>\n<p>Rumi Dairy est\u00e0 pensat per ajudar-te a:<\/p>\n<\/div><\/div><div class=\"wpb_text_column\"><div class=\"wpb_wrapper\"><ul>\n<li>Reduir l\u00fas dhormones i tractaments innecessaris.<\/li>\n<li>Millorar la taxa de prenyesa i el benestar animal.<\/li>\n<li>Estalviar temps i costos a la supervisi\u00f3 di\u00e0ria.<\/li>\n<\/ul>\n<\/div><\/div><\/div><\/div><\/div><\/div><\/section><section class=\"l-section wpb_row height_custom\"><div class=\"l-section-h i-cf\"><div class=\"g-cols vc_row via_grid cols_1 laptops-cols_inherit tablets-cols_inherit mobiles-cols_1 valign_top type_default stacking_default\"><div class=\"wpb_column vc_column_container\"><div class=\"vc_column-inner\"><div class=\"g-cols wpb_row via_grid cols_2 laptops-cols_inherit tablets-cols_inherit mobiles-cols_1 valign_top type_default stacking_default\" style=\"--columns-gap:3rem;\"><div class=\"wpb_column vc_column_container\"><div class=\"vc_column-inner\"><h2 class=\"w-text\"><span class=\"w-text-h\"><span class=\"w-text-value\">Integraci\u00f3 amb altres plataformes<\/span><\/span><\/h2><h3 class=\"w-text\"><span class=\"w-text-h\"><span class=\"w-text-value\">Rumi Dairy est\u00e0 dissenyat per adaptar-se a la realitat de les ramaderies de llet actuals.<\/span><\/span><\/h3><div class=\"wpb_text_column\"><div class=\"wpb_wrapper\"><p><strong>Tota la informaci\u00f3 rellevant en un mateix lloc.<\/strong> Aconsegueix una sincronitzaci\u00f3 fluida de dades i gestiona m\u00e9s eficientment el teu ramat.<br \/>\n Entre les plataformes amb qu\u00e8 Rumi Dairy es pot integrar hi ha: <strong>GEA, Uniform i Gando.<\/strong><\/p>\n<p> <strong>Pren millors decisions i m\u00e9s r\u00e0pides.<\/strong><\/p>\n<\/div><\/div><div class=\"w-btn-wrapper align_none\"><a class=\"w-btn us-btn-style_1\" href=\"https:\/\/innogando.com\/ca\/contacte\/\"><span class=\"w-btn-label\">Descobreix Rumi Dairy<\/span><\/a><\/div><\/div><\/div><div class=\"wpb_column vc_column_container\"><div class=\"vc_column-inner\"><div class=\"w-image us_custom_e8fa2e72 align_right\"><div class=\"w-image-h\"><img loading=\"lazy\" decoding=\"async\" width=\"1020\" height=\"813\" src=\"https:\/\/innogando.com\/wp-content\/uploads\/2025\/05\/Compatibilidad-1.png\" class=\"attachment-large size-large\" alt=\"\" loading=\"lazy\" srcset=\"https:\/\/innogando.com\/wp-content\/uploads\/2025\/05\/Compatibilidad-1.png 1020w, https:\/\/innogando.com\/wp-content\/uploads\/2025\/05\/Compatibilidad-1-300x239.png 300w\" sizes=\"auto, (max-width: 1020px) 100vw, 1020px\" \/><\/div><\/div><\/div><\/div><\/div><\/div><\/div><\/div><\/div><\/section><section class=\"l-section wpb_row us_custom_628f0c86 has_text_color height_custom width_custom\" style=\"--site-content-width:1300px;\"><div class=\"l-section-h i-cf\"><div class=\"g-cols vc_row via_grid cols_3-1 laptops-cols_inherit tablets-cols_inherit mobiles-cols_1 valign_middle type_default stacking_default\"><div class=\"wpb_column vc_column_container\"><div class=\"vc_column-inner\"><h2 class=\"w-text\"><span class=\"w-text-h\"><span class=\"w-text-value\">Comen\u00e7a a millorar el rendiment de la teva ramaderia avui mateix<\/span><\/span><\/h2><div class=\"wpb_text_column\"><div class=\"wpb_wrapper\"><p>Demana una demostraci\u00f3 sense comprom\u00eds i descobreix com Rumi Dairy pot millorar la producci\u00f3 lletera amb tecnologia.<\/p>\n<\/div><\/div><\/div><\/div><div class=\"wpb_column vc_column_container\"><div class=\"vc_column-inner\"><div class=\"w-btn-wrapper align_center\"><a class=\"w-btn us-btn-style_6\" href=\"https:\/\/innogando.com\/ca\/collarets-intelligents-per-a-vaques\/#probar-demo\"><span class=\"w-btn-label\">Sol\u00b7licitar una demo<\/span><\/a><\/div><\/div><\/div><\/div><\/div><\/section>\n","protected":false},"excerpt":{"rendered":"Aconsegueix una sincronitzaci\u00f3 fluida de dades, evitant duplicitats i facilitant una gesti\u00f3 m\u00e9s eficient del ramat, centralitzant tota la informaci\u00f3 rellevant en un \u00fanic entorn de treball. Aix\u00ed, el ramader pot prendre decisions m\u00e9s r\u00e0pides i fonamentades Rumi Dairy: Control intel\u00b7ligent del bov\u00ed de lletRumi Dairy \u00e9s la soluci\u00f3 ideal per millorar l \u201cefici\u00e8ncia de...","protected":false},"author":5,"featured_media":0,"parent":0,"menu_order":0,"comment_status":"closed","ping_status":"closed","template":"","meta":{"_monsterinsights_skip_tracking":false,"_monsterinsights_sitenote_active":false,"_monsterinsights_sitenote_note":"","_monsterinsights_sitenote_category":0,"_joinchat":[],"footnotes":""},"class_list":["post-3139","page","type-page","status-publish","hentry"],"yoast_head":"<!-- This site is optimized with the Yoast SEO plugin v24.6 - https:\/\/yoast.com\/wordpress\/plugins\/seo\/ -->\n<title>RUMI Llet \u00b7 Tecnologia per a Bov\u00ed Lleter Intel\u00b7ligent<\/title>\n<meta name=\"description\" content=\"Vaques en pasturatge? Rumi Dairy detecta gelosia, malalties i millora la reproducci\u00f3 amb dades en temps real. Tecnologia f\u00e0cil per a ramaders\" \/>\n<meta name=\"robots\" content=\"index, follow, max-snippet:-1, max-image-preview:large, max-video-preview:-1\" \/>\n<link rel=\"canonical\" href=\"https:\/\/innogando.com\/ca\/rumi-llet\/\" \/>\n<meta property=\"og:locale\" content=\"ca_ES\" \/>\n<meta property=\"og:type\" content=\"article\" \/>\n<meta property=\"og:title\" content=\"RUMI Llet \u00b7 Tecnologia per a Bov\u00ed Lleter Intel\u00b7ligent\" \/>\n<meta property=\"og:description\" content=\"Vaques en pasturatge? Rumi Dairy detecta gelosia, malalties i millora la reproducci\u00f3 amb dades en temps real. Tecnologia f\u00e0cil per a ramaders\" \/>\n<meta property=\"og:url\" content=\"https:\/\/innogando.com\/ca\/rumi-llet\/\" \/>\n<meta property=\"og:site_name\" content=\"Innogando\" \/>\n<meta property=\"article:publisher\" content=\"https:\/\/www.facebook.com\/innogando?locale=es_ES\" \/>\n<meta property=\"article:modified_time\" content=\"2025-06-24T14:37:48+00:00\" \/>\n<meta property=\"og:image\" content=\"https:\/\/innogando.com\/wp-content\/uploads\/2025\/04\/vacas-rumi-app.jpg\" \/>\n\t<meta property=\"og:image:width\" content=\"1200\" \/>\n\t<meta property=\"og:image:height\" content=\"675\" \/>\n\t<meta property=\"og:image:type\" content=\"image\/jpeg\" \/>\n<meta name=\"twitter:card\" content=\"summary_large_image\" \/>\n<meta name=\"twitter:site\" content=\"@innogando\" \/>\n<meta name=\"twitter:label1\" content=\"Temps estimat de lectura\" \/>\n\t<meta name=\"twitter:data1\" content=\"9 minuts\" \/>\n<script type=\"application\/ld+json\" class=\"yoast-schema-graph\">{\"@context\":\"https:\/\/schema.org\",\"@graph\":[{\"@type\":\"WebPage\",\"@id\":\"https:\/\/innogando.com\/ca\/rumi-llet\/\",\"url\":\"https:\/\/innogando.com\/ca\/rumi-llet\/\",\"name\":\"RUMI Llet \u00b7 Tecnologia per a Bov\u00ed Lleter Intel\u00b7ligent\",\"isPartOf\":{\"@id\":\"https:\/\/innogando.com\/#website\"},\"datePublished\":\"2025-04-01T19:38:05+00:00\",\"dateModified\":\"2025-06-24T14:37:48+00:00\",\"description\":\"Vaques en pasturatge? Rumi Dairy detecta gelosia, malalties i millora la reproducci\u00f3 amb dades en temps real. Tecnologia f\u00e0cil per a ramaders\",\"breadcrumb\":{\"@id\":\"https:\/\/innogando.com\/ca\/rumi-llet\/#breadcrumb\"},\"inLanguage\":\"ca\",\"potentialAction\":[{\"@type\":\"ReadAction\",\"target\":[\"https:\/\/innogando.com\/ca\/rumi-llet\/\"]}]},{\"@type\":\"BreadcrumbList\",\"@id\":\"https:\/\/innogando.com\/ca\/rumi-llet\/#breadcrumb\",\"itemListElement\":[{\"@type\":\"ListItem\",\"position\":1,\"name\":\"Portada\",\"item\":\"https:\/\/innogando.com\/ca\/\"},{\"@type\":\"ListItem\",\"position\":2,\"name\":\"Rumi Llet\"}]},{\"@type\":\"WebSite\",\"@id\":\"https:\/\/innogando.com\/#website\",\"url\":\"https:\/\/innogando.com\/\",\"name\":\"Innogando\",\"description\":\"Utilizamos la tecnolog\u00eda aplicada al ganado vacuno para ofrecer a los ganaderos una mayor rentabilidad de su explotaci\u00f3n\",\"publisher\":{\"@id\":\"https:\/\/innogando.com\/#organization\"},\"potentialAction\":[{\"@type\":\"SearchAction\",\"target\":{\"@type\":\"EntryPoint\",\"urlTemplate\":\"https:\/\/innogando.com\/?s={search_term_string}\"},\"query-input\":{\"@type\":\"PropertyValueSpecification\",\"valueRequired\":true,\"valueName\":\"search_term_string\"}}],\"inLanguage\":\"ca\"},{\"@type\":\"Organization\",\"@id\":\"https:\/\/innogando.com\/#organization\",\"name\":\"Innogando\",\"url\":\"https:\/\/innogando.com\/\",\"logo\":{\"@type\":\"ImageObject\",\"inLanguage\":\"ca\",\"@id\":\"https:\/\/innogando.com\/#\/schema\/logo\/image\/\",\"url\":\"https:\/\/innogando.com\/wp-content\/uploads\/2025\/03\/innogando-logo.png\",\"contentUrl\":\"https:\/\/innogando.com\/wp-content\/uploads\/2025\/03\/innogando-logo.png\",\"width\":234,\"height\":200,\"caption\":\"Innogando\"},\"image\":{\"@id\":\"https:\/\/innogando.com\/#\/schema\/logo\/image\/\"},\"sameAs\":[\"https:\/\/www.facebook.com\/innogando?locale=es_ES\",\"https:\/\/x.com\/innogando\",\"https:\/\/www.instagram.com\/innogando\/\",\"https:\/\/www.youtube.com\/@innogando2463\",\"https:\/\/www.linkedin.com\/company\/innogando\/\",\"https:\/\/www.tiktok.com\/@innogando\"]}]}<\/script>\n<!-- \/ Yoast SEO plugin. -->","yoast_head_json":{"title":"RUMI Llet \u00b7 Tecnologia per a Bov\u00ed Lleter Intel\u00b7ligent","description":"Vaques en pasturatge? Rumi Dairy detecta gelosia, malalties i millora la reproducci\u00f3 amb dades en temps real. Tecnologia f\u00e0cil per a ramaders","robots":{"index":"index","follow":"follow","max-snippet":"max-snippet:-1","max-image-preview":"max-image-preview:large","max-video-preview":"max-video-preview:-1"},"canonical":"https:\/\/innogando.com\/ca\/rumi-llet\/","og_locale":"ca_ES","og_type":"article","og_title":"RUMI Llet \u00b7 Tecnologia per a Bov\u00ed Lleter Intel\u00b7ligent","og_description":"Vaques en pasturatge? Rumi Dairy detecta gelosia, malalties i millora la reproducci\u00f3 amb dades en temps real. Tecnologia f\u00e0cil per a ramaders","og_url":"https:\/\/innogando.com\/ca\/rumi-llet\/","og_site_name":"Innogando","article_publisher":"https:\/\/www.facebook.com\/innogando?locale=es_ES","article_modified_time":"2025-06-24T14:37:48+00:00","og_image":[{"width":1200,"height":675,"url":"https:\/\/innogando.com\/wp-content\/uploads\/2025\/04\/vacas-rumi-app.jpg","type":"image\/jpeg"}],"twitter_card":"summary_large_image","twitter_site":"@innogando","twitter_misc":{"Temps estimat de lectura":"9 minuts"},"schema":{"@context":"https:\/\/schema.org","@graph":[{"@type":"WebPage","@id":"https:\/\/innogando.com\/ca\/rumi-llet\/","url":"https:\/\/innogando.com\/ca\/rumi-llet\/","name":"RUMI Llet \u00b7 Tecnologia per a Bov\u00ed Lleter Intel\u00b7ligent","isPartOf":{"@id":"https:\/\/innogando.com\/#website"},"datePublished":"2025-04-01T19:38:05+00:00","dateModified":"2025-06-24T14:37:48+00:00","description":"Vaques en pasturatge? Rumi Dairy detecta gelosia, malalties i millora la reproducci\u00f3 amb dades en temps real. Tecnologia f\u00e0cil per a ramaders","breadcrumb":{"@id":"https:\/\/innogando.com\/ca\/rumi-llet\/#breadcrumb"},"inLanguage":"ca","potentialAction":[{"@type":"ReadAction","target":["https:\/\/innogando.com\/ca\/rumi-llet\/"]}]},{"@type":"BreadcrumbList","@id":"https:\/\/innogando.com\/ca\/rumi-llet\/#breadcrumb","itemListElement":[{"@type":"ListItem","position":1,"name":"Portada","item":"https:\/\/innogando.com\/ca\/"},{"@type":"ListItem","position":2,"name":"Rumi Llet"}]},{"@type":"WebSite","@id":"https:\/\/innogando.com\/#website","url":"https:\/\/innogando.com\/","name":"Innogando","description":"Utilizamos la tecnolog\u00eda aplicada al ganado vacuno para ofrecer a los ganaderos una mayor rentabilidad de su explotaci\u00f3n","publisher":{"@id":"https:\/\/innogando.com\/#organization"},"potentialAction":[{"@type":"SearchAction","target":{"@type":"EntryPoint","urlTemplate":"https:\/\/innogando.com\/?s={search_term_string}"},"query-input":{"@type":"PropertyValueSpecification","valueRequired":true,"valueName":"search_term_string"}}],"inLanguage":"ca"},{"@type":"Organization","@id":"https:\/\/innogando.com\/#organization","name":"Innogando","url":"https:\/\/innogando.com\/","logo":{"@type":"ImageObject","inLanguage":"ca","@id":"https:\/\/innogando.com\/#\/schema\/logo\/image\/","url":"https:\/\/innogando.com\/wp-content\/uploads\/2025\/03\/innogando-logo.png","contentUrl":"https:\/\/innogando.com\/wp-content\/uploads\/2025\/03\/innogando-logo.png","width":234,"height":200,"caption":"Innogando"},"image":{"@id":"https:\/\/innogando.com\/#\/schema\/logo\/image\/"},"sameAs":["https:\/\/www.facebook.com\/innogando?locale=es_ES","https:\/\/x.com\/innogando","https:\/\/www.instagram.com\/innogando\/","https:\/\/www.youtube.com\/@innogando2463","https:\/\/www.linkedin.com\/company\/innogando\/","https:\/\/www.tiktok.com\/@innogando"]}]}},"_links":{"self":[{"href":"https:\/\/innogando.com\/ca\/wp-json\/wp\/v2\/pages\/3139","targetHints":{"allow":["GET"]}}],"collection":[{"href":"https:\/\/innogando.com\/ca\/wp-json\/wp\/v2\/pages"}],"about":[{"href":"https:\/\/innogando.com\/ca\/wp-json\/wp\/v2\/types\/page"}],"author":[{"embeddable":true,"href":"https:\/\/innogando.com\/ca\/wp-json\/wp\/v2\/users\/5"}],"replies":[{"embeddable":true,"href":"https:\/\/innogando.com\/ca\/wp-json\/wp\/v2\/comments?post=3139"}],"version-history":[{"count":9,"href":"https:\/\/innogando.com\/ca\/wp-json\/wp\/v2\/pages\/3139\/revisions"}],"predecessor-version":[{"id":4276,"href":"https:\/\/innogando.com\/ca\/wp-json\/wp\/v2\/pages\/3139\/revisions\/4276"}],"wp:attachment":[{"href":"https:\/\/innogando.com\/ca\/wp-json\/wp\/v2\/media?parent=3139"}],"curies":[{"name":"wp","href":"https:\/\/api.w.org\/{rel}","templated":true}]}}