{"id":3105,"date":"2025-03-14T21:08:54","date_gmt":"2025-03-14T21:08:54","guid":{"rendered":"https:\/\/innogando.com\/politica-de-privadesa\/"},"modified":"2025-06-24T14:37:46","modified_gmt":"2025-06-24T14:37:46","slug":"politica-de-privadesa","status":"publish","type":"page","link":"https:\/\/innogando.com\/ca\/politica-de-privadesa\/","title":{"rendered":"Pol\u00edtica de privadesa"},"content":{"rendered":"<section class=\"l-section wpb_row us_custom_278d8c57 height_custom\"><div class=\"l-section-h i-cf\"><div class=\"g-cols vc_row via_grid cols_1 laptops-cols_inherit tablets-cols_inherit mobiles-cols_1 valign_top type_default stacking_default\"><div class=\"wpb_column vc_column_container\"><div class=\"vc_column-inner\"><h2 class=\"w-text\"><span class=\"w-text-h\"><span class=\"w-text-value\">Informaci\u00f3 sobre Protecci\u00f3 de Dades<\/span><\/span><\/h2><\/div><\/div><\/div><\/div><\/section><section class=\"l-section wpb_row us_custom_19737bc8 height_custom\"><div class=\"l-section-h i-cf\"><div class=\"g-cols vc_row via_grid cols_1 laptops-cols_inherit tablets-cols_inherit mobiles-cols_1 valign_top type_default stacking_default\"><div class=\"wpb_column vc_column_container\"><div class=\"vc_column-inner\"><div class=\"g-cols wpb_row via_grid cols_1-3 laptops-cols_inherit tablets-cols_inherit mobiles-cols_1 valign_top type_default stacking_default\" style=\"--columns-gap:3rem;--laptops-columns-gap:3rem;--tablets-columns-gap:3rem;--mobiles-columns-gap:1.5rem;\"><div class=\"wpb_column vc_column_container\"><div class=\"vc_column-inner\"><p class=\"w-text\"><span class=\"w-text-h\"><span class=\"w-text-value\">Responsable<\/span><\/span><\/p><\/div><\/div><div class=\"wpb_column vc_column_container\"><div class=\"vc_column-inner\"><div class=\"wpb_text_column\"><div class=\"wpb_wrapper\"><p><strong>Qui \u00e9s el responsable del tractament de les vostres dades?<\/strong><br \/>\n<strong>Identitat<\/strong> : INNOGANDO SL<br \/>\n<strong>Dir. Postal <\/strong>: LG. A GRA\u00d1A, SN \u2013 27730 ABADIN (Lugo)<br \/>\n<strong>Tel\u00e8fon<\/strong> : 644 58 62 45<br \/>\n<strong>Correu electr\u00f2nic<\/strong> : hola@innogando.com<br \/>\n Delegat de protecci\u00f3 de dades:<\/p>\n<\/div><\/div><\/div><\/div><\/div><div class=\"g-cols wpb_row us_custom_cdf14ffd via_grid cols_1-3 laptops-cols_inherit tablets-cols_inherit mobiles-cols_1 valign_top type_default stacking_default\" style=\"--columns-gap:3rem;--laptops-columns-gap:3rem;--tablets-columns-gap:3rem;--mobiles-columns-gap:1.5rem;\"><div class=\"wpb_column vc_column_container\"><div class=\"vc_column-inner\"><p class=\"w-text\"><span class=\"w-text-h\"><span class=\"w-text-value\">Finalitat<\/span><\/span><\/p><\/div><\/div><div class=\"wpb_column vc_column_container\"><div class=\"vc_column-inner\"><div class=\"wpb_text_column\"><div class=\"wpb_wrapper\"><p><strong>Amb quina finalitat tractem les vostres dades personals?<\/strong><br \/>\n <strong>Si ets client<\/strong> :<br \/>\n Tractem la informaci\u00f3 amb la finalitat de possibilitar la prestaci\u00f3 adequada del servei concertat, la facturaci\u00f3, el desenvolupament d \u201caccions comercials i l\u201d oferta i\/o contractaci\u00f3 de productes i serveis.<\/p>\n<p> <strong>Si t \u201chas contactat amb nosaltres<\/strong> :<br \/>\n Tractem la informaci\u00f3 gestionar la consulta, queixa, suggeriment i\/o reclamaci\u00f3.<\/p>\n<p> <strong>Si ets candidat<\/strong> :<br \/>\n Tractem la informaci\u00f3 per gestionar la relaci\u00f3 amb els candidats que opten a un lloc vacant a l\u201d empresa.<\/p>\n<\/div><\/div><\/div><\/div><\/div><div class=\"g-cols wpb_row us_custom_cdf14ffd via_grid cols_1-3 laptops-cols_inherit tablets-cols_inherit mobiles-cols_1 valign_top type_default stacking_default\" style=\"--columns-gap:3rem;--laptops-columns-gap:3rem;--tablets-columns-gap:3rem;--mobiles-columns-gap:1.5rem;\"><div class=\"wpb_column vc_column_container\"><div class=\"vc_column-inner\"><p class=\"w-text\"><span class=\"w-text-h\"><span class=\"w-text-value\">Temps<\/span><\/span><\/p><\/div><\/div><div class=\"wpb_column vc_column_container\"><div class=\"vc_column-inner\"><div class=\"wpb_text_column\"><div class=\"wpb_wrapper\"><p><strong>Per quant de temps conservarem les vostres dades?<\/strong><br \/>\nLes dades personals proporcionades es conservaran mentre es mantingui la relaci\u00f3 comercial i no se \u201cn sol\u00b7liciti la supressi\u00f3 per part de l\u201d interessat. Tenint en compte els terminis previstos per la legislaci\u00f3 respecte de la prescripci\u00f3 de responsabilitats.<\/p>\n<\/div><\/div><\/div><\/div><\/div><div class=\"g-cols wpb_row us_custom_cdf14ffd via_grid cols_1-3 laptops-cols_inherit tablets-cols_inherit mobiles-cols_1 valign_top type_default stacking_default\" style=\"--columns-gap:3rem;--laptops-columns-gap:3rem;--tablets-columns-gap:3rem;--mobiles-columns-gap:1.5rem;\"><div class=\"wpb_column vc_column_container\"><div class=\"vc_column-inner\"><p class=\"w-text\"><span class=\"w-text-h\"><span class=\"w-text-value\">Legitimaci\u00f3<\/span><\/span><\/p><\/div><\/div><div class=\"wpb_column vc_column_container\"><div class=\"vc_column-inner\"><div class=\"wpb_text_column\"><div class=\"wpb_wrapper\"><p><strong>Quina \u00e9s la legitimaci\u00f3 per al tractament de les vostres dades?<\/strong><br \/>\nEns basem en el consentiment de linteressat i\/o lexecuci\u00f3 del contracte.<\/p>\n<\/div><\/div><\/div><\/div><\/div><div class=\"g-cols wpb_row us_custom_cdf14ffd via_grid cols_1-3 laptops-cols_inherit tablets-cols_inherit mobiles-cols_1 valign_top type_default stacking_default\" style=\"--columns-gap:3rem;--laptops-columns-gap:3rem;--tablets-columns-gap:3rem;--mobiles-columns-gap:1.5rem;\"><div class=\"wpb_column vc_column_container\"><div class=\"vc_column-inner\"><p class=\"w-text\"><span class=\"w-text-h\"><span class=\"w-text-value\">Destinataris<\/span><\/span><\/p><\/div><\/div><div class=\"wpb_column vc_column_container\"><div class=\"vc_column-inner\"><div class=\"wpb_text_column\"><div class=\"wpb_wrapper\"><p><strong>\u00bf A quins destinataris es comunicaran les vostres dades?<\/strong><br \/>\n Se cediran dades a tercers sempre que hi hagi una obligaci\u00f3 legal.<br \/>\n Podran tractar i\/o accedir a les seves dades els encarregats de tractament seg\u00fcents:<br \/>\n -Assessoria, amb la finalitat de prestar el servei de gesti\u00f3 i assessorament fiscal i comptable.<br \/>\n -Empreses de transport amb la finalitat de la realitzaci\u00f3 del lliurament de mercaderia.<br \/>\n -Empreses d \u201cinform\u00e0tica amb la finalitat del manteniment d\u201d aplicacions i sistemes<br \/>\n inform\u00e0tics.<br \/>\n -Empreses de consultoria, certificaci\u00f3 i\/o assessorament jur\u00eddic.<\/p>\n<\/div><\/div><\/div><\/div><\/div><div class=\"g-cols wpb_row us_custom_cdf14ffd via_grid cols_1-3 laptops-cols_inherit tablets-cols_inherit mobiles-cols_1 valign_top type_default stacking_default\" style=\"--columns-gap:3rem;--laptops-columns-gap:3rem;--tablets-columns-gap:3rem;--mobiles-columns-gap:1.5rem;\"><div class=\"wpb_column vc_column_container\"><div class=\"vc_column-inner\"><p class=\"w-text\"><span class=\"w-text-h\"><span class=\"w-text-value\">Drets<\/span><\/span><\/p><\/div><\/div><div class=\"wpb_column vc_column_container\"><div class=\"vc_column-inner\"><div class=\"wpb_text_column\"><div class=\"wpb_wrapper\"><p><strong>Quins s\u00f3n els vostres drets quant ens facilita les vostres dades?<\/strong><br \/>\nQualsevol persona t\u00e9 dret a obtenir confirmaci\u00f3 sobre si a la INNOGANDO SL estem tractant dades personals que els concerneixin, o no. T\u00e9 dret a sol\u00b7licitar l \u201cacc\u00e9s a les dades personals relatives a l\u201d interessat, la seva rectificaci\u00f3 o supressi\u00f3, la limitaci\u00f3 del tractament, oposar-se al tractament ia la<br \/>\n portabilitat de les dades. Us informem que teniu dret a retirar el consentiment que ens hagi estat atorgat en alguna finalitat espec\u00edfica; aix\u00ed com a presentar una reclamaci\u00f3 davant de qualsevol autoritat de control.<br \/>\n Podeu exercir els vostres drets de Protecci\u00f3 de Dades per escrit a LG. A GRA\u00d1A, SN \u2013 27730 ABADIN (Lugo).<\/p>\n<\/div><\/div><\/div><\/div><\/div><div class=\"g-cols wpb_row us_custom_cdf14ffd via_grid cols_1-3 laptops-cols_inherit tablets-cols_inherit mobiles-cols_1 valign_top type_default stacking_default\" style=\"--columns-gap:3rem;--laptops-columns-gap:3rem;--tablets-columns-gap:3rem;--mobiles-columns-gap:1.5rem;\"><div class=\"wpb_column vc_column_container\"><div class=\"vc_column-inner\"><p class=\"w-text\"><span class=\"w-text-h\"><span class=\"w-text-value\">Proced\u00e8ncia<\/span><\/span><\/p><\/div><\/div><div class=\"wpb_column vc_column_container\"><div class=\"vc_column-inner\"><div class=\"wpb_text_column\"><div class=\"wpb_wrapper\"><p><strong>\u00bf Com hem obtingut les vostres dades?<\/strong><br \/>\n Les dades s&#8217;han obtingut directament de l&#8217;interessat o el representant legal.<br \/>\n La categoria de dades que es fan servir s\u00f3n:<br \/>\n -D&#8217;identificaci\u00f3: nom i cognoms, NIF, adre\u00e7a postal, tel\u00e8fons, e-mail.<br \/>\n -Dades banc\u00e0ries: per a la domiciliaci\u00f3 de pagament.<br \/>\n -Els necessaris per al manteniment de la relaci\u00f3 comercial.<\/p>\n<\/div><\/div><\/div><\/div><\/div><div class=\"g-cols wpb_row us_custom_cdf14ffd via_grid cols_1-3 laptops-cols_inherit tablets-cols_inherit mobiles-cols_1 valign_top type_default stacking_default\" style=\"--columns-gap:3rem;--laptops-columns-gap:3rem;--tablets-columns-gap:3rem;--mobiles-columns-gap:1.5rem;\"><div class=\"wpb_column vc_column_container\"><div class=\"vc_column-inner\"><p class=\"w-text\"><span class=\"w-text-h\"><span class=\"w-text-value\">Informaci\u00f3 addicional<\/span><\/span><\/p><\/div><\/div><div class=\"wpb_column vc_column_container\"><div class=\"vc_column-inner\"><div class=\"wpb_text_column\"><div class=\"wpb_wrapper\"><p>INNOGANDO SL, quan actu\u00ef com a encarregat del tractament, utilitzar\u00e0 les dades de tercers amb la finalitat de prestar els serveis encomanats, tractant-los \u00fanicament segons les instruccions del Responsable del Tractament, comprometent-se a no aplicar-los ni utilitzar-los per a fins diferents, ni a comunicar-los a altres persones. INNOGANDO SL adoptar\u00e0 les mesures d \u201c\u00edndole t\u00e8cnica i organitzatives necess\u00e0ries per garantir la seguretat de les dades de car\u00e0cter personal, i que evitin la seva alteraci\u00f3, p\u00e8rdua, tractament o acc\u00e9s no autoritzat, tenint en compte l\u201d estat de la tecnologia, de la naturalesa de les dades i dels riscos a qu\u00e8 estan exposats, a la normativa vigent.<\/p>\n<\/div><\/div><\/div><\/div><\/div><\/div><\/div><\/div><\/div><\/section>\n","protected":false},"excerpt":{"rendered":"Informaci\u00f3 sobre Protecci\u00f3 de DadesResponsableQui \u00e9s el responsable del tractament de les vostres dades? Identitat : INNOGANDO SL Dir. Postal : LG. A GRA\u00d1A, SN \u2013 27730 ABADIN (Lugo) Tel\u00e8fon : 644 58 62 45 Correu electr\u00f2nic : hola@innogando.com Delegat de protecci\u00f3 de dades: FinalitatAmb quina finalitat tractem les vostres dades personals? Si ets client...","protected":false},"author":5,"featured_media":0,"parent":0,"menu_order":0,"comment_status":"closed","ping_status":"closed","template":"","meta":{"_monsterinsights_skip_tracking":false,"_monsterinsights_sitenote_active":false,"_monsterinsights_sitenote_note":"","_monsterinsights_sitenote_category":0,"_joinchat":[],"footnotes":""},"class_list":["post-3105","page","type-page","status-publish","hentry"],"yoast_head":"<!-- This site is optimized with the Yoast SEO plugin v24.6 - https:\/\/yoast.com\/wordpress\/plugins\/seo\/ -->\n<title>Pol\u00edtica de privadesa - Innogando<\/title>\n<meta name=\"description\" content=\"A Innogando busquem la teva confian\u00e7a. Per aix\u00f2, hem de comunicar-te que recollim certes dades dels nostres usuaris i posem a la teva disposici\u00f3 la nostra pol\u00edtica de privadesa perqu\u00e8 s\u00e0pigues quines i com les utilitzarem.\" \/>\n<meta name=\"robots\" content=\"noindex, follow\" \/>\n<meta property=\"og:locale\" content=\"ca_ES\" \/>\n<meta property=\"og:type\" content=\"article\" \/>\n<meta property=\"og:title\" content=\"Pol\u00edtica de privadesa - Innogando\" \/>\n<meta property=\"og:description\" content=\"A Innogando busquem la teva confian\u00e7a. Per aix\u00f2, hem de comunicar-te que recollim certes dades dels nostres usuaris i posem a la teva disposici\u00f3 la nostra pol\u00edtica de privadesa perqu\u00e8 s\u00e0pigues quines i com les utilitzarem.\" \/>\n<meta property=\"og:url\" content=\"https:\/\/innogando.com\/ca\/politica-de-privadesa\/\" \/>\n<meta property=\"og:site_name\" content=\"Innogando\" \/>\n<meta property=\"article:publisher\" content=\"https:\/\/www.facebook.com\/innogando?locale=es_ES\" \/>\n<meta property=\"article:modified_time\" content=\"2025-06-24T14:37:46+00:00\" \/>\n<meta property=\"og:image\" content=\"https:\/\/innogando.com\/wp-content\/uploads\/2025\/04\/vacas-rumi-app.jpg\" \/>\n\t<meta property=\"og:image:width\" content=\"1200\" \/>\n\t<meta property=\"og:image:height\" content=\"675\" \/>\n\t<meta property=\"og:image:type\" content=\"image\/jpeg\" \/>\n<meta name=\"twitter:card\" content=\"summary_large_image\" \/>\n<meta name=\"twitter:site\" content=\"@innogando\" \/>\n<meta name=\"twitter:label1\" content=\"Temps estimat de lectura\" \/>\n\t<meta name=\"twitter:data1\" content=\"6 minuts\" \/>\n<script type=\"application\/ld+json\" class=\"yoast-schema-graph\">{\"@context\":\"https:\/\/schema.org\",\"@graph\":[{\"@type\":\"WebPage\",\"@id\":\"https:\/\/innogando.com\/ca\/politica-de-privadesa\/\",\"url\":\"https:\/\/innogando.com\/ca\/politica-de-privadesa\/\",\"name\":\"Pol\u00edtica de privadesa - Innogando\",\"isPartOf\":{\"@id\":\"https:\/\/innogando.com\/#website\"},\"datePublished\":\"2025-03-14T21:08:54+00:00\",\"dateModified\":\"2025-06-24T14:37:46+00:00\",\"description\":\"A Innogando busquem la teva confian\u00e7a. Per aix\u00f2, hem de comunicar-te que recollim certes dades dels nostres usuaris i posem a la teva disposici\u00f3 la nostra pol\u00edtica de privadesa perqu\u00e8 s\u00e0pigues quines i com les utilitzarem.\",\"breadcrumb\":{\"@id\":\"https:\/\/innogando.com\/ca\/politica-de-privadesa\/#breadcrumb\"},\"inLanguage\":\"ca\",\"potentialAction\":[{\"@type\":\"ReadAction\",\"target\":[\"https:\/\/innogando.com\/ca\/politica-de-privadesa\/\"]}]},{\"@type\":\"BreadcrumbList\",\"@id\":\"https:\/\/innogando.com\/ca\/politica-de-privadesa\/#breadcrumb\",\"itemListElement\":[{\"@type\":\"ListItem\",\"position\":1,\"name\":\"Portada\",\"item\":\"https:\/\/innogando.com\/ca\/\"},{\"@type\":\"ListItem\",\"position\":2,\"name\":\"Pol\u00edtica de privadesa\"}]},{\"@type\":\"WebSite\",\"@id\":\"https:\/\/innogando.com\/#website\",\"url\":\"https:\/\/innogando.com\/\",\"name\":\"Innogando\",\"description\":\"Utilizamos la tecnolog\u00eda aplicada al ganado vacuno para ofrecer a los ganaderos una mayor rentabilidad de su explotaci\u00f3n\",\"publisher\":{\"@id\":\"https:\/\/innogando.com\/#organization\"},\"potentialAction\":[{\"@type\":\"SearchAction\",\"target\":{\"@type\":\"EntryPoint\",\"urlTemplate\":\"https:\/\/innogando.com\/?s={search_term_string}\"},\"query-input\":{\"@type\":\"PropertyValueSpecification\",\"valueRequired\":true,\"valueName\":\"search_term_string\"}}],\"inLanguage\":\"ca\"},{\"@type\":\"Organization\",\"@id\":\"https:\/\/innogando.com\/#organization\",\"name\":\"Innogando\",\"url\":\"https:\/\/innogando.com\/\",\"logo\":{\"@type\":\"ImageObject\",\"inLanguage\":\"ca\",\"@id\":\"https:\/\/innogando.com\/#\/schema\/logo\/image\/\",\"url\":\"https:\/\/innogando.com\/wp-content\/uploads\/2025\/03\/innogando-logo.png\",\"contentUrl\":\"https:\/\/innogando.com\/wp-content\/uploads\/2025\/03\/innogando-logo.png\",\"width\":234,\"height\":200,\"caption\":\"Innogando\"},\"image\":{\"@id\":\"https:\/\/innogando.com\/#\/schema\/logo\/image\/\"},\"sameAs\":[\"https:\/\/www.facebook.com\/innogando?locale=es_ES\",\"https:\/\/x.com\/innogando\",\"https:\/\/www.instagram.com\/innogando\/\",\"https:\/\/www.youtube.com\/@innogando2463\",\"https:\/\/www.linkedin.com\/company\/innogando\/\",\"https:\/\/www.tiktok.com\/@innogando\"]}]}<\/script>\n<!-- \/ Yoast SEO plugin. -->","yoast_head_json":{"title":"Pol\u00edtica de privadesa - Innogando","description":"A Innogando busquem la teva confian\u00e7a. Per aix\u00f2, hem de comunicar-te que recollim certes dades dels nostres usuaris i posem a la teva disposici\u00f3 la nostra pol\u00edtica de privadesa perqu\u00e8 s\u00e0pigues quines i com les utilitzarem.","robots":{"index":"noindex","follow":"follow"},"og_locale":"ca_ES","og_type":"article","og_title":"Pol\u00edtica de privadesa - Innogando","og_description":"A Innogando busquem la teva confian\u00e7a. Per aix\u00f2, hem de comunicar-te que recollim certes dades dels nostres usuaris i posem a la teva disposici\u00f3 la nostra pol\u00edtica de privadesa perqu\u00e8 s\u00e0pigues quines i com les utilitzarem.","og_url":"https:\/\/innogando.com\/ca\/politica-de-privadesa\/","og_site_name":"Innogando","article_publisher":"https:\/\/www.facebook.com\/innogando?locale=es_ES","article_modified_time":"2025-06-24T14:37:46+00:00","og_image":[{"width":1200,"height":675,"url":"https:\/\/innogando.com\/wp-content\/uploads\/2025\/04\/vacas-rumi-app.jpg","type":"image\/jpeg"}],"twitter_card":"summary_large_image","twitter_site":"@innogando","twitter_misc":{"Temps estimat de lectura":"6 minuts"},"schema":{"@context":"https:\/\/schema.org","@graph":[{"@type":"WebPage","@id":"https:\/\/innogando.com\/ca\/politica-de-privadesa\/","url":"https:\/\/innogando.com\/ca\/politica-de-privadesa\/","name":"Pol\u00edtica de privadesa - Innogando","isPartOf":{"@id":"https:\/\/innogando.com\/#website"},"datePublished":"2025-03-14T21:08:54+00:00","dateModified":"2025-06-24T14:37:46+00:00","description":"A Innogando busquem la teva confian\u00e7a. Per aix\u00f2, hem de comunicar-te que recollim certes dades dels nostres usuaris i posem a la teva disposici\u00f3 la nostra pol\u00edtica de privadesa perqu\u00e8 s\u00e0pigues quines i com les utilitzarem.","breadcrumb":{"@id":"https:\/\/innogando.com\/ca\/politica-de-privadesa\/#breadcrumb"},"inLanguage":"ca","potentialAction":[{"@type":"ReadAction","target":["https:\/\/innogando.com\/ca\/politica-de-privadesa\/"]}]},{"@type":"BreadcrumbList","@id":"https:\/\/innogando.com\/ca\/politica-de-privadesa\/#breadcrumb","itemListElement":[{"@type":"ListItem","position":1,"name":"Portada","item":"https:\/\/innogando.com\/ca\/"},{"@type":"ListItem","position":2,"name":"Pol\u00edtica de privadesa"}]},{"@type":"WebSite","@id":"https:\/\/innogando.com\/#website","url":"https:\/\/innogando.com\/","name":"Innogando","description":"Utilizamos la tecnolog\u00eda aplicada al ganado vacuno para ofrecer a los ganaderos una mayor rentabilidad de su explotaci\u00f3n","publisher":{"@id":"https:\/\/innogando.com\/#organization"},"potentialAction":[{"@type":"SearchAction","target":{"@type":"EntryPoint","urlTemplate":"https:\/\/innogando.com\/?s={search_term_string}"},"query-input":{"@type":"PropertyValueSpecification","valueRequired":true,"valueName":"search_term_string"}}],"inLanguage":"ca"},{"@type":"Organization","@id":"https:\/\/innogando.com\/#organization","name":"Innogando","url":"https:\/\/innogando.com\/","logo":{"@type":"ImageObject","inLanguage":"ca","@id":"https:\/\/innogando.com\/#\/schema\/logo\/image\/","url":"https:\/\/innogando.com\/wp-content\/uploads\/2025\/03\/innogando-logo.png","contentUrl":"https:\/\/innogando.com\/wp-content\/uploads\/2025\/03\/innogando-logo.png","width":234,"height":200,"caption":"Innogando"},"image":{"@id":"https:\/\/innogando.com\/#\/schema\/logo\/image\/"},"sameAs":["https:\/\/www.facebook.com\/innogando?locale=es_ES","https:\/\/x.com\/innogando","https:\/\/www.instagram.com\/innogando\/","https:\/\/www.youtube.com\/@innogando2463","https:\/\/www.linkedin.com\/company\/innogando\/","https:\/\/www.tiktok.com\/@innogando"]}]}},"_links":{"self":[{"href":"https:\/\/innogando.com\/ca\/wp-json\/wp\/v2\/pages\/3105","targetHints":{"allow":["GET"]}}],"collection":[{"href":"https:\/\/innogando.com\/ca\/wp-json\/wp\/v2\/pages"}],"about":[{"href":"https:\/\/innogando.com\/ca\/wp-json\/wp\/v2\/types\/page"}],"author":[{"embeddable":true,"href":"https:\/\/innogando.com\/ca\/wp-json\/wp\/v2\/users\/5"}],"replies":[{"embeddable":true,"href":"https:\/\/innogando.com\/ca\/wp-json\/wp\/v2\/comments?post=3105"}],"version-history":[{"count":5,"href":"https:\/\/innogando.com\/ca\/wp-json\/wp\/v2\/pages\/3105\/revisions"}],"predecessor-version":[{"id":4205,"href":"https:\/\/innogando.com\/ca\/wp-json\/wp\/v2\/pages\/3105\/revisions\/4205"}],"wp:attachment":[{"href":"https:\/\/innogando.com\/ca\/wp-json\/wp\/v2\/media?parent=3105"}],"curies":[{"name":"wp","href":"https:\/\/api.w.org\/{rel}","templated":true}]}}